{"id":3,"date":"2020-10-26T13:37:31","date_gmt":"2020-10-26T13:37:31","guid":{"rendered":"https:\/\/applion.hu\/?page_id=3"},"modified":"2022-10-04T10:33:42","modified_gmt":"2022-10-04T10:33:42","slug":"adatkezelesi-tajekoztato","status":"publish","type":"page","link":"https:\/\/applion.hu\/en\/adatkezelesi-tajekoztato\/","title":{"rendered":"Adatv\u00e9delmi t\u00e1j\u00e9koztat\u00f3"},"content":{"rendered":"<div data-elementor-type=\"wp-page\" data-elementor-id=\"3\" class=\"elementor elementor-3\" data-elementor-settings=\"[]\">\n\t\t\t\t\t\t<div class=\"elementor-inner\">\n\t\t\t\t\t\t\t<div class=\"elementor-section-wrap\">\n\t\t\t\t\t\t\t<section class=\"elementor-section elementor-top-section elementor-element elementor-element-eca2d62 elementor-section-boxed elementor-section-height-default elementor-section-height-default\" data-id=\"eca2d62\" data-element_type=\"section\">\n\t\t\t\t\t\t<div class=\"elementor-container elementor-column-gap-default\">\n\t\t\t\t\t\t\t<div class=\"elementor-row\">\n\t\t\t\t\t<div class=\"aux-parallax-section elementor-column elementor-col-100 elementor-top-column elementor-element elementor-element-13fa376\" data-id=\"13fa376\" data-element_type=\"column\">\n\t\t\t<div class=\"elementor-column-wrap elementor-element-populated\">\n\t\t\t\t\t\t\t<div class=\"elementor-widget-wrap\">\n\t\t\t\t\t\t<div class=\"elementor-element elementor-element-fc27317 elementor-widget elementor-widget-aux_image\" data-id=\"fc27317\" data-element_type=\"widget\" data-widget_type=\"aux_image.default\">\n\t\t\t\t<div class=\"elementor-widget-container\">\n\t\t\t<section class=\"widget-container aux-widget-image aux-alignnone aux-parent-aua3a9915f\" style=\"\" >\n    <div class=\"aux-media-hint-frame\">\n        <div class=\"aux-media-image\" >\n        \n            \n\n            \n            <img loading=\"lazy\" decoding=\"async\" width=\"1200\" height=\"520\" src=\"https:\/\/applion.hu\/wp-content\/uploads\/2022\/09\/businessman-working-laptop-protection-network-security-computer-safe-your-data-concept-digital-crime-by-anonymous-hacker-1-1.jpg\" class=\"aux-attachment aux-featured-image aux-attachment-id-4460\" alt=\"laptop security\" data-ratio=\"2.31\" data-original-w=\"1200\" \/>            \n                <\/div>\n    <\/div>\n\n<\/section><!-- widget-container -->\t\t<\/div>\n\t\t\t\t<\/div>\n\t\t\t\t<div class=\"elementor-element elementor-element-bf9b587 aux-appear-watch-animation aux-scale-up elementor-widget elementor-widget-aux_modern_heading\" data-id=\"bf9b587\" data-element_type=\"widget\" data-widget_type=\"aux_modern_heading.default\">\n\t\t\t\t<div class=\"elementor-widget-container\">\n\t\t\t<section class=\"aux-widget-modern-heading\">\n            <div class=\"aux-widget-inner\"><h5 class=\"aux-modern-heading-primary\">Adatv\u00e9delmi T\u00e1j\u00e9koztat\u00f3<\/h5><div class=\"aux-modern-heading-description\"><p>Weboldalaink megnyit\u00e1s\u00e1val \u00d6n az al\u00e1bbi nyilatkozatban foglaltakat tudom\u00e1sul veszi, \u00e9s elfogadja.<\/p><\/div><\/div>\n        <\/section>\t\t<\/div>\n\t\t\t\t<\/div>\n\t\t\t\t\t\t<\/div>\n\t\t\t\t\t<\/div>\n\t\t<\/div>\n\t\t\t\t\t\t\t\t<\/div>\n\t\t\t\t\t<\/div>\n\t\t<\/section>\n\t\t\t\t<section class=\"elementor-section elementor-top-section elementor-element elementor-element-1c39333 elementor-section-boxed elementor-section-height-default elementor-section-height-default\" data-id=\"1c39333\" data-element_type=\"section\">\n\t\t\t\t\t\t<div class=\"elementor-container elementor-column-gap-no\">\n\t\t\t\t\t\t\t<div class=\"elementor-row\">\n\t\t\t\t\t<div class=\"aux-parallax-section elementor-column elementor-col-100 elementor-top-column elementor-element elementor-element-bf9c8af\" data-id=\"bf9c8af\" data-element_type=\"column\">\n\t\t\t<div class=\"elementor-column-wrap elementor-element-populated\">\n\t\t\t\t\t\t\t<div class=\"elementor-widget-wrap\">\n\t\t\t\t\t\t<section class=\"elementor-section elementor-inner-section elementor-element elementor-element-94b5aef elementor-section-boxed elementor-section-height-default elementor-section-height-default\" data-id=\"94b5aef\" data-element_type=\"section\">\n\t\t\t\t\t\t<div class=\"elementor-container elementor-column-gap-default\">\n\t\t\t\t\t\t\t<div class=\"elementor-row\">\n\t\t\t\t\t<div class=\"aux-parallax-section elementor-column elementor-col-100 elementor-inner-column elementor-element elementor-element-be7dd7f\" data-id=\"be7dd7f\" data-element_type=\"column\">\n\t\t\t<div class=\"elementor-column-wrap elementor-element-populated\">\n\t\t\t\t\t\t\t<div class=\"elementor-widget-wrap\">\n\t\t\t\t\t\t<div class=\"elementor-element elementor-element-3cd9ee9 aux-appear-watch-animation aux-scale-up elementor-widget elementor-widget-aux_modern_heading\" data-id=\"3cd9ee9\" data-element_type=\"widget\" data-widget_type=\"aux_modern_heading.default\">\n\t\t\t\t<div class=\"elementor-widget-container\">\n\t\t\t<section class=\"aux-widget-modern-heading\">\n            <div class=\"aux-widget-inner\"><h2 class=\"aux-modern-heading-primary\">Cookie kezel\u00e9s<\/h2><div class=\"aux-modern-heading-description\"><p>Az Applion weboldalainak b\u00f6ng\u00e9sz\u00e9se k\u00f6zbeni felhaszn\u00e1l\u00f3i szok\u00e1sok elemz\u00e9se c\u00e9lj\u00e1b\u00f3l cookie-kat haszn\u00e1lunk, melyek az \u00d6n sz\u00e1m\u00edt\u00f3g\u00e9p\u00e9r\u0151l, mobileszk\u00f6z\u00e9r\u0151l adatok gy\u0171jt\u00e9s\u00e9t (pl. IP c\u00edm, l\u00e1togat\u00e1s id\u0151tartama) teszik lehet\u0151v\u00e9. A cookie-k nem tudj\u00e1k \u00d6nt szem\u00e9ly szerint beazonos\u00edtani. Weboldalunk b\u00f6ng\u00e9sz\u00e9se k\u00f6zben a cookie-kat l\u00e1togatotts\u00e1gi statisztik\u00e1k k\u00e9sz\u00edt\u00e9se \u00e9s az esetleges rosszindulat\u00fa informatikai m\u0171veletek beazonos\u00edt\u00e1sa c\u00e9lj\u00e1b\u00f3l rendszer\u00fcnk 5 \u00e9vig t\u00e1rolja.<\/p>\n<p>A b\u00f6ng\u00e9sz\u0151programok lehet\u0151v\u00e9 teszik a cookie-k tilt\u00e1s\u00e1t, enged\u00e9lyez\u00e9s\u00e9t, be\u00e1ll\u00edt\u00e1sok m\u00f3dos\u00edt\u00e1s\u00e1t.<\/p><\/div><\/div>\n        <\/section>\t\t<\/div>\n\t\t\t\t<\/div>\n\t\t\t\t<div class=\"elementor-element elementor-element-691cd1a aux-appear-watch-animation aux-scale-up elementor-widget elementor-widget-aux_modern_heading\" data-id=\"691cd1a\" data-element_type=\"widget\" data-widget_type=\"aux_modern_heading.default\">\n\t\t\t\t<div class=\"elementor-widget-container\">\n\t\t\t<section class=\"aux-widget-modern-heading\">\n            <div class=\"aux-widget-inner\"><h2 class=\"aux-modern-heading-primary\">Szem\u00e9lyes adatok kezel\u00e9se<\/h2><div class=\"aux-modern-heading-description\"><p>\u00d6n a hat\u00e1lyos jogszab\u00e1lyoknak megfelel\u0151en honlapunkon (pl. a Kapcsolat men\u00fcponton kereszt\u00fcl) megadhatja az Applion r\u00e9sz\u00e9re nev\u00e9t, e-mail c\u00edm\u00e9t, \u00e9s telefonsz\u00e1m\u00e1t, amennyiben ig\u00e9nyli, hogy t\u00e1j\u00e9koztat\u00f3 anyagokat k\u00fcldj\u00fcnk az \u00d6n r\u00e9sz\u00e9re elektronikus \u00faton, illet\u0151leg kapcsolatba l\u00e9pj\u00fcnk \u00d6nnel.<\/p>\n<p>\u00d6n adatai megad\u00e1s\u00e1val kifejezetten hozz\u00e1j\u00e1rul ahhoz, hogy megadott adatait az Applion a hozz\u00e1j\u00e1rul\u00e1s megad\u00e1s\u00e1t\u00f3l sz\u00e1m\u00edtott \u00f6t \u00e9vig, illetve a hozz\u00e1j\u00e1rul\u00e1s visszavon\u00e1s\u00e1ig nyilv\u00e1ntartsa \u00e9s kezelje. Az adatokat harmadik f\u00e9l r\u00e9sz\u00e9re nem adjuk \u00e1t.<\/p>\n<p>Az adatkezel\u00e9shez t\u00f6rt\u00e9n\u0151 hozz\u00e1j\u00e1rul\u00e1s\u00e1t b\u00e1rmikor, ingyenesen, korl\u00e1toz\u00e1s \u00e9s indokl\u00e1s n\u00e9lk\u00fcl visszavonhatja, a honlapon felt\u00fcntetett telefonsz\u00e1mokon, vagy e-mailen kereszt\u00fcl \u00e9s k\u00e9rheti a nyilv\u00e1ntartott adatainak t\u00f6rl\u00e9s\u00e9t.<\/p>\n<p>A fent megjel\u00f6lt el\u00e9rhet\u0151s\u00e9geken \u00d6n szem\u00e9lyes adatai kezel\u00e9s\u00e9r\u0151l b\u00e1rmikor jogosult t\u00e1j\u00e9koztat\u00e1st k\u00e9rni, illetve k\u00e9rheti szem\u00e9lyes adatai helyesb\u00edt\u00e9s\u00e9t vagy z\u00e1rol\u00e1s\u00e1t.<\/p>\n<p>Amennyiben jogszab\u00e1lyi k\u00f6telezetts\u00e9g nem tiltja, az Applion halad\u00e9ktalanul eleget tesz az \u00d6n k\u00e9r\u00e9s\u00e9nek. (Jogszab\u00e1ly szerint az Applion k\u00f6teles t\u00e1rolni \u00e9s kezelni a szem\u00e9lyes adatokat, p\u00e9ld\u00e1ul ha azok az Applionnal k\u00f6t\u00f6tt b\u00e1rmely szerz\u0151d\u00e9s teljes\u00edt\u00e9s\u00e9vel kapcsolatban sz\u00fcks\u00e9gesek.)<\/p><\/div><\/div>\n        <\/section>\t\t<\/div>\n\t\t\t\t<\/div>\n\t\t\t\t<div class=\"elementor-element elementor-element-601e6fb aux-appear-watch-animation aux-scale-up elementor-widget elementor-widget-aux_modern_heading\" data-id=\"601e6fb\" data-element_type=\"widget\" data-widget_type=\"aux_modern_heading.default\">\n\t\t\t\t<div class=\"elementor-widget-container\">\n\t\t\t<section class=\"aux-widget-modern-heading\">\n            <div class=\"aux-widget-inner\"><h2 class=\"aux-modern-heading-primary\">Szerz\u0151i jogok<\/h2><div class=\"aux-modern-heading-description\"><p>Az Applion weboldalain szerepl\u0151 minden tartalom (pl. grafik\u00e1k, log\u00f3k, t\u00e1j\u00e9koztat\u00f3 anyagok, egy\u00e9b let\u00f6lthet\u0151 dokumentumok stb.) szerz\u0151i jogi v\u00e9delem alatt \u00e1llnak. A tartalmak saj\u00e1t szem\u00e9lyes haszn\u00e1latot meghalad\u00f3, vagy att\u00f3l elt\u00e9r\u0151 c\u00e9l\u00fa b\u00e1rmilyen haszn\u00e1lata kiz\u00e1r\u00f3lag az Applion el\u0151zetes \u00edr\u00e1sbeli hozz\u00e1j\u00e1rul\u00e1s\u00e1val t\u00f6rt\u00e9nhet.<\/p><\/div><\/div>\n        <\/section>\t\t<\/div>\n\t\t\t\t<\/div>\n\t\t\t\t\t\t<\/div>\n\t\t\t\t\t<\/div>\n\t\t<\/div>\n\t\t\t\t\t\t\t\t<\/div>\n\t\t\t\t\t<\/div>\n\t\t<\/section>\n\t\t\t\t\t\t<\/div>\n\t\t\t\t\t<\/div>\n\t\t<\/div>\n\t\t\t\t\t\t\t\t<\/div>\n\t\t\t\t\t<\/div>\n\t\t<\/section>\n\t\t\t\t\t\t<\/div>\n\t\t\t\t\t\t<\/div>\n\t\t\t\t\t<\/div>","protected":false},"excerpt":{"rendered":"<p>Adatv\u00e9delmi T\u00e1j\u00e9koztat\u00f3 Weboldalaink megnyit\u00e1s\u00e1val \u00d6n az al\u00e1bbi nyilatkozatban foglaltakat tudom\u00e1sul veszi, \u00e9s elfogadja. Cookie kezel\u00e9s Az Applion weboldalainak b\u00f6ng\u00e9sz\u00e9se k\u00f6zbeni felhaszn\u00e1l\u00f3i szok\u00e1sok elemz\u00e9se c\u00e9lj\u00e1b\u00f3l cookie-kat haszn\u00e1lunk, melyek az \u00d6n sz\u00e1m\u00edt\u00f3g\u00e9p\u00e9r\u0151l, mobileszk\u00f6z\u00e9r\u0151l adatok gy\u0171jt\u00e9s\u00e9t (pl. IP c\u00edm, l\u00e1togat\u00e1s id\u0151tartama) teszik lehet\u0151v\u00e9. A cookie-k nem tudj\u00e1k \u00d6nt szem\u00e9ly szerint beazonos\u00edtani. Weboldalunk b\u00f6ng\u00e9sz\u00e9se k\u00f6zben a cookie-kat l\u00e1togatotts\u00e1gi statisztik\u00e1k [&hellip;]<\/p>","protected":false},"author":1,"featured_media":0,"parent":0,"menu_order":0,"comment_status":"closed","ping_status":"closed","template":"","meta":{"footnotes":""},"class_list":["post-3","page","type-page","status-publish","hentry"],"yoast_head":"<!-- This site is optimized with the Yoast SEO plugin v25.2 - https:\/\/yoast.com\/wordpress\/plugins\/seo\/ -->\n<title>Adatv\u00e9delmi t\u00e1j\u00e9koztat\u00f3 - Applion<\/title>\n<meta name=\"description\" content=\"Weboldalaink megnyit\u00e1s\u00e1val \u00d6n az al\u00e1bbi nyilatkozatban foglaltakat tudom\u00e1sul veszi, \u00e9s elfogadja.\" \/>\n<meta name=\"robots\" content=\"index, follow, max-snippet:-1, max-image-preview:large, max-video-preview:-1\" \/>\n<link rel=\"canonical\" href=\"https:\/\/applion.hu\/en\/adatkezelesi-tajekoztato\/\" \/>\n<meta property=\"og:locale\" content=\"en_GB\" \/>\n<meta property=\"og:type\" content=\"article\" \/>\n<meta property=\"og:title\" content=\"Adatv\u00e9delmi t\u00e1j\u00e9koztat\u00f3\" \/>\n<meta property=\"og:description\" content=\"Weboldalaink megnyit\u00e1s\u00e1val \u00d6n az al\u00e1bbi nyilatkozatban foglaltakat tudom\u00e1sul veszi, \u00e9s elfogadja.\" \/>\n<meta property=\"og:url\" content=\"https:\/\/applion.hu\/en\/adatkezelesi-tajekoztato\/\" \/>\n<meta property=\"og:site_name\" content=\"Applion\" \/>\n<meta property=\"article:publisher\" content=\"https:\/\/www.facebook.com\/TeamApplion\" \/>\n<meta property=\"article:modified_time\" content=\"2022-10-04T10:33:42+00:00\" \/>\n<meta property=\"og:image\" content=\"https:\/\/applion.hu\/wp-content\/uploads\/2022\/09\/businessman-working-laptop-protection-network-security-computer-safe-your-data-concept-digital-crime-by-anonymous-hacker-1-1.jpg\" \/>\n<meta name=\"twitter:card\" content=\"summary_large_image\" \/>\n<meta name=\"twitter:title\" content=\"Adatv\u00e9delmi t\u00e1j\u00e9koztat\u00f3\" \/>\n<meta name=\"twitter:description\" content=\"Weboldalaink megnyit\u00e1s\u00e1val \u00d6n az al\u00e1bbi nyilatkozatban foglaltakat tudom\u00e1sul veszi, \u00e9s elfogadja.\" \/>\n<meta name=\"twitter:label1\" content=\"Estimated reading time\" \/>\n\t<meta name=\"twitter:data1\" content=\"2 minutes\" \/>\n<script type=\"application\/ld+json\" class=\"yoast-schema-graph\">{\"@context\":\"https:\/\/schema.org\",\"@graph\":[{\"@type\":\"WebPage\",\"@id\":\"https:\/\/applion.hu\/adatkezelesi-tajekoztato\/\",\"url\":\"https:\/\/applion.hu\/adatkezelesi-tajekoztato\/\",\"name\":\"Adatv\u00e9delmi t\u00e1j\u00e9koztat\u00f3 - Applion\",\"isPartOf\":{\"@id\":\"https:\/\/applion.hu\/#website\"},\"primaryImageOfPage\":{\"@id\":\"https:\/\/applion.hu\/adatkezelesi-tajekoztato\/#primaryimage\"},\"image\":{\"@id\":\"https:\/\/applion.hu\/adatkezelesi-tajekoztato\/#primaryimage\"},\"thumbnailUrl\":\"https:\/\/applion.hu\/wp-content\/uploads\/2022\/09\/businessman-working-laptop-protection-network-security-computer-safe-your-data-concept-digital-crime-by-anonymous-hacker-1-1.jpg\",\"datePublished\":\"2020-10-26T13:37:31+00:00\",\"dateModified\":\"2022-10-04T10:33:42+00:00\",\"description\":\"Weboldalaink megnyit\u00e1s\u00e1val \u00d6n az al\u00e1bbi nyilatkozatban foglaltakat tudom\u00e1sul veszi, \u00e9s elfogadja.\",\"breadcrumb\":{\"@id\":\"https:\/\/applion.hu\/adatkezelesi-tajekoztato\/#breadcrumb\"},\"inLanguage\":\"en-GB\",\"potentialAction\":[{\"@type\":\"ReadAction\",\"target\":[\"https:\/\/applion.hu\/adatkezelesi-tajekoztato\/\"]}]},{\"@type\":\"ImageObject\",\"inLanguage\":\"en-GB\",\"@id\":\"https:\/\/applion.hu\/adatkezelesi-tajekoztato\/#primaryimage\",\"url\":\"https:\/\/applion.hu\/wp-content\/uploads\/2022\/09\/businessman-working-laptop-protection-network-security-computer-safe-your-data-concept-digital-crime-by-anonymous-hacker-1-1.jpg\",\"contentUrl\":\"https:\/\/applion.hu\/wp-content\/uploads\/2022\/09\/businessman-working-laptop-protection-network-security-computer-safe-your-data-concept-digital-crime-by-anonymous-hacker-1-1.jpg\"},{\"@type\":\"BreadcrumbList\",\"@id\":\"https:\/\/applion.hu\/adatkezelesi-tajekoztato\/#breadcrumb\",\"itemListElement\":[{\"@type\":\"ListItem\",\"position\":1,\"name\":\"Kezd\u0151lap\",\"item\":\"https:\/\/applion.hu\/\"},{\"@type\":\"ListItem\",\"position\":2,\"name\":\"Adatv\u00e9delmi t\u00e1j\u00e9koztat\u00f3\"}]},{\"@type\":\"WebSite\",\"@id\":\"https:\/\/applion.hu\/#website\",\"url\":\"https:\/\/applion.hu\/\",\"name\":\"Applion\",\"description\":\"Mobil megold\u00e1sok  21. sz\u00e1zadi v\u00e1llalatok sz\u00e1m\u00e1ra\",\"publisher\":{\"@id\":\"https:\/\/applion.hu\/#organization\"},\"potentialAction\":[{\"@type\":\"SearchAction\",\"target\":{\"@type\":\"EntryPoint\",\"urlTemplate\":\"https:\/\/applion.hu\/?s={search_term_string}\"},\"query-input\":{\"@type\":\"PropertyValueSpecification\",\"valueRequired\":true,\"valueName\":\"search_term_string\"}}],\"inLanguage\":\"en-GB\"},{\"@type\":\"Organization\",\"@id\":\"https:\/\/applion.hu\/#organization\",\"name\":\"Applion\",\"url\":\"https:\/\/applion.hu\/\",\"logo\":{\"@type\":\"ImageObject\",\"inLanguage\":\"en-GB\",\"@id\":\"https:\/\/applion.hu\/#\/schema\/logo\/image\/\",\"url\":\"https:\/\/applion.hu\/wp-content\/uploads\/2021\/11\/applion_logoo.svg\",\"contentUrl\":\"https:\/\/applion.hu\/wp-content\/uploads\/2021\/11\/applion_logoo.svg\",\"caption\":\"Applion\"},\"image\":{\"@id\":\"https:\/\/applion.hu\/#\/schema\/logo\/image\/\"},\"sameAs\":[\"https:\/\/www.facebook.com\/TeamApplion\",\"https:\/\/www.youtube.com\/channel\/UC6NN4K2DeEb42L7hu1DoOWQ\/featured\",\"https:\/\/www.linkedin.com\/company\/27241120\"]}]}<\/script>\n<!-- \/ Yoast SEO plugin. -->","yoast_head_json":{"title":"Adatv\u00e9delmi t\u00e1j\u00e9koztat\u00f3 - Applion","description":"Weboldalaink megnyit\u00e1s\u00e1val \u00d6n az al\u00e1bbi nyilatkozatban foglaltakat tudom\u00e1sul veszi, \u00e9s elfogadja.","robots":{"index":"index","follow":"follow","max-snippet":"max-snippet:-1","max-image-preview":"max-image-preview:large","max-video-preview":"max-video-preview:-1"},"canonical":"https:\/\/applion.hu\/en\/adatkezelesi-tajekoztato\/","og_locale":"en_GB","og_type":"article","og_title":"Adatv\u00e9delmi t\u00e1j\u00e9koztat\u00f3","og_description":"Weboldalaink megnyit\u00e1s\u00e1val \u00d6n az al\u00e1bbi nyilatkozatban foglaltakat tudom\u00e1sul veszi, \u00e9s elfogadja.","og_url":"https:\/\/applion.hu\/en\/adatkezelesi-tajekoztato\/","og_site_name":"Applion","article_publisher":"https:\/\/www.facebook.com\/TeamApplion","article_modified_time":"2022-10-04T10:33:42+00:00","og_image":[{"url":"https:\/\/applion.hu\/wp-content\/uploads\/2022\/09\/businessman-working-laptop-protection-network-security-computer-safe-your-data-concept-digital-crime-by-anonymous-hacker-1-1.jpg","type":"","width":"","height":""}],"twitter_card":"summary_large_image","twitter_title":"Adatv\u00e9delmi t\u00e1j\u00e9koztat\u00f3","twitter_description":"Weboldalaink megnyit\u00e1s\u00e1val \u00d6n az al\u00e1bbi nyilatkozatban foglaltakat tudom\u00e1sul veszi, \u00e9s elfogadja.","twitter_misc":{"Estimated reading time":"2 minutes"},"schema":{"@context":"https:\/\/schema.org","@graph":[{"@type":"WebPage","@id":"https:\/\/applion.hu\/adatkezelesi-tajekoztato\/","url":"https:\/\/applion.hu\/adatkezelesi-tajekoztato\/","name":"Adatv\u00e9delmi t\u00e1j\u00e9koztat\u00f3 - Applion","isPartOf":{"@id":"https:\/\/applion.hu\/#website"},"primaryImageOfPage":{"@id":"https:\/\/applion.hu\/adatkezelesi-tajekoztato\/#primaryimage"},"image":{"@id":"https:\/\/applion.hu\/adatkezelesi-tajekoztato\/#primaryimage"},"thumbnailUrl":"https:\/\/applion.hu\/wp-content\/uploads\/2022\/09\/businessman-working-laptop-protection-network-security-computer-safe-your-data-concept-digital-crime-by-anonymous-hacker-1-1.jpg","datePublished":"2020-10-26T13:37:31+00:00","dateModified":"2022-10-04T10:33:42+00:00","description":"Weboldalaink megnyit\u00e1s\u00e1val \u00d6n az al\u00e1bbi nyilatkozatban foglaltakat tudom\u00e1sul veszi, \u00e9s elfogadja.","breadcrumb":{"@id":"https:\/\/applion.hu\/adatkezelesi-tajekoztato\/#breadcrumb"},"inLanguage":"en-GB","potentialAction":[{"@type":"ReadAction","target":["https:\/\/applion.hu\/adatkezelesi-tajekoztato\/"]}]},{"@type":"ImageObject","inLanguage":"en-GB","@id":"https:\/\/applion.hu\/adatkezelesi-tajekoztato\/#primaryimage","url":"https:\/\/applion.hu\/wp-content\/uploads\/2022\/09\/businessman-working-laptop-protection-network-security-computer-safe-your-data-concept-digital-crime-by-anonymous-hacker-1-1.jpg","contentUrl":"https:\/\/applion.hu\/wp-content\/uploads\/2022\/09\/businessman-working-laptop-protection-network-security-computer-safe-your-data-concept-digital-crime-by-anonymous-hacker-1-1.jpg"},{"@type":"BreadcrumbList","@id":"https:\/\/applion.hu\/adatkezelesi-tajekoztato\/#breadcrumb","itemListElement":[{"@type":"ListItem","position":1,"name":"Kezd\u0151lap","item":"https:\/\/applion.hu\/"},{"@type":"ListItem","position":2,"name":"Adatv\u00e9delmi t\u00e1j\u00e9koztat\u00f3"}]},{"@type":"WebSite","@id":"https:\/\/applion.hu\/#website","url":"https:\/\/applion.hu\/","name":"Applion","description":"Mobil megold\u00e1sok  21. sz\u00e1zadi v\u00e1llalatok sz\u00e1m\u00e1ra","publisher":{"@id":"https:\/\/applion.hu\/#organization"},"potentialAction":[{"@type":"SearchAction","target":{"@type":"EntryPoint","urlTemplate":"https:\/\/applion.hu\/?s={search_term_string}"},"query-input":{"@type":"PropertyValueSpecification","valueRequired":true,"valueName":"search_term_string"}}],"inLanguage":"en-GB"},{"@type":"Organization","@id":"https:\/\/applion.hu\/#organization","name":"Applion","url":"https:\/\/applion.hu\/","logo":{"@type":"ImageObject","inLanguage":"en-GB","@id":"https:\/\/applion.hu\/#\/schema\/logo\/image\/","url":"https:\/\/applion.hu\/wp-content\/uploads\/2021\/11\/applion_logoo.svg","contentUrl":"https:\/\/applion.hu\/wp-content\/uploads\/2021\/11\/applion_logoo.svg","caption":"Applion"},"image":{"@id":"https:\/\/applion.hu\/#\/schema\/logo\/image\/"},"sameAs":["https:\/\/www.facebook.com\/TeamApplion","https:\/\/www.youtube.com\/channel\/UC6NN4K2DeEb42L7hu1DoOWQ\/featured","https:\/\/www.linkedin.com\/company\/27241120"]}]}},"_links":{"self":[{"href":"https:\/\/applion.hu\/en\/wp-json\/wp\/v2\/pages\/3","targetHints":{"allow":["GET"]}}],"collection":[{"href":"https:\/\/applion.hu\/en\/wp-json\/wp\/v2\/pages"}],"about":[{"href":"https:\/\/applion.hu\/en\/wp-json\/wp\/v2\/types\/page"}],"author":[{"embeddable":true,"href":"https:\/\/applion.hu\/en\/wp-json\/wp\/v2\/users\/1"}],"replies":[{"embeddable":true,"href":"https:\/\/applion.hu\/en\/wp-json\/wp\/v2\/comments?post=3"}],"version-history":[{"count":39,"href":"https:\/\/applion.hu\/en\/wp-json\/wp\/v2\/pages\/3\/revisions"}],"predecessor-version":[{"id":4716,"href":"https:\/\/applion.hu\/en\/wp-json\/wp\/v2\/pages\/3\/revisions\/4716"}],"wp:attachment":[{"href":"https:\/\/applion.hu\/en\/wp-json\/wp\/v2\/media?parent=3"}],"curies":[{"name":"wp","href":"https:\/\/api.w.org\/{rel}","templated":true}]}}