{"id":3957,"date":"2022-08-03T10:36:27","date_gmt":"2022-08-03T10:36:27","guid":{"rendered":"https:\/\/wp3.applion.hu\/?page_id=3957"},"modified":"2022-10-05T07:53:15","modified_gmt":"2022-10-05T07:53:15","slug":"job-application","status":"publish","type":"page","link":"https:\/\/applion.hu\/en\/job-application\/","title":{"rendered":"Pozi jelentkez\u00e9s"},"content":{"rendered":"<div data-elementor-type=\"wp-page\" data-elementor-id=\"3957\" class=\"elementor elementor-3957\" data-elementor-settings=\"[]\">\n\t\t\t\t\t\t<div class=\"elementor-inner\">\n\t\t\t\t\t\t\t<div class=\"elementor-section-wrap\">\n\t\t\t\t\t\t\t<section class=\"elementor-section elementor-top-section elementor-element elementor-element-4b7de47d elementor-section-boxed elementor-section-height-default elementor-section-height-default\" data-id=\"4b7de47d\" data-element_type=\"section\">\n\t\t\t\t\t\t<div class=\"elementor-container elementor-column-gap-no\">\n\t\t\t\t\t\t\t<div class=\"elementor-row\">\n\t\t\t\t\t<div class=\"aux-parallax-section elementor-column elementor-col-50 elementor-top-column elementor-element elementor-element-37abf8ed\" data-id=\"37abf8ed\" data-element_type=\"column\">\n\t\t\t<div class=\"elementor-column-wrap elementor-element-populated\">\n\t\t\t\t\t\t\t<div class=\"elementor-widget-wrap\">\n\t\t\t\t\t\t<div class=\"elementor-element elementor-element-0abcfad aux-appear-watch-animation aux-scale-up elementor-widget elementor-widget-aux_modern_heading\" data-id=\"0abcfad\" data-element_type=\"widget\" data-widget_type=\"aux_modern_heading.default\">\n\t\t\t\t<div class=\"elementor-widget-container\">\n\t\t\t<section class=\"aux-widget-modern-heading\">\n            <div class=\"aux-widget-inner\"><h5 class=\"aux-modern-heading-primary\">Apply for one of our open positions<\/h5><h3 class=\"aux-modern-heading-secondary\"><span class=\"aux-head-highlight\">Enter your details and upload your CV<\/span><\/h3><\/div>\n        <\/section>\t\t<\/div>\n\t\t\t\t<\/div>\n\t\t\t\t<div class=\"elementor-element elementor-element-7769b50b aux-appear-watch-animation aux-fade-in-right-1 elementor-widget elementor-widget-aux_contact_form\" data-id=\"7769b50b\" data-element_type=\"widget\" data-widget_type=\"aux_contact_form.default\">\n\t\t\t\t<div class=\"elementor-widget-container\">\n\t\t\t<section class=\"widget-container aux-widget-contact-form aux-parent-au239d29df\" style=\"\" >            <div class=\"aux-col-wrapper aux-no-gutter\">\n            <!-- @TODO - The output for element here -->\n\n            <div class=\"forminator-ui forminator-custom-form forminator-custom-form-3091 forminator-design--flat forminator-enclosed forminator_ajax\" data-forminator-render=\"0\" data-form=\"forminator-module-3091\" data-uid=\"69dea9f1a72f3\"><br\/><\/div><form\n\t\t\t\tid=\"forminator-module-3091\"\n\t\t\t\tclass=\"forminator-ui forminator-custom-form forminator-custom-form-3091 forminator-design--flat forminator-enclosed forminator_ajax\"\n\t\t\t\tmethod=\"post\"\n\t\t\t\tdata-forminator-render=\"0\"\n\t\t\t\tdata-form-id=\"3091\"\n\t\t\t\t\n\t\t\t\tdata-design=\"flat\"\n\t\t\t\t\n\t\t\t\t\n\t\t\t\t\n\t\t\t\tdata-grid=\"enclosed\"\n\t\t\t\tenctype=\"multipart\/form-data\"\n\t\t\t\t\n\t\t\t\tstyle=\"display: none;\"\n\t\t\t\t\n\t\t\t\tdata-uid=\"69dea9f1a72f3\" action=\"\"\n\t\t\t><div role=\"alert\" aria-live=\"polite\" class=\"forminator-response-message forminator-error\" aria-hidden=\"true\"><\/div><div class=\"forminator-row\"><div id=\"name-2\" class=\"forminator-field-name forminator-col forminator-col-6\"><div class=\"forminator-field\"><label for=\"forminator-field-name-2_69dea9f1a72f3\" id=\"forminator-field-name-2_69dea9f1a72f3-label\" class=\"forminator-label\">Last name <span class=\"forminator-required\">*<\/span><\/label><input type=\"text\" name=\"name-2\" value=\"\" placeholder=\"Last name\" id=\"forminator-field-name-2_69dea9f1a72f3\" class=\"forminator-input forminator-name--field\" aria-required=\"true\" \/><\/div><\/div><div id=\"name-1\" class=\"forminator-field-name forminator-col forminator-col-6\"><div class=\"forminator-field\"><label for=\"forminator-field-name-1_69dea9f1a72f3\" id=\"forminator-field-name-1_69dea9f1a72f3-label\" class=\"forminator-label\">First name <span class=\"forminator-required\">*<\/span><\/label><input type=\"text\" name=\"name-1\" value=\"\" placeholder=\"First name\" id=\"forminator-field-name-1_69dea9f1a72f3\" class=\"forminator-input forminator-name--field\" aria-required=\"true\" \/><\/div><\/div><\/div><div class=\"forminator-row\"><div id=\"email-1\" class=\"forminator-field-email forminator-col forminator-col-12\"><div class=\"forminator-field\"><label for=\"forminator-field-email-1_69dea9f1a72f3\" id=\"forminator-field-email-1_69dea9f1a72f3-label\" class=\"forminator-label\">Email address <span class=\"forminator-required\">*<\/span><\/label><input type=\"email\" name=\"email-1\" value=\"\" placeholder=\"Email address\" id=\"forminator-field-email-1_69dea9f1a72f3\" class=\"forminator-input forminator-email--field\" data-required=\"1\" aria-required=\"true\" \/><\/div><\/div><\/div><div class=\"forminator-row\"><div id=\"select-1\" class=\"forminator-field-select forminator-col forminator-col-12\"><div class=\"forminator-field\"><label for=\"forminator-form-3091__field--select-1_69dea9f1a72f3\" id=\"forminator-form-3091__field--select-1_69dea9f1a72f3-label\" class=\"forminator-label\">Position <span class=\"forminator-required\">*<\/span><\/label><select  id=\"forminator-form-3091__field--select-1_69dea9f1a72f3\" class=\"forminator-select--field forminator-select2 forminator-select2-multiple\" data-required=\"1\" name=\"select-1\" data-default-value=\"\" data-placeholder=\"K\u00e9rlek v\u00e1lassz\" data-search=\"false\" data-search-placeholder=\"K\u00e9rlek v\u00e1lassz\" data-checkbox=\"false\" data-allow-clear=\"false\" aria-labelledby=\"forminator-form-3091__field--select-1_69dea9f1a72f3-label\"><option value=\"\"  >Please select<\/option><option value=\"iOS-Fejleszt\u0151\"  data-calculation=\"0\">iOS Developer<\/option><option value=\"Frontend-Fejleszt\u0151\"  data-calculation=\"0\">Frontend Developer<\/option><option value=\"Android---Java-Fejleszt\u0151\"  data-calculation=\"0\">Android \/ Java Developer<\/option><option value=\"Full-Stack-Fejleszt\u0151\"  data-calculation=\"0\">Full Stack Developer<\/option><option value=\"Sales-&amp;-Marketing-Asszisztens\"  data-calculation=\"0\">Sales &amp; Marketing Assistant<\/option><option value=\"Term\u00e9kmenedzser\"  data-calculation=\"0\">Product Manager<\/option><\/select><\/div><\/div><\/div><div class=\"forminator-row\"><div id=\"upload-1\" class=\"forminator-field-upload forminator-col forminator-col-12\"><div class=\"forminator-field\"><label for=\"forminator-field-upload-1_69dea9f1a72f3\" id=\"forminator-field-upload-1_69dea9f1a72f3-label\" class=\"forminator-label\">Upload your CV <span class=\"forminator-required\">*<\/span><\/label><div class=\"forminator-file-upload\" data-element=\"upload-1_69dea9f1a72f3\"><input type=\"file\" name=\"upload-1\" id=\"forminator-field-upload-1_69dea9f1a72f3\" class=\"forminator-input-file-required do-validate\" accept=\".json,.pdf\"><button id=\"forminator-field-upload-1_69dea9f1a72f3_button\" class=\"forminator-button forminator-button-upload\" data-id=\"forminator-field-upload-1_69dea9f1a72f3\">Choose File<\/button><span data-empty-text=\"No file chosen\">No file chosen<\/span><button class=\"forminator-button-delete\" style=\"display: none;\"><i class=\"forminator-icon-close\" aria-hidden=\"true\"><\/i><span class=\"forminator-screen-reader-only\">Delete uploaded file<\/span><\/button><\/div><\/div><\/div><\/div><input type=\"hidden\" name=\"referer_url\" value=\"\" \/><div class=\"forminator-row forminator-row-last\"><div class=\"forminator-col\"><div class=\"forminator-field\"><button class=\"forminator-button forminator-button-submit\">Submit application<\/button><\/div><\/div><\/div><input type=\"hidden\" id=\"forminator_nonce\" name=\"forminator_nonce\" value=\"3c4c05c6ea\" \/><input type=\"hidden\" name=\"_wp_http_referer\" value=\"\/en\/wp-json\/wp\/v2\/pages\/3957\" \/><input type=\"hidden\" name=\"form_id\" value=\"3091\"><input type=\"hidden\" name=\"page_id\" value=\"3957\"><input type=\"hidden\" name=\"form_type\" value=\"default\"><input type=\"hidden\" name=\"current_url\" value=\"https:\/\/applion.hu\/en\/job-application\/\"><input type=\"hidden\" name=\"render_id\" value=\"0\"><input type=\"hidden\" name=\"action\" value=\"forminator_submit_form_custom-forms\"><input type=\"hidden\" name=\"trp-form-language\" value=\"en\"\/><\/form>\n\n            <\/div><!-- aux-col-wrapper -->\n    <\/section><!-- widget-container -->\t\t<\/div>\n\t\t\t\t<\/div>\n\t\t\t\t\t\t<\/div>\n\t\t\t\t\t<\/div>\n\t\t<\/div>\n\t\t\t\t<div class=\"aux-parallax-section elementor-column elementor-col-50 elementor-top-column elementor-element elementor-element-550d06b0 aux-appear-watch-animation aux-fade-in-left-1 elementor-hidden-phone\" data-id=\"550d06b0\" data-element_type=\"column\" data-settings=\"{&quot;background_background&quot;:&quot;gradient&quot;}\">\n\t\t\t<div class=\"elementor-column-wrap elementor-element-populated\">\n\t\t\t\t\t\t\t<div class=\"elementor-widget-wrap\">\n\t\t\t\t\t\t<div class=\"elementor-element elementor-element-9675c23 aux-appear-watch-animation aux-scale-up elementor-widget elementor-widget-aux_modern_heading\" data-id=\"9675c23\" data-element_type=\"widget\" data-widget_type=\"aux_modern_heading.default\">\n\t\t\t\t<div class=\"elementor-widget-container\">\n\t\t\t<section class=\"aux-widget-modern-heading\">\n            <div class=\"aux-widget-inner\"><h5 class=\"aux-modern-heading-primary\">You are only a few steps away from sending your application.<\/h5><\/div>\n        <\/section>\t\t<\/div>\n\t\t\t\t<\/div>\n\t\t\t\t<section class=\"elementor-section elementor-inner-section elementor-element elementor-element-90f91a0 aux-appear-watch-animation aux-fade-in-up-1 elementor-hidden-desktop elementor-hidden-tablet elementor-hidden-phone elementor-section-boxed elementor-section-height-default elementor-section-height-default\" data-id=\"90f91a0\" data-element_type=\"section\">\n\t\t\t\t\t\t<div class=\"elementor-container elementor-column-gap-default\">\n\t\t\t\t\t\t\t<div class=\"elementor-row\">\n\t\t\t\t\t<div class=\"aux-parallax-section elementor-column elementor-col-100 elementor-inner-column elementor-element elementor-element-eeea551\" data-id=\"eeea551\" data-element_type=\"column\">\n\t\t\t<div class=\"elementor-column-wrap elementor-element-populated\">\n\t\t\t\t\t\t\t<div class=\"elementor-widget-wrap\">\n\t\t\t\t\t\t<div class=\"elementor-element elementor-element-f4a0581 elementor-widget__width-auto elementor-widget elementor-widget-aux_modern_button\" data-id=\"f4a0581\" data-element_type=\"widget\" data-widget_type=\"aux_modern_button.default\">\n\t\t\t\t<div class=\"elementor-widget-container\">\n\t\t\t    <div class=\"aux-modern-button-wrapper aux-modern-button-align-left\" >\n                    <a class=\"aux-modern-button aux-black aux-modern-button-md aux-modern-button-normal aux-modern-button-default aux-icon-\" href=\"https:\/\/meetings.hubspot.com\/david-balazs\">\n                <div class=\"aux-overlay\"><\/div>\n                                    <div class=\"aux-icon\">\n                                            <\/div>\n                                <div class=\"aux-text\">\n<span class=\"aux-text-before\">Id\u0151pontot foglalok<\/span>                <\/div>\n            <\/a>\n            \n    <\/div>\n\n    \t\t<\/div>\n\t\t\t\t<\/div>\n\t\t\t\t\t\t<\/div>\n\t\t\t\t\t<\/div>\n\t\t<\/div>\n\t\t\t\t\t\t\t\t<\/div>\n\t\t\t\t\t<\/div>\n\t\t<\/section>\n\t\t\t\t\t\t<\/div>\n\t\t\t\t\t<\/div>\n\t\t<\/div>\n\t\t\t\t\t\t\t\t<\/div>\n\t\t\t\t\t<\/div>\n\t\t<\/section>\n\t\t\t\t\t\t<\/div>\n\t\t\t\t\t\t<\/div>\n\t\t\t\t\t<\/div>","protected":false},"excerpt":{"rendered":"<p>Jelentkezz nyitott poz\u00edci\u00f3nk egyik\u00e9re Add meg adataidat \u00e9s t\u00f6ltsd fel \u00f6n\u00e9letrajzodat M\u00e1r csak p\u00e1r l\u00e9p\u00e9s v\u00e1laszt el att\u00f3l, hogy elk\u00fcldd a jelentkez\u00e9sedet. Id\u0151pontot foglalok<\/p>","protected":false},"author":2,"featured_media":0,"parent":0,"menu_order":0,"comment_status":"closed","ping_status":"closed","template":"","meta":{"footnotes":""},"class_list":["post-3957","page","type-page","status-publish","hentry"],"yoast_head":"<!-- This site is optimized with the Yoast SEO plugin v25.2 - https:\/\/yoast.com\/wordpress\/plugins\/seo\/ -->\n<title>Jelentkez\u00e9s nyitott poz\u00edci\u00f3ra - Applion<\/title>\n<meta name=\"description\" content=\"Jelentkezz nyitott poz\u00edci\u00f3nk egyik\u00e9re\" \/>\n<meta name=\"robots\" content=\"index, follow, max-snippet:-1, max-image-preview:large, max-video-preview:-1\" \/>\n<link rel=\"canonical\" href=\"https:\/\/applion.hu\/en\/job-application\/\" \/>\n<meta property=\"og:locale\" content=\"en_GB\" \/>\n<meta property=\"og:type\" content=\"article\" \/>\n<meta property=\"og:title\" content=\"Jelentkez\u00e9s nyitott poz\u00edci\u00f3ra\" \/>\n<meta property=\"og:description\" content=\"Jelentkezz nyitott poz\u00edci\u00f3nk egyik\u00e9re\" \/>\n<meta property=\"og:url\" content=\"https:\/\/applion.hu\/en\/job-application\/\" \/>\n<meta property=\"og:site_name\" content=\"Applion\" \/>\n<meta property=\"article:publisher\" content=\"https:\/\/www.facebook.com\/TeamApplion\" \/>\n<meta property=\"article:modified_time\" content=\"2022-10-05T07:53:15+00:00\" \/>\n<meta name=\"twitter:card\" content=\"summary_large_image\" \/>\n<meta name=\"twitter:title\" content=\"Jelentkez\u00e9s nyitott poz\u00edci\u00f3ra\" \/>\n<meta name=\"twitter:description\" content=\"Jelentkezz nyitott poz\u00edci\u00f3nk egyik\u00e9re\" \/>\n<meta name=\"twitter:label1\" content=\"Estimated reading time\" \/>\n\t<meta name=\"twitter:data1\" content=\"1 minute\" \/>\n<script type=\"application\/ld+json\" class=\"yoast-schema-graph\">{\"@context\":\"https:\/\/schema.org\",\"@graph\":[{\"@type\":\"WebPage\",\"@id\":\"https:\/\/applion.hu\/job-application\/\",\"url\":\"https:\/\/applion.hu\/job-application\/\",\"name\":\"Jelentkez\u00e9s nyitott poz\u00edci\u00f3ra - Applion\",\"isPartOf\":{\"@id\":\"https:\/\/applion.hu\/#website\"},\"datePublished\":\"2022-08-03T10:36:27+00:00\",\"dateModified\":\"2022-10-05T07:53:15+00:00\",\"description\":\"Jelentkezz nyitott poz\u00edci\u00f3nk egyik\u00e9re\",\"breadcrumb\":{\"@id\":\"https:\/\/applion.hu\/job-application\/#breadcrumb\"},\"inLanguage\":\"en-GB\",\"potentialAction\":[{\"@type\":\"ReadAction\",\"target\":[\"https:\/\/applion.hu\/job-application\/\"]}]},{\"@type\":\"BreadcrumbList\",\"@id\":\"https:\/\/applion.hu\/job-application\/#breadcrumb\",\"itemListElement\":[{\"@type\":\"ListItem\",\"position\":1,\"name\":\"Kezd\u0151lap\",\"item\":\"https:\/\/applion.hu\/\"},{\"@type\":\"ListItem\",\"position\":2,\"name\":\"Pozi jelentkez\u00e9s\"}]},{\"@type\":\"WebSite\",\"@id\":\"https:\/\/applion.hu\/#website\",\"url\":\"https:\/\/applion.hu\/\",\"name\":\"Applion\",\"description\":\"Mobil megold\u00e1sok  21. sz\u00e1zadi v\u00e1llalatok sz\u00e1m\u00e1ra\",\"publisher\":{\"@id\":\"https:\/\/applion.hu\/#organization\"},\"potentialAction\":[{\"@type\":\"SearchAction\",\"target\":{\"@type\":\"EntryPoint\",\"urlTemplate\":\"https:\/\/applion.hu\/?s={search_term_string}\"},\"query-input\":{\"@type\":\"PropertyValueSpecification\",\"valueRequired\":true,\"valueName\":\"search_term_string\"}}],\"inLanguage\":\"en-GB\"},{\"@type\":\"Organization\",\"@id\":\"https:\/\/applion.hu\/#organization\",\"name\":\"Applion\",\"url\":\"https:\/\/applion.hu\/\",\"logo\":{\"@type\":\"ImageObject\",\"inLanguage\":\"en-GB\",\"@id\":\"https:\/\/applion.hu\/#\/schema\/logo\/image\/\",\"url\":\"https:\/\/applion.hu\/wp-content\/uploads\/2021\/11\/applion_logoo.svg\",\"contentUrl\":\"https:\/\/applion.hu\/wp-content\/uploads\/2021\/11\/applion_logoo.svg\",\"caption\":\"Applion\"},\"image\":{\"@id\":\"https:\/\/applion.hu\/#\/schema\/logo\/image\/\"},\"sameAs\":[\"https:\/\/www.facebook.com\/TeamApplion\",\"https:\/\/www.youtube.com\/channel\/UC6NN4K2DeEb42L7hu1DoOWQ\/featured\",\"https:\/\/www.linkedin.com\/company\/27241120\"]}]}<\/script>\n<!-- \/ Yoast SEO plugin. -->","yoast_head_json":{"title":"Jelentkez\u00e9s nyitott poz\u00edci\u00f3ra - Applion","description":"Jelentkezz nyitott poz\u00edci\u00f3nk egyik\u00e9re","robots":{"index":"index","follow":"follow","max-snippet":"max-snippet:-1","max-image-preview":"max-image-preview:large","max-video-preview":"max-video-preview:-1"},"canonical":"https:\/\/applion.hu\/en\/job-application\/","og_locale":"en_GB","og_type":"article","og_title":"Jelentkez\u00e9s nyitott poz\u00edci\u00f3ra","og_description":"Jelentkezz nyitott poz\u00edci\u00f3nk egyik\u00e9re","og_url":"https:\/\/applion.hu\/en\/job-application\/","og_site_name":"Applion","article_publisher":"https:\/\/www.facebook.com\/TeamApplion","article_modified_time":"2022-10-05T07:53:15+00:00","twitter_card":"summary_large_image","twitter_title":"Jelentkez\u00e9s nyitott poz\u00edci\u00f3ra","twitter_description":"Jelentkezz nyitott poz\u00edci\u00f3nk egyik\u00e9re","twitter_misc":{"Estimated reading time":"1 minute"},"schema":{"@context":"https:\/\/schema.org","@graph":[{"@type":"WebPage","@id":"https:\/\/applion.hu\/job-application\/","url":"https:\/\/applion.hu\/job-application\/","name":"Jelentkez\u00e9s nyitott poz\u00edci\u00f3ra - Applion","isPartOf":{"@id":"https:\/\/applion.hu\/#website"},"datePublished":"2022-08-03T10:36:27+00:00","dateModified":"2022-10-05T07:53:15+00:00","description":"Jelentkezz nyitott poz\u00edci\u00f3nk egyik\u00e9re","breadcrumb":{"@id":"https:\/\/applion.hu\/job-application\/#breadcrumb"},"inLanguage":"en-GB","potentialAction":[{"@type":"ReadAction","target":["https:\/\/applion.hu\/job-application\/"]}]},{"@type":"BreadcrumbList","@id":"https:\/\/applion.hu\/job-application\/#breadcrumb","itemListElement":[{"@type":"ListItem","position":1,"name":"Kezd\u0151lap","item":"https:\/\/applion.hu\/"},{"@type":"ListItem","position":2,"name":"Pozi jelentkez\u00e9s"}]},{"@type":"WebSite","@id":"https:\/\/applion.hu\/#website","url":"https:\/\/applion.hu\/","name":"Applion","description":"Mobil megold\u00e1sok  21. sz\u00e1zadi v\u00e1llalatok sz\u00e1m\u00e1ra","publisher":{"@id":"https:\/\/applion.hu\/#organization"},"potentialAction":[{"@type":"SearchAction","target":{"@type":"EntryPoint","urlTemplate":"https:\/\/applion.hu\/?s={search_term_string}"},"query-input":{"@type":"PropertyValueSpecification","valueRequired":true,"valueName":"search_term_string"}}],"inLanguage":"en-GB"},{"@type":"Organization","@id":"https:\/\/applion.hu\/#organization","name":"Applion","url":"https:\/\/applion.hu\/","logo":{"@type":"ImageObject","inLanguage":"en-GB","@id":"https:\/\/applion.hu\/#\/schema\/logo\/image\/","url":"https:\/\/applion.hu\/wp-content\/uploads\/2021\/11\/applion_logoo.svg","contentUrl":"https:\/\/applion.hu\/wp-content\/uploads\/2021\/11\/applion_logoo.svg","caption":"Applion"},"image":{"@id":"https:\/\/applion.hu\/#\/schema\/logo\/image\/"},"sameAs":["https:\/\/www.facebook.com\/TeamApplion","https:\/\/www.youtube.com\/channel\/UC6NN4K2DeEb42L7hu1DoOWQ\/featured","https:\/\/www.linkedin.com\/company\/27241120"]}]}},"_links":{"self":[{"href":"https:\/\/applion.hu\/en\/wp-json\/wp\/v2\/pages\/3957","targetHints":{"allow":["GET"]}}],"collection":[{"href":"https:\/\/applion.hu\/en\/wp-json\/wp\/v2\/pages"}],"about":[{"href":"https:\/\/applion.hu\/en\/wp-json\/wp\/v2\/types\/page"}],"author":[{"embeddable":true,"href":"https:\/\/applion.hu\/en\/wp-json\/wp\/v2\/users\/2"}],"replies":[{"embeddable":true,"href":"https:\/\/applion.hu\/en\/wp-json\/wp\/v2\/comments?post=3957"}],"version-history":[{"count":51,"href":"https:\/\/applion.hu\/en\/wp-json\/wp\/v2\/pages\/3957\/revisions"}],"predecessor-version":[{"id":4721,"href":"https:\/\/applion.hu\/en\/wp-json\/wp\/v2\/pages\/3957\/revisions\/4721"}],"wp:attachment":[{"href":"https:\/\/applion.hu\/en\/wp-json\/wp\/v2\/media?parent=3957"}],"curies":[{"name":"wp","href":"https:\/\/api.w.org\/{rel}","templated":true}]}}