{"id":447,"date":"2020-01-25T08:55:32","date_gmt":"2020-01-25T08:55:32","guid":{"rendered":"https:\/\/wp3.applion.hu\/?page_id=447"},"modified":"2023-11-06T11:02:32","modified_gmt":"2023-11-06T11:02:32","slug":"contact","status":"publish","type":"page","link":"https:\/\/applion.hu\/en\/contact\/","title":{"rendered":"Contact"},"content":{"rendered":"<div data-elementor-type=\"wp-page\" data-elementor-id=\"447\" class=\"elementor elementor-447\" data-elementor-settings=\"[]\">\n\t\t\t\t\t\t<div class=\"elementor-inner\">\n\t\t\t\t\t\t\t<div class=\"elementor-section-wrap\">\n\t\t\t\t\t\t\t<section class=\"elementor-section elementor-top-section elementor-element elementor-element-4b7de47d elementor-section-boxed elementor-section-height-default elementor-section-height-default\" data-id=\"4b7de47d\" data-element_type=\"section\">\n\t\t\t\t\t\t<div class=\"elementor-container elementor-column-gap-no\">\n\t\t\t\t\t\t\t<div class=\"elementor-row\">\n\t\t\t\t\t<div class=\"aux-parallax-section elementor-column elementor-col-50 elementor-top-column elementor-element elementor-element-37abf8ed\" data-id=\"37abf8ed\" data-element_type=\"column\">\n\t\t\t<div class=\"elementor-column-wrap elementor-element-populated\">\n\t\t\t\t\t\t\t<div class=\"elementor-widget-wrap\">\n\t\t\t\t\t\t<div class=\"elementor-element elementor-element-0abcfad aux-appear-watch-animation aux-scale-up elementor-widget elementor-widget-aux_modern_heading\" data-id=\"0abcfad\" data-element_type=\"widget\" data-widget_type=\"aux_modern_heading.default\">\n\t\t\t\t<div class=\"elementor-widget-container\">\n\t\t\t<section class=\"aux-widget-modern-heading\">\n            <div class=\"aux-widget-inner\"><p class=\"aux-modern-heading-primary\">Send us a message<\/p><h1 class=\"aux-modern-heading-secondary\"><span class=\"aux-head-highlight\">Share your idea with us and we will make it happen<\/span><\/h1><div class=\"aux-modern-heading-description\"><p><span style=\"font-weight: 400;\">Our trained team will be with you from design to implementation so that you get the software you really need.<\/span><\/p><\/div><\/div>\n        <\/section>\t\t<\/div>\n\t\t\t\t<\/div>\n\t\t\t\t<div class=\"elementor-element elementor-element-7769b50b aux-appear-watch-animation aux-fade-in-right-1 elementor-widget elementor-widget-aux_contact_form\" data-id=\"7769b50b\" data-element_type=\"widget\" id=\"forminator-module-2532\" data-widget_type=\"aux_contact_form.default\">\n\t\t\t\t<div class=\"elementor-widget-container\">\n\t\t\t<section class=\"widget-container aux-widget-contact-form aux-parent-au61bb038d\" style=\"\" >            <div class=\"aux-col-wrapper aux-no-gutter\">\n            <!-- @TODO - The output for element here -->\n\n            <div class=\"forminator-ui forminator-custom-form forminator-custom-form-2532 forminator-design--flat forminator-enclosed forminator_ajax\" data-forminator-render=\"0\" data-form=\"forminator-module-2532\" data-uid=\"69ebb99f2d575\"><br\/><\/div><form\n\t\t\t\tid=\"forminator-module-2532\"\n\t\t\t\tclass=\"forminator-ui forminator-custom-form forminator-custom-form-2532 forminator-design--flat forminator-enclosed forminator_ajax\"\n\t\t\t\tmethod=\"post\"\n\t\t\t\tdata-forminator-render=\"0\"\n\t\t\t\tdata-form-id=\"2532\"\n\t\t\t\t\n\t\t\t\tdata-design=\"flat\"\n\t\t\t\t\n\t\t\t\t\n\t\t\t\t\n\t\t\t\tdata-grid=\"enclosed\"\n\t\t\t\t\n\t\t\t\t\n\t\t\t\tstyle=\"display: none;\"\n\t\t\t\t\n\t\t\t\tdata-uid=\"69ebb99f2d575\" action=\"\"\n\t\t\t><div role=\"alert\" aria-live=\"polite\" class=\"forminator-response-message forminator-error\" aria-hidden=\"true\"><\/div><div class=\"forminator-row\"><div id=\"name-2\" class=\"forminator-field-name forminator-col forminator-col-6\"><div class=\"forminator-field\"><label for=\"forminator-field-name-2_69ebb99f2d575\" id=\"forminator-field-name-2_69ebb99f2d575-label\" class=\"forminator-label\">Last name <span class=\"forminator-required\">*<\/span><\/label><input type=\"text\" name=\"name-2\" value=\"\" placeholder=\"Last name\" id=\"forminator-field-name-2_69ebb99f2d575\" class=\"forminator-input forminator-name--field\" aria-required=\"true\" \/><\/div><\/div><div id=\"name-1\" class=\"forminator-field-name forminator-col forminator-col-6\"><div class=\"forminator-field\"><label for=\"forminator-field-name-1_69ebb99f2d575\" id=\"forminator-field-name-1_69ebb99f2d575-label\" class=\"forminator-label\">First name <span class=\"forminator-required\">*<\/span><\/label><input type=\"text\" name=\"name-1\" value=\"\" placeholder=\"First name\" id=\"forminator-field-name-1_69ebb99f2d575\" class=\"forminator-input forminator-name--field\" aria-required=\"true\" \/><\/div><\/div><\/div><div class=\"forminator-row\"><div id=\"email-1\" class=\"forminator-field-email forminator-col forminator-col-6\"><div class=\"forminator-field\"><label for=\"forminator-field-email-1_69ebb99f2d575\" id=\"forminator-field-email-1_69ebb99f2d575-label\" class=\"forminator-label\">Email address <span class=\"forminator-required\">*<\/span><\/label><input type=\"email\" name=\"email-1\" value=\"\" placeholder=\"Email address\" id=\"forminator-field-email-1_69ebb99f2d575\" class=\"forminator-input forminator-email--field\" data-required=\"true\" aria-required=\"true\" \/><\/div><\/div><div id=\"phone-1\" class=\"forminator-field-phone forminator-col forminator-col-6\"><div class=\"forminator-field\"><label for=\"forminator-field-phone-1_69ebb99f2d575\" id=\"forminator-field-phone-1_69ebb99f2d575-label\" class=\"forminator-label\">Mobile number<\/label><input type=\"text\" name=\"phone-1\" value=\"\" placeholder=\"eg.: +36301234567\" id=\"forminator-field-phone-1_69ebb99f2d575\" class=\"forminator-input forminator-field--phone\" data-required=\"\" aria-required=\"false\" autocomplete=\"off\" \/><\/div><\/div><\/div><div class=\"forminator-row\"><div id=\"textarea-1\" class=\"forminator-field-textarea forminator-col forminator-col-12\"><div class=\"forminator-field\"><label for=\"forminator-field-textarea-1_69ebb99f2d575\" id=\"forminator-field-textarea-1_69ebb99f2d575-label\" class=\"forminator-label\">Message<\/label><textarea name=\"textarea-1\" placeholder=\"Message text\" id=\"forminator-field-textarea-1_69ebb99f2d575\" class=\"forminator-textarea\" rows=\"6\" style=\"min-height:140px;\" maxlength=\"180\" ><\/textarea><span id=\"forminator-field-textarea-1_69ebb99f2d575-description\" class=\"forminator-description\"><span data-limit=\"180\" data-type=\"characters\" data-editor=\"\">0 \/ 180<\/span><\/span><\/div><\/div><\/div><div class=\"forminator-row\"><div id=\"captcha-1\" class=\"forminator-field-captcha forminator-col forminator-col-12\"><div class=\"forminator-captcha-right forminator-g-recaptcha recaptcha-invisible\" data-theme=\"light\" data-badge=\"inline\" data-sitekey=\"6Le-V_EhAAAAAKGVblipkGgAd2VofMvXGML7zZ88\" data-size=\"invisible\"><\/div> <\/div><\/div><input type=\"hidden\" name=\"referer_url\" value=\"\" \/><div class=\"forminator-row forminator-row-last\"><div class=\"forminator-col\"><div class=\"forminator-field\"><button class=\"forminator-button forminator-button-submit\">Send message<\/button><\/div><\/div><\/div><input type=\"hidden\" id=\"forminator_nonce\" name=\"forminator_nonce\" value=\"eb0efc3071\" \/><input type=\"hidden\" name=\"_wp_http_referer\" value=\"\/en\/wp-json\/wp\/v2\/pages\/447\" \/><input type=\"hidden\" name=\"form_id\" value=\"2532\"><input type=\"hidden\" name=\"page_id\" value=\"447\"><input type=\"hidden\" name=\"form_type\" value=\"default\"><input type=\"hidden\" name=\"current_url\" value=\"https:\/\/applion.hu\/en\/contact\/\"><input type=\"hidden\" name=\"render_id\" value=\"0\"><input type=\"hidden\" name=\"action\" value=\"forminator_submit_form_custom-forms\"><label for=\"input_6\" class=\"forminator-hidden\" aria-hidden=\"true\">Please do not fill in this field. <input id=\"input_6\" type=\"text\" name=\"input_6\" value=\"\" autocomplete=\"off\"><\/label><input type=\"hidden\" name=\"trp-form-language\" value=\"en\"\/><\/form>\n\n            <\/div><!-- aux-col-wrapper -->\n    <\/section><!-- widget-container -->\t\t<\/div>\n\t\t\t\t<\/div>\n\t\t\t\t\t\t<\/div>\n\t\t\t\t\t<\/div>\n\t\t<\/div>\n\t\t\t\t<div class=\"aux-parallax-section elementor-column elementor-col-50 elementor-top-column elementor-element elementor-element-550d06b0 aux-appear-watch-animation aux-fade-in-left-1\" data-id=\"550d06b0\" data-element_type=\"column\" data-settings=\"{&quot;background_background&quot;:&quot;gradient&quot;}\">\n\t\t\t<div class=\"elementor-column-wrap elementor-element-populated\">\n\t\t\t\t\t\t\t<div class=\"elementor-widget-wrap\">\n\t\t\t\t\t\t<div class=\"elementor-element elementor-element-9675c23 aux-appear-watch-animation aux-scale-up elementor-widget elementor-widget-aux_modern_heading\" data-id=\"9675c23\" data-element_type=\"widget\" data-widget_type=\"aux_modern_heading.default\">\n\t\t\t\t<div class=\"elementor-widget-container\">\n\t\t\t<section class=\"aux-widget-modern-heading\">\n            <div class=\"aux-widget-inner\"><h5 class=\"aux-modern-heading-primary\">Get in touch with us<\/h5><h3 class=\"aux-modern-heading-secondary\"><span class=\"aux-head-highlight\">Write to us or call us<\/span><\/h3><\/div>\n        <\/section>\t\t<\/div>\n\t\t\t\t<\/div>\n\t\t\t\t<div class=\"elementor-element elementor-element-36c63a22 elementor-widget elementor-widget-aux_divider\" data-id=\"36c63a22\" data-element_type=\"widget\" data-widget_type=\"aux_divider.default\">\n\t\t\t\t<div class=\"elementor-widget-container\">\n\t\t\t<hr class=\"aux-divider-center aux-divider-align-center\" >\t\t<\/div>\n\t\t\t\t<\/div>\n\t\t\t\t<section class=\"elementor-section elementor-inner-section elementor-element elementor-element-5158c907 aux-appear-watch-animation aux-scale-up-1 elementor-section-boxed elementor-section-height-default elementor-section-height-default\" data-id=\"5158c907\" data-element_type=\"section\">\n\t\t\t\t\t\t<div class=\"elementor-container elementor-column-gap-default\">\n\t\t\t\t\t\t\t<div class=\"elementor-row\">\n\t\t\t\t\t<div class=\"aux-parallax-section elementor-column elementor-col-50 elementor-inner-column elementor-element elementor-element-1df26f94\" data-id=\"1df26f94\" data-element_type=\"column\">\n\t\t\t<div class=\"elementor-column-wrap elementor-element-populated\">\n\t\t\t\t\t\t\t<div class=\"elementor-widget-wrap\">\n\t\t\t\t\t\t<div class=\"elementor-element elementor-element-55c8d4f5 elementor-widget__width-auto elementor-widget elementor-widget-aux_image\" data-id=\"55c8d4f5\" data-element_type=\"widget\" data-widget_type=\"aux_image.default\">\n\t\t\t\t<div class=\"elementor-widget-container\">\n\t\t\t<section class=\"widget-container aux-widget-image aux-alignnone aux-parent-au927d9647\" style=\"\" >\n    <div class=\"aux-media-hint-frame\">\n        <div class=\"aux-media-image\" >\n        \n            \n\n            \n            <img decoding=\"async\" src=\"https:\/\/applion.hu\/wp-content\/uploads\/2021\/12\/send.svg\" class=\"aux-attachment aux-featured-image aux-attachment-id-2515\" alt=\"send.svg\" \/>            \n                <\/div>\n    <\/div>\n\n<\/section><!-- widget-container -->\t\t<\/div>\n\t\t\t\t<\/div>\n\t\t\t\t\t\t<\/div>\n\t\t\t\t\t<\/div>\n\t\t<\/div>\n\t\t\t\t<div class=\"aux-parallax-section elementor-column elementor-col-50 elementor-inner-column elementor-element elementor-element-11a5558e\" data-id=\"11a5558e\" data-element_type=\"column\">\n\t\t\t<div class=\"elementor-column-wrap elementor-element-populated\">\n\t\t\t\t\t\t\t<div class=\"elementor-widget-wrap\">\n\t\t\t\t\t\t<div class=\"elementor-element elementor-element-36f5fe2b elementor-widget elementor-widget-aux_modern_heading\" data-id=\"36f5fe2b\" data-element_type=\"widget\" data-widget_type=\"aux_modern_heading.default\">\n\t\t\t\t<div class=\"elementor-widget-container\">\n\t\t\t<section class=\"aux-widget-modern-heading\">\n            <div class=\"aux-widget-inner\"><h2 class=\"aux-modern-heading-primary\">Contact us<\/h2><div class=\"aux-modern-heading-description\"><p>hello@applion.hu<\/p><\/div><\/div>\n        <\/section>\t\t<\/div>\n\t\t\t\t<\/div>\n\t\t\t\t\t\t<\/div>\n\t\t\t\t\t<\/div>\n\t\t<\/div>\n\t\t\t\t\t\t\t\t<\/div>\n\t\t\t\t\t<\/div>\n\t\t<\/section>\n\t\t\t\t\t\t<\/div>\n\t\t\t\t\t<\/div>\n\t\t<\/div>\n\t\t\t\t\t\t\t\t<\/div>\n\t\t\t\t\t<\/div>\n\t\t<\/section>\n\t\t\t\t\t\t<\/div>\n\t\t\t\t\t\t<\/div>\n\t\t\t\t\t<\/div>","protected":false},"excerpt":{"rendered":"<p>K\u00fcldj nek\u00fcnk \u00fczenetet Oszd meg vel\u00fcnk \u00f6tleted \u00e9s mi megval\u00f3s\u00edtjuk Felk\u00e9sz\u00fclt csapatunk a tervez\u00e9st\u0151l eg\u00e9szen a kivitelez\u00e9sig veled lesz, hogy olyan szoftvert kapj, amire val\u00f3ban sz\u00fcks\u00e9ged van. Vedd fel vel\u00fcnk a kapcsolatot \u00cdrj nek\u00fcnk vagy h\u00edvj minket \u00cdrj nek\u00fcnk hello@applion.hu<\/p>","protected":false},"author":1,"featured_media":0,"parent":0,"menu_order":0,"comment_status":"closed","ping_status":"closed","template":"templates\/page-builder-content.php","meta":{"footnotes":""},"class_list":["post-447","page","type-page","status-publish","hentry"],"yoast_head":"<!-- This site is optimized with the Yoast SEO plugin v25.2 - https:\/\/yoast.com\/wordpress\/plugins\/seo\/ -->\n<title>Kapcsolat - Applion<\/title>\n<meta name=\"description\" content=\"Oszd meg vel\u00fcnk \u00f6tleted \u00e9s mi megval\u00f3s\u00edtjuk. Felk\u00e9sz\u00fclt csapatunk a tervez\u00e9st\u0151l eg\u00e9szen a kivitelez\u00e9sig veled lesz.\" \/>\n<meta name=\"robots\" content=\"index, follow, max-snippet:-1, max-image-preview:large, max-video-preview:-1\" \/>\n<link rel=\"canonical\" href=\"https:\/\/applion.hu\/en\/contact\/\" \/>\n<meta property=\"og:locale\" content=\"en_GB\" \/>\n<meta property=\"og:type\" content=\"article\" \/>\n<meta property=\"og:title\" content=\"Kapcsolat\" \/>\n<meta property=\"og:description\" content=\"Oszd meg vel\u00fcnk \u00f6tleted \u00e9s mi megval\u00f3s\u00edtjuk. Felk\u00e9sz\u00fclt csapatunk a tervez\u00e9st\u0151l eg\u00e9szen a kivitelez\u00e9sig veled lesz.\" \/>\n<meta property=\"og:url\" content=\"https:\/\/applion.hu\/en\/contact\/\" \/>\n<meta property=\"og:site_name\" content=\"Applion\" \/>\n<meta property=\"article:publisher\" content=\"https:\/\/www.facebook.com\/TeamApplion\" \/>\n<meta property=\"article:modified_time\" content=\"2023-11-06T11:02:32+00:00\" \/>\n<meta property=\"og:image\" content=\"https:\/\/applion.hu\/wp-content\/uploads\/2021\/12\/send.svg\" \/>\n<meta name=\"twitter:card\" content=\"summary_large_image\" \/>\n<meta name=\"twitter:title\" content=\"Kapcsolat\" \/>\n<meta name=\"twitter:description\" content=\"Oszd meg vel\u00fcnk \u00f6tleted \u00e9s mi megval\u00f3s\u00edtjuk. Felk\u00e9sz\u00fclt csapatunk a tervez\u00e9st\u0151l eg\u00e9szen a kivitelez\u00e9sig veled lesz.\" \/>\n<meta name=\"twitter:label1\" content=\"Estimated reading time\" \/>\n\t<meta name=\"twitter:data1\" content=\"12 minutes\" \/>\n<script type=\"application\/ld+json\" class=\"yoast-schema-graph\">{\"@context\":\"https:\/\/schema.org\",\"@graph\":[{\"@type\":\"WebPage\",\"@id\":\"https:\/\/applion.hu\/contact\/\",\"url\":\"https:\/\/applion.hu\/contact\/\",\"name\":\"Kapcsolat - Applion\",\"isPartOf\":{\"@id\":\"https:\/\/applion.hu\/#website\"},\"primaryImageOfPage\":{\"@id\":\"https:\/\/applion.hu\/contact\/#primaryimage\"},\"image\":{\"@id\":\"https:\/\/applion.hu\/contact\/#primaryimage\"},\"thumbnailUrl\":\"https:\/\/applion.hu\/wp-content\/uploads\/2021\/12\/send.svg\",\"datePublished\":\"2020-01-25T08:55:32+00:00\",\"dateModified\":\"2023-11-06T11:02:32+00:00\",\"description\":\"Oszd meg vel\u00fcnk \u00f6tleted \u00e9s mi megval\u00f3s\u00edtjuk. Felk\u00e9sz\u00fclt csapatunk a tervez\u00e9st\u0151l eg\u00e9szen a kivitelez\u00e9sig veled lesz.\",\"breadcrumb\":{\"@id\":\"https:\/\/applion.hu\/contact\/#breadcrumb\"},\"inLanguage\":\"en-GB\",\"potentialAction\":[{\"@type\":\"ReadAction\",\"target\":[\"https:\/\/applion.hu\/contact\/\"]}]},{\"@type\":\"ImageObject\",\"inLanguage\":\"en-GB\",\"@id\":\"https:\/\/applion.hu\/contact\/#primaryimage\",\"url\":\"https:\/\/applion.hu\/wp-content\/uploads\/2021\/12\/send.svg\",\"contentUrl\":\"https:\/\/applion.hu\/wp-content\/uploads\/2021\/12\/send.svg\"},{\"@type\":\"BreadcrumbList\",\"@id\":\"https:\/\/applion.hu\/contact\/#breadcrumb\",\"itemListElement\":[{\"@type\":\"ListItem\",\"position\":1,\"name\":\"Kezd\u0151lap\",\"item\":\"https:\/\/applion.hu\/\"},{\"@type\":\"ListItem\",\"position\":2,\"name\":\"Kapcsolat\"}]},{\"@type\":\"WebSite\",\"@id\":\"https:\/\/applion.hu\/#website\",\"url\":\"https:\/\/applion.hu\/\",\"name\":\"Applion\",\"description\":\"Mobil megold\u00e1sok  21. sz\u00e1zadi v\u00e1llalatok sz\u00e1m\u00e1ra\",\"publisher\":{\"@id\":\"https:\/\/applion.hu\/#organization\"},\"potentialAction\":[{\"@type\":\"SearchAction\",\"target\":{\"@type\":\"EntryPoint\",\"urlTemplate\":\"https:\/\/applion.hu\/?s={search_term_string}\"},\"query-input\":{\"@type\":\"PropertyValueSpecification\",\"valueRequired\":true,\"valueName\":\"search_term_string\"}}],\"inLanguage\":\"en-GB\"},{\"@type\":\"Organization\",\"@id\":\"https:\/\/applion.hu\/#organization\",\"name\":\"Applion\",\"url\":\"https:\/\/applion.hu\/\",\"logo\":{\"@type\":\"ImageObject\",\"inLanguage\":\"en-GB\",\"@id\":\"https:\/\/applion.hu\/#\/schema\/logo\/image\/\",\"url\":\"https:\/\/applion.hu\/wp-content\/uploads\/2021\/11\/applion_logoo.svg\",\"contentUrl\":\"https:\/\/applion.hu\/wp-content\/uploads\/2021\/11\/applion_logoo.svg\",\"caption\":\"Applion\"},\"image\":{\"@id\":\"https:\/\/applion.hu\/#\/schema\/logo\/image\/\"},\"sameAs\":[\"https:\/\/www.facebook.com\/TeamApplion\",\"https:\/\/www.youtube.com\/channel\/UC6NN4K2DeEb42L7hu1DoOWQ\/featured\",\"https:\/\/www.linkedin.com\/company\/27241120\"]}]}<\/script>\n<!-- \/ Yoast SEO plugin. -->","yoast_head_json":{"title":"Kapcsolat - Applion","description":"Oszd meg vel\u00fcnk \u00f6tleted \u00e9s mi megval\u00f3s\u00edtjuk. Felk\u00e9sz\u00fclt csapatunk a tervez\u00e9st\u0151l eg\u00e9szen a kivitelez\u00e9sig veled lesz.","robots":{"index":"index","follow":"follow","max-snippet":"max-snippet:-1","max-image-preview":"max-image-preview:large","max-video-preview":"max-video-preview:-1"},"canonical":"https:\/\/applion.hu\/en\/contact\/","og_locale":"en_GB","og_type":"article","og_title":"Kapcsolat","og_description":"Oszd meg vel\u00fcnk \u00f6tleted \u00e9s mi megval\u00f3s\u00edtjuk. Felk\u00e9sz\u00fclt csapatunk a tervez\u00e9st\u0151l eg\u00e9szen a kivitelez\u00e9sig veled lesz.","og_url":"https:\/\/applion.hu\/en\/contact\/","og_site_name":"Applion","article_publisher":"https:\/\/www.facebook.com\/TeamApplion","article_modified_time":"2023-11-06T11:02:32+00:00","og_image":[{"url":"https:\/\/applion.hu\/wp-content\/uploads\/2021\/12\/send.svg","type":"","width":"","height":""}],"twitter_card":"summary_large_image","twitter_title":"Kapcsolat","twitter_description":"Oszd meg vel\u00fcnk \u00f6tleted \u00e9s mi megval\u00f3s\u00edtjuk. Felk\u00e9sz\u00fclt csapatunk a tervez\u00e9st\u0151l eg\u00e9szen a kivitelez\u00e9sig veled lesz.","twitter_misc":{"Estimated reading time":"12 minutes"},"schema":{"@context":"https:\/\/schema.org","@graph":[{"@type":"WebPage","@id":"https:\/\/applion.hu\/contact\/","url":"https:\/\/applion.hu\/contact\/","name":"Kapcsolat - Applion","isPartOf":{"@id":"https:\/\/applion.hu\/#website"},"primaryImageOfPage":{"@id":"https:\/\/applion.hu\/contact\/#primaryimage"},"image":{"@id":"https:\/\/applion.hu\/contact\/#primaryimage"},"thumbnailUrl":"https:\/\/applion.hu\/wp-content\/uploads\/2021\/12\/send.svg","datePublished":"2020-01-25T08:55:32+00:00","dateModified":"2023-11-06T11:02:32+00:00","description":"Oszd meg vel\u00fcnk \u00f6tleted \u00e9s mi megval\u00f3s\u00edtjuk. Felk\u00e9sz\u00fclt csapatunk a tervez\u00e9st\u0151l eg\u00e9szen a kivitelez\u00e9sig veled lesz.","breadcrumb":{"@id":"https:\/\/applion.hu\/contact\/#breadcrumb"},"inLanguage":"en-GB","potentialAction":[{"@type":"ReadAction","target":["https:\/\/applion.hu\/contact\/"]}]},{"@type":"ImageObject","inLanguage":"en-GB","@id":"https:\/\/applion.hu\/contact\/#primaryimage","url":"https:\/\/applion.hu\/wp-content\/uploads\/2021\/12\/send.svg","contentUrl":"https:\/\/applion.hu\/wp-content\/uploads\/2021\/12\/send.svg"},{"@type":"BreadcrumbList","@id":"https:\/\/applion.hu\/contact\/#breadcrumb","itemListElement":[{"@type":"ListItem","position":1,"name":"Kezd\u0151lap","item":"https:\/\/applion.hu\/"},{"@type":"ListItem","position":2,"name":"Kapcsolat"}]},{"@type":"WebSite","@id":"https:\/\/applion.hu\/#website","url":"https:\/\/applion.hu\/","name":"Applion","description":"Mobil megold\u00e1sok  21. sz\u00e1zadi v\u00e1llalatok sz\u00e1m\u00e1ra","publisher":{"@id":"https:\/\/applion.hu\/#organization"},"potentialAction":[{"@type":"SearchAction","target":{"@type":"EntryPoint","urlTemplate":"https:\/\/applion.hu\/?s={search_term_string}"},"query-input":{"@type":"PropertyValueSpecification","valueRequired":true,"valueName":"search_term_string"}}],"inLanguage":"en-GB"},{"@type":"Organization","@id":"https:\/\/applion.hu\/#organization","name":"Applion","url":"https:\/\/applion.hu\/","logo":{"@type":"ImageObject","inLanguage":"en-GB","@id":"https:\/\/applion.hu\/#\/schema\/logo\/image\/","url":"https:\/\/applion.hu\/wp-content\/uploads\/2021\/11\/applion_logoo.svg","contentUrl":"https:\/\/applion.hu\/wp-content\/uploads\/2021\/11\/applion_logoo.svg","caption":"Applion"},"image":{"@id":"https:\/\/applion.hu\/#\/schema\/logo\/image\/"},"sameAs":["https:\/\/www.facebook.com\/TeamApplion","https:\/\/www.youtube.com\/channel\/UC6NN4K2DeEb42L7hu1DoOWQ\/featured","https:\/\/www.linkedin.com\/company\/27241120"]}]}},"_links":{"self":[{"href":"https:\/\/applion.hu\/en\/wp-json\/wp\/v2\/pages\/447","targetHints":{"allow":["GET"]}}],"collection":[{"href":"https:\/\/applion.hu\/en\/wp-json\/wp\/v2\/pages"}],"about":[{"href":"https:\/\/applion.hu\/en\/wp-json\/wp\/v2\/types\/page"}],"author":[{"embeddable":true,"href":"https:\/\/applion.hu\/en\/wp-json\/wp\/v2\/users\/1"}],"replies":[{"embeddable":true,"href":"https:\/\/applion.hu\/en\/wp-json\/wp\/v2\/comments?post=447"}],"version-history":[{"count":188,"href":"https:\/\/applion.hu\/en\/wp-json\/wp\/v2\/pages\/447\/revisions"}],"predecessor-version":[{"id":5429,"href":"https:\/\/applion.hu\/en\/wp-json\/wp\/v2\/pages\/447\/revisions\/5429"}],"wp:attachment":[{"href":"https:\/\/applion.hu\/en\/wp-json\/wp\/v2\/media?parent=447"}],"curies":[{"name":"wp","href":"https:\/\/api.w.org\/{rel}","templated":true}]}}