{"id":478,"date":"2020-12-10T11:05:08","date_gmt":"2020-12-10T11:05:08","guid":{"rendered":"https:\/\/wp3.applion.hu\/?page_id=478"},"modified":"2024-03-08T14:11:53","modified_gmt":"2024-03-08T14:11:53","slug":"ios-developer","status":"publish","type":"page","link":"https:\/\/applion.hu\/en\/jobs\/ios-developer\/","title":{"rendered":"iOS Developer"},"content":{"rendered":"<div data-elementor-type=\"wp-page\" data-elementor-id=\"478\" class=\"elementor elementor-478\" data-elementor-settings=\"[]\">\n\t\t\t\t\t\t<div class=\"elementor-inner\">\n\t\t\t\t\t\t\t<div class=\"elementor-section-wrap\">\n\t\t\t\t\t\t\t<section class=\"elementor-section elementor-top-section elementor-element elementor-element-603d3026 elementor-section-boxed elementor-section-height-default elementor-section-height-default\" data-id=\"603d3026\" data-element_type=\"section\">\n\t\t\t\t\t\t<div class=\"elementor-container elementor-column-gap-default\">\n\t\t\t\t\t\t\t<div class=\"elementor-row\">\n\t\t\t\t\t<div class=\"aux-parallax-section elementor-column elementor-col-100 elementor-top-column elementor-element elementor-element-39c469e3\" data-id=\"39c469e3\" data-element_type=\"column\">\n\t\t\t<div class=\"elementor-column-wrap elementor-element-populated\">\n\t\t\t\t\t\t\t<div class=\"elementor-widget-wrap\">\n\t\t\t\t\t\t<section class=\"elementor-section elementor-inner-section elementor-element elementor-element-5dcdba82 elementor-section-boxed elementor-section-height-default elementor-section-height-default\" data-id=\"5dcdba82\" data-element_type=\"section\">\n\t\t\t\t\t\t<div class=\"elementor-container elementor-column-gap-default\">\n\t\t\t\t\t\t\t<div class=\"elementor-row\">\n\t\t\t\t\t<div class=\"aux-parallax-section elementor-column elementor-col-100 elementor-inner-column elementor-element elementor-element-2f61cfd7\" data-id=\"2f61cfd7\" data-element_type=\"column\" data-settings=\"{&quot;background_background&quot;:&quot;classic&quot;}\">\n\t\t\t<div class=\"elementor-column-wrap elementor-element-populated\">\n\t\t\t\t\t\t\t<div class=\"elementor-widget-wrap\">\n\t\t\t\t\t\t<div class=\"elementor-element elementor-element-d001186 elementor-widget elementor-widget-aux_simple_svg\" data-id=\"d001186\" data-element_type=\"widget\" data-widget_type=\"aux_simple_svg.default\">\n\t\t\t\t<div class=\"elementor-widget-container\">\n\t\t\t    <div class=\"aux-widget-container aux-simple-svg-container\">\n        <div class=\"aux-widget-container-inner\">\n            <div class=\"aux-the-svg\"><svg width=\"90\" height=\"90\" viewbox=\"0 0 90 90\" fill=\"none\" xmlns=\"http:\/\/www.w3.org\/2000\/svg\">\n<path fill-rule=\"evenodd\" clip-rule=\"evenodd\" d=\"M59.5363 5.06867L60.7975 5.01709L60.9336 6.272C61.4374 10.9185 59.7596 15.851 56.6691 19.6733C53.519 23.5428 48.6967 26.019 44.1945 25.6633L43.1022 25.5771L42.9619 24.4904C42.3874 20.0408 44.2425 15.0641 47.3188 11.4281C50.3165 7.85974 55.3163 5.24125 59.5363 5.06867ZM32.2894 24.0296C25.3586 24.1379 18.938 28.1143 15.353 34.4535C9.08027 45.533 12.1208 63.0591 20.2481 75.0139C25.3286 82.4903 28.6053 85.6144 33.4583 85.4284C35.4274 85.3482 36.8429 84.9361 39.0549 83.9844C39.1895 83.9265 39.347 83.8583 39.6352 83.7334C42.16 82.6415 43.5964 82.249 45.9112 82.249C48.1059 82.249 49.4736 82.628 51.8636 83.6782C52.1571 83.8075 52.3176 83.8781 52.4553 83.9382C54.8029 84.9636 56.3345 85.3745 58.5346 85.3331C63.5101 85.2362 66.4186 82.4682 71.3028 75.1944C72.971 72.7128 74.3322 70.0965 75.4189 67.4861C75.804 66.5612 76.1285 65.6984 76.4003 64.9042C76.5628 64.4294 76.8335 63.5706 76.7507 63.8214L77.12 62.7018L76.0603 62.1851C76.0688 62.1893 75.758 62.0545 75.5789 61.9696C75.2573 61.8172 74.9012 61.6307 74.5165 61.4065C73.4143 60.7643 72.3138 59.9534 71.288 58.9604C68.3756 56.1414 66.6223 52.4399 66.5794 47.6762C66.5405 43.602 67.9651 40.1835 70.3816 37.3609C71.1865 36.4206 72.0486 35.6127 72.9197 34.9312C73.2286 34.6895 73.5176 34.4804 73.788 34.2977C73.9427 34.1932 74.2532 33.9944 74.2198 34.0166L75.3479 33.2648L74.5914 32.1398C70.7333 26.403 65.0778 24.0777 59.5677 23.8536C56.6864 23.5517 53.945 24.1882 50.1034 25.6943L49.6603 25.8681C46.2733 27.1963 45.7893 27.3861 45.2973 27.41C45.2153 27.414 45.133 27.4134 45.0371 27.4127H45.037C44.9966 27.4124 44.9537 27.4121 44.9074 27.4121C43.9723 27.4121 43.5634 27.2715 39.9131 25.8159C36.7471 24.5534 34.636 23.9863 32.2894 24.0296ZM51.0889 28.208C54.5594 26.8474 56.9464 26.2932 59.3734 26.5453C63.8216 26.7287 68.3069 28.4465 71.5646 32.5682C71.4634 32.6441 71.3605 32.7229 71.2559 32.8047C70.2503 33.5915 69.2587 34.5208 68.3305 35.605C65.514 38.8949 63.834 42.9264 63.8795 47.7012C63.9293 53.2261 66.0017 57.6012 69.4102 60.9005C70.6019 62.054 71.8761 62.9929 73.1572 63.7394C73.3855 63.8724 73.6065 63.9948 73.8192 64.1071C73.5711 64.8268 73.2756 65.6095 72.9263 66.4484C71.9039 68.9041 70.6235 71.3654 69.0617 73.6887C64.6731 80.2243 62.218 82.5609 58.483 82.6336C56.7472 82.6662 55.5587 82.3474 53.5359 81.464C53.4024 81.4056 53.2464 81.337 52.9498 81.2063C50.2478 80.019 48.5516 79.549 45.9112 79.549C43.1567 79.549 41.3966 80.0299 38.5634 81.2552C38.2725 81.3813 38.1188 81.4479 37.9878 81.5042C36.0526 82.3368 34.9197 82.6666 33.3516 82.7305C29.8466 82.8648 27.0093 80.1597 22.4811 73.496C14.8751 62.3082 12.016 45.8279 17.7029 35.7832C20.8257 30.2613 26.3786 26.8223 32.3354 26.7292C34.2294 26.6942 36.0587 27.1857 38.913 28.3238C43.1055 29.9957 43.4441 30.1121 44.9074 30.1121C45.7429 30.1121 46.6597 29.8953 47.8634 29.4686C48.309 29.3107 48.7766 29.131 49.4308 28.87C49.2127 28.957 50.6925 28.3635 51.0889 28.208ZM49.3815 13.1704L49.3848 13.1665C51.5936 10.5363 55.1628 8.48243 58.3219 7.91566C58.3237 11.4118 56.9254 15.062 54.5723 17.9722C52.2289 20.8509 48.7883 22.7972 45.5591 22.9826C45.5175 19.6414 47.0344 15.9437 49.3815 13.1704Z\" fill=\"url(#paint0_linear_949_25027)\"\/>\n<defs>\n<lineargradient id=\"paint0_linear_949_25027\" x1=\"-20.5585\" y1=\"45.2266\" x2=\"58.1024\" y2=\"108.922\" gradientunits=\"userSpaceOnUse\">\n<stop stop-color=\"#FF5858\"\/>\n<stop offset=\"1\" stop-color=\"#F09819\"\/>\n<\/lineargradient>\n<\/defs>\n<\/svg>\n<\/div>\n        <\/div>\n    <\/div>\n    \t\t<\/div>\n\t\t\t\t<\/div>\n\t\t\t\t<div class=\"elementor-element elementor-element-32950d4c aux-appear-watch-animation aux-scale-up elementor-widget elementor-widget-aux_modern_heading\" data-id=\"32950d4c\" data-element_type=\"widget\" data-widget_type=\"aux_modern_heading.default\">\n\t\t\t\t<div class=\"elementor-widget-container\">\n\t\t\t<section class=\"aux-widget-modern-heading\">\n            <div class=\"aux-widget-inner\"><h1 class=\"aux-modern-heading-primary\">iOS developer<\/h1><\/div>\n        <\/section>\t\t<\/div>\n\t\t\t\t<\/div>\n\t\t\t\t<div class=\"elementor-element elementor-element-2e5b4439 elementor-widget elementor-widget-aux_modern_heading\" data-id=\"2e5b4439\" data-element_type=\"widget\" data-widget_type=\"aux_modern_heading.default\">\n\t\t\t\t<div class=\"elementor-widget-container\">\n\t\t\t<section class=\"aux-widget-modern-heading\">\n            <div class=\"aux-widget-inner\"><h2 class=\"aux-modern-heading-primary\">Short description<\/h2><div class=\"aux-modern-heading-description\"><p>We are looking for experienced iOS developers to join our mobile team. We support several Hungarian and foreign companies with our high-quality iOS solutions.\u00a0<strong>Flutter<\/strong> fejleszt\u0151i tud\u00e1s, \u00e9rdekl\u0151d\u00e9s el\u0151nyt jelent.<\/p><\/div><\/div>\n        <\/section>\t\t<\/div>\n\t\t\t\t<\/div>\n\t\t\t\t<div class=\"elementor-element elementor-element-2bc4be9a elementor-widget elementor-widget-aux_modern_heading\" data-id=\"2bc4be9a\" data-element_type=\"widget\" data-widget_type=\"aux_modern_heading.default\">\n\t\t\t\t<div class=\"elementor-widget-container\">\n\t\t\t<section class=\"aux-widget-modern-heading\">\n            <div class=\"aux-widget-inner\"><h2 class=\"aux-modern-heading-primary\">Your job<\/h2><div class=\"aux-modern-heading-description\"><ul><li>Develop awesome native iOS apps with Swift<\/li><li>Write code to a high standard<\/li><li>Be a great team player and love your job<\/li><li>Good architectural perspective when working with architects<\/li><\/ul><\/div><\/div>\n        <\/section>\t\t<\/div>\n\t\t\t\t<\/div>\n\t\t\t\t<div class=\"elementor-element elementor-element-33dced4c elementor-widget elementor-widget-aux_modern_heading\" data-id=\"33dced4c\" data-element_type=\"widget\" data-widget_type=\"aux_modern_heading.default\">\n\t\t\t\t<div class=\"elementor-widget-container\">\n\t\t\t<section class=\"aux-widget-modern-heading\">\n            <div class=\"aux-widget-inner\"><h2 class=\"aux-modern-heading-primary\">Expectations<\/h2><div class=\"aux-modern-heading-description\"><ul><li>Advanced iOS native development skills<\/li><li>OOP mindset that embraces SOLID principles and clean code<\/li><li>Knowledge of native application development<\/li><li>Swift and Objective-C experience<\/li><li>Good English<\/li><li>Knowledge and use of design patterns and clean code<\/li><li>The words REST API, JSON, XML, Git do not cause confusion<\/li><li>Able to work with the scrum team and also solve issues alone<\/li><li>Android or Angular development experience is a huge plus<\/li><\/ul><\/div><\/div>\n        <\/section>\t\t<\/div>\n\t\t\t\t<\/div>\n\t\t\t\t<div class=\"elementor-element elementor-element-11f2b6e4 elementor-widget elementor-widget-aux_modern_heading\" data-id=\"11f2b6e4\" data-element_type=\"widget\" data-widget_type=\"aux_modern_heading.default\">\n\t\t\t\t<div class=\"elementor-widget-container\">\n\t\t\t<section class=\"aux-widget-modern-heading\">\n            <div class=\"aux-widget-inner\"><h2 class=\"aux-modern-heading-primary\">What we offer<\/h2><div class=\"aux-modern-heading-description\"><ul><li>Nyitott, t\u00e1mogat\u00f3 csapat, j\u00f3 l\u00e9gk\u00f6rrel<\/li><li>Interesting, challenging development projects<\/li><li>Opportunity to try new platforms<\/li><li>Gaining experience to become a full stack developer<\/li><li>Flexible working hours, home office<\/li><li>A talented young team who want to create awesome apps<\/li><li>Great office with garden, table tennis, darts, playstation<\/li><\/ul><\/div><\/div>\n        <\/section>\t\t<\/div>\n\t\t\t\t<\/div>\n\t\t\t\t<div class=\"elementor-element elementor-element-4c6dc3ca elementor-widget__width-auto elementor-widget elementor-widget-aux_modern_button\" data-id=\"4c6dc3ca\" data-element_type=\"widget\" data-widget_type=\"aux_modern_button.default\">\n\t\t\t\t<div class=\"elementor-widget-container\">\n\t\t\t    <div class=\"aux-modern-button-wrapper aux-modern-button-align-left\" >\n                    <a class=\"aux-modern-button aux-black aux-modern-button-md aux-modern-button-normal aux-modern-button-default aux-icon-\" href=\"mailto:hello@applion.hu\" target=\"_blank\" job=\"ios-developer\">\n                <div class=\"aux-overlay\"><\/div>\n                                    <div class=\"aux-icon\">\n                                            <\/div>\n                                <div class=\"aux-text\">\n<span class=\"aux-text-before\">Apply<\/span>                <\/div>\n            <\/a>\n            \n    <\/div>\n\n    \t\t<\/div>\n\t\t\t\t<\/div>\n\t\t\t\t\t\t<\/div>\n\t\t\t\t\t<\/div>\n\t\t<\/div>\n\t\t\t\t\t\t\t\t<\/div>\n\t\t\t\t\t<\/div>\n\t\t<\/section>\n\t\t\t\t<div class=\"aux-scroll-anim elementor-element elementor-element-148833e7 elementor-widget__width-auto elementor-widget elementor-widget-aux_simple_svg\" data-move-in=\"fade\" data-move-out=\"moveVertical\" data-axis-x=\"200\" data-axis-y=\"100\" data-rotate=\"90\" data-scale=\"1\" data-vp-top=\"0.5\" data-vp-bot=\"0.5\" data-el-top=\"0.2\" data-scroll-animation-off=\"1024\" data-id=\"148833e7\" data-element_type=\"widget\" data-widget_type=\"aux_simple_svg.default\">\n\t\t\t\t<div class=\"elementor-widget-container\">\n\t\t\t    <div class=\"aux-widget-container aux-simple-svg-container\">\n        <div class=\"aux-widget-container-inner\">\n            <div class=\"aux-the-svg\"><img decoding=\"async\" src=\"https:\/\/applion.hu\/wp-content\/uploads\/2021\/11\/paca.svg\" title=\"paca.svg\" alt=\"paca.svg\" \/><\/div>\n        <\/div>\n    <\/div>\n    \t\t<\/div>\n\t\t\t\t<\/div>\n\t\t\t\t<div class=\"aux-scroll-anim elementor-element elementor-element-2bcc8ef5 elementor-widget__width-auto elementor-widget elementor-widget-aux_simple_svg\" data-move-in=\"fade\" data-move-out=\"moveVertical\" data-axis-x=\"200\" data-axis-y=\"100\" data-rotate=\"90\" data-scale=\"1\" data-vp-top=\"0.5\" data-vp-bot=\"0.5\" data-el-top=\"0.2\" data-scroll-animation-off=\"1024\" data-id=\"2bcc8ef5\" data-element_type=\"widget\" data-widget_type=\"aux_simple_svg.default\">\n\t\t\t\t<div class=\"elementor-widget-container\">\n\t\t\t    <div class=\"aux-widget-container aux-simple-svg-container\">\n        <div class=\"aux-widget-container-inner\">\n            <div class=\"aux-the-svg\"><img decoding=\"async\" src=\"https:\/\/applion.hu\/wp-content\/uploads\/2021\/11\/paca.svg\" title=\"paca.svg\" alt=\"paca.svg\" \/><\/div>\n        <\/div>\n    <\/div>\n    \t\t<\/div>\n\t\t\t\t<\/div>\n\t\t\t\t\t\t<\/div>\n\t\t\t\t\t<\/div>\n\t\t<\/div>\n\t\t\t\t\t\t\t\t<\/div>\n\t\t\t\t\t<\/div>\n\t\t<\/section>\n\t\t\t\t\t\t<\/div>\n\t\t\t\t\t\t<\/div>\n\t\t\t\t\t<\/div>","protected":false},"excerpt":{"rendered":"<p>iOS fejleszt\u0151 R\u00f6vid le\u00edr\u00e1s Tapasztalt iOS fejleszt\u0151ket keres\u00fcnk mobilcsapatunk leg\u00fajabb tagjainak. Kiv\u00e1l\u00f3 min\u0151s\u00e9g\u0171 iOS megold\u00e1sainkkal t\u00f6bb magyarorsz\u00e1gi \u00e9s k\u00fclf\u00f6ldi c\u00e9get is t\u00e1mogatunk.\u00a0Flutter fejleszt\u0151i tud\u00e1s, \u00e9rdekl\u0151d\u00e9s el\u0151nyt jelent. A feladatod Fantasztikus iOS nat\u00edv alkalmaz\u00e1sok fejleszt\u00e9se Swift seg\u00edts\u00e9g\u00e9vel K\u00f3d \u00edr\u00e1sa magas sz\u00ednvonalon L\u00e9gy nagyszer\u0171 csapatj\u00e1t\u00e9kos \u00e9s szeresd a munk\u00e1d J\u00f3 architektur\u00e1lis l\u00e1t\u00e1sm\u00f3d az architectekkel val\u00f3 egy\u00fcttm\u0171k\u00f6d\u00e9s sor\u00e1n [&hellip;]<\/p>","protected":false},"author":2,"featured_media":0,"parent":449,"menu_order":0,"comment_status":"closed","ping_status":"closed","template":"","meta":{"footnotes":""},"class_list":["post-478","page","type-page","status-publish","hentry"],"yoast_head":"<!-- This site is optimized with the Yoast SEO plugin v25.2 - https:\/\/yoast.com\/wordpress\/plugins\/seo\/ -->\n<title>iOS Fejleszt\u0151 - Applion<\/title>\n<meta name=\"description\" content=\"Tapasztalt iOS fejleszt\u0151ket keres\u00fcnk mobilcsapatunk leg\u00fajabb tagjainak.\" \/>\n<meta name=\"robots\" content=\"index, follow, max-snippet:-1, max-image-preview:large, max-video-preview:-1\" \/>\n<link rel=\"canonical\" href=\"https:\/\/applion.hu\/en\/jobs\/ios-developer\/\" \/>\n<meta property=\"og:locale\" content=\"en_GB\" \/>\n<meta property=\"og:type\" content=\"article\" \/>\n<meta property=\"og:title\" content=\"iOS Fejleszt\u0151\" \/>\n<meta property=\"og:description\" content=\"Tapasztalt iOS fejleszt\u0151ket keres\u00fcnk mobilcsapatunk leg\u00fajabb tagjainak.\" \/>\n<meta property=\"og:url\" content=\"https:\/\/applion.hu\/en\/jobs\/ios-developer\/\" \/>\n<meta property=\"og:site_name\" content=\"Applion\" \/>\n<meta property=\"article:publisher\" content=\"https:\/\/www.facebook.com\/TeamApplion\" \/>\n<meta property=\"article:modified_time\" content=\"2024-03-08T14:11:53+00:00\" \/>\n<meta property=\"og:image\" content=\"https:\/\/applion.hu\/wp-content\/uploads\/2021\/11\/paca.svg\" \/>\n<meta name=\"twitter:card\" content=\"summary_large_image\" \/>\n<meta name=\"twitter:title\" content=\"iOS Fejleszt\u0151\" \/>\n<meta name=\"twitter:description\" content=\"Tapasztalt iOS fejleszt\u0151ket keres\u00fcnk mobilcsapatunk leg\u00fajabb tagjainak.\" \/>\n<meta name=\"twitter:label1\" content=\"Estimated reading time\" \/>\n\t<meta name=\"twitter:data1\" content=\"2 minutes\" \/>\n<script type=\"application\/ld+json\" class=\"yoast-schema-graph\">{\"@context\":\"https:\/\/schema.org\",\"@graph\":[{\"@type\":\"WebPage\",\"@id\":\"https:\/\/applion.hu\/jobs\/ios-developer\/\",\"url\":\"https:\/\/applion.hu\/jobs\/ios-developer\/\",\"name\":\"iOS Fejleszt\u0151 - Applion\",\"isPartOf\":{\"@id\":\"https:\/\/applion.hu\/#website\"},\"primaryImageOfPage\":{\"@id\":\"https:\/\/applion.hu\/jobs\/ios-developer\/#primaryimage\"},\"image\":{\"@id\":\"https:\/\/applion.hu\/jobs\/ios-developer\/#primaryimage\"},\"thumbnailUrl\":\"https:\/\/applion.hu\/wp-content\/uploads\/2021\/11\/paca.svg\",\"datePublished\":\"2020-12-10T11:05:08+00:00\",\"dateModified\":\"2024-03-08T14:11:53+00:00\",\"description\":\"Tapasztalt iOS fejleszt\u0151ket keres\u00fcnk mobilcsapatunk leg\u00fajabb tagjainak.\",\"breadcrumb\":{\"@id\":\"https:\/\/applion.hu\/jobs\/ios-developer\/#breadcrumb\"},\"inLanguage\":\"en-GB\",\"potentialAction\":[{\"@type\":\"ReadAction\",\"target\":[\"https:\/\/applion.hu\/jobs\/ios-developer\/\"]}]},{\"@type\":\"ImageObject\",\"inLanguage\":\"en-GB\",\"@id\":\"https:\/\/applion.hu\/jobs\/ios-developer\/#primaryimage\",\"url\":\"https:\/\/applion.hu\/wp-content\/uploads\/2021\/11\/paca.svg\",\"contentUrl\":\"https:\/\/applion.hu\/wp-content\/uploads\/2021\/11\/paca.svg\"},{\"@type\":\"BreadcrumbList\",\"@id\":\"https:\/\/applion.hu\/jobs\/ios-developer\/#breadcrumb\",\"itemListElement\":[{\"@type\":\"ListItem\",\"position\":1,\"name\":\"Kezd\u0151lap\",\"item\":\"https:\/\/applion.hu\/\"},{\"@type\":\"ListItem\",\"position\":2,\"name\":\"Karrier\",\"item\":\"https:\/\/applion.hu\/jobs\/\"},{\"@type\":\"ListItem\",\"position\":3,\"name\":\"iOS Fejleszt\u0151\"}]},{\"@type\":\"WebSite\",\"@id\":\"https:\/\/applion.hu\/#website\",\"url\":\"https:\/\/applion.hu\/\",\"name\":\"Applion\",\"description\":\"Mobil megold\u00e1sok  21. sz\u00e1zadi v\u00e1llalatok sz\u00e1m\u00e1ra\",\"publisher\":{\"@id\":\"https:\/\/applion.hu\/#organization\"},\"potentialAction\":[{\"@type\":\"SearchAction\",\"target\":{\"@type\":\"EntryPoint\",\"urlTemplate\":\"https:\/\/applion.hu\/?s={search_term_string}\"},\"query-input\":{\"@type\":\"PropertyValueSpecification\",\"valueRequired\":true,\"valueName\":\"search_term_string\"}}],\"inLanguage\":\"en-GB\"},{\"@type\":\"Organization\",\"@id\":\"https:\/\/applion.hu\/#organization\",\"name\":\"Applion\",\"url\":\"https:\/\/applion.hu\/\",\"logo\":{\"@type\":\"ImageObject\",\"inLanguage\":\"en-GB\",\"@id\":\"https:\/\/applion.hu\/#\/schema\/logo\/image\/\",\"url\":\"https:\/\/applion.hu\/wp-content\/uploads\/2021\/11\/applion_logoo.svg\",\"contentUrl\":\"https:\/\/applion.hu\/wp-content\/uploads\/2021\/11\/applion_logoo.svg\",\"caption\":\"Applion\"},\"image\":{\"@id\":\"https:\/\/applion.hu\/#\/schema\/logo\/image\/\"},\"sameAs\":[\"https:\/\/www.facebook.com\/TeamApplion\",\"https:\/\/www.youtube.com\/channel\/UC6NN4K2DeEb42L7hu1DoOWQ\/featured\",\"https:\/\/www.linkedin.com\/company\/27241120\"]}]}<\/script>\n<!-- \/ Yoast SEO plugin. -->","yoast_head_json":{"title":"iOS Fejleszt\u0151 - Applion","description":"Tapasztalt iOS fejleszt\u0151ket keres\u00fcnk mobilcsapatunk leg\u00fajabb tagjainak.","robots":{"index":"index","follow":"follow","max-snippet":"max-snippet:-1","max-image-preview":"max-image-preview:large","max-video-preview":"max-video-preview:-1"},"canonical":"https:\/\/applion.hu\/en\/jobs\/ios-developer\/","og_locale":"en_GB","og_type":"article","og_title":"iOS Fejleszt\u0151","og_description":"Tapasztalt iOS fejleszt\u0151ket keres\u00fcnk mobilcsapatunk leg\u00fajabb tagjainak.","og_url":"https:\/\/applion.hu\/en\/jobs\/ios-developer\/","og_site_name":"Applion","article_publisher":"https:\/\/www.facebook.com\/TeamApplion","article_modified_time":"2024-03-08T14:11:53+00:00","og_image":[{"url":"https:\/\/applion.hu\/wp-content\/uploads\/2021\/11\/paca.svg","type":"","width":"","height":""}],"twitter_card":"summary_large_image","twitter_title":"iOS Fejleszt\u0151","twitter_description":"Tapasztalt iOS fejleszt\u0151ket keres\u00fcnk mobilcsapatunk leg\u00fajabb tagjainak.","twitter_misc":{"Estimated reading time":"2 minutes"},"schema":{"@context":"https:\/\/schema.org","@graph":[{"@type":"WebPage","@id":"https:\/\/applion.hu\/jobs\/ios-developer\/","url":"https:\/\/applion.hu\/jobs\/ios-developer\/","name":"iOS Fejleszt\u0151 - Applion","isPartOf":{"@id":"https:\/\/applion.hu\/#website"},"primaryImageOfPage":{"@id":"https:\/\/applion.hu\/jobs\/ios-developer\/#primaryimage"},"image":{"@id":"https:\/\/applion.hu\/jobs\/ios-developer\/#primaryimage"},"thumbnailUrl":"https:\/\/applion.hu\/wp-content\/uploads\/2021\/11\/paca.svg","datePublished":"2020-12-10T11:05:08+00:00","dateModified":"2024-03-08T14:11:53+00:00","description":"Tapasztalt iOS fejleszt\u0151ket keres\u00fcnk mobilcsapatunk leg\u00fajabb tagjainak.","breadcrumb":{"@id":"https:\/\/applion.hu\/jobs\/ios-developer\/#breadcrumb"},"inLanguage":"en-GB","potentialAction":[{"@type":"ReadAction","target":["https:\/\/applion.hu\/jobs\/ios-developer\/"]}]},{"@type":"ImageObject","inLanguage":"en-GB","@id":"https:\/\/applion.hu\/jobs\/ios-developer\/#primaryimage","url":"https:\/\/applion.hu\/wp-content\/uploads\/2021\/11\/paca.svg","contentUrl":"https:\/\/applion.hu\/wp-content\/uploads\/2021\/11\/paca.svg"},{"@type":"BreadcrumbList","@id":"https:\/\/applion.hu\/jobs\/ios-developer\/#breadcrumb","itemListElement":[{"@type":"ListItem","position":1,"name":"Kezd\u0151lap","item":"https:\/\/applion.hu\/"},{"@type":"ListItem","position":2,"name":"Karrier","item":"https:\/\/applion.hu\/jobs\/"},{"@type":"ListItem","position":3,"name":"iOS Fejleszt\u0151"}]},{"@type":"WebSite","@id":"https:\/\/applion.hu\/#website","url":"https:\/\/applion.hu\/","name":"Applion","description":"Mobil megold\u00e1sok  21. sz\u00e1zadi v\u00e1llalatok sz\u00e1m\u00e1ra","publisher":{"@id":"https:\/\/applion.hu\/#organization"},"potentialAction":[{"@type":"SearchAction","target":{"@type":"EntryPoint","urlTemplate":"https:\/\/applion.hu\/?s={search_term_string}"},"query-input":{"@type":"PropertyValueSpecification","valueRequired":true,"valueName":"search_term_string"}}],"inLanguage":"en-GB"},{"@type":"Organization","@id":"https:\/\/applion.hu\/#organization","name":"Applion","url":"https:\/\/applion.hu\/","logo":{"@type":"ImageObject","inLanguage":"en-GB","@id":"https:\/\/applion.hu\/#\/schema\/logo\/image\/","url":"https:\/\/applion.hu\/wp-content\/uploads\/2021\/11\/applion_logoo.svg","contentUrl":"https:\/\/applion.hu\/wp-content\/uploads\/2021\/11\/applion_logoo.svg","caption":"Applion"},"image":{"@id":"https:\/\/applion.hu\/#\/schema\/logo\/image\/"},"sameAs":["https:\/\/www.facebook.com\/TeamApplion","https:\/\/www.youtube.com\/channel\/UC6NN4K2DeEb42L7hu1DoOWQ\/featured","https:\/\/www.linkedin.com\/company\/27241120"]}]}},"_links":{"self":[{"href":"https:\/\/applion.hu\/en\/wp-json\/wp\/v2\/pages\/478","targetHints":{"allow":["GET"]}}],"collection":[{"href":"https:\/\/applion.hu\/en\/wp-json\/wp\/v2\/pages"}],"about":[{"href":"https:\/\/applion.hu\/en\/wp-json\/wp\/v2\/types\/page"}],"author":[{"embeddable":true,"href":"https:\/\/applion.hu\/en\/wp-json\/wp\/v2\/users\/2"}],"replies":[{"embeddable":true,"href":"https:\/\/applion.hu\/en\/wp-json\/wp\/v2\/comments?post=478"}],"version-history":[{"count":53,"href":"https:\/\/applion.hu\/en\/wp-json\/wp\/v2\/pages\/478\/revisions"}],"predecessor-version":[{"id":5613,"href":"https:\/\/applion.hu\/en\/wp-json\/wp\/v2\/pages\/478\/revisions\/5613"}],"up":[{"embeddable":true,"href":"https:\/\/applion.hu\/en\/wp-json\/wp\/v2\/pages\/449"}],"wp:attachment":[{"href":"https:\/\/applion.hu\/en\/wp-json\/wp\/v2\/media?parent=478"}],"curies":[{"name":"wp","href":"https:\/\/api.w.org\/{rel}","templated":true}]}}