{"id":482,"date":"2020-12-10T11:05:53","date_gmt":"2020-12-10T11:05:53","guid":{"rendered":"https:\/\/wp3.applion.hu\/?page_id=482"},"modified":"2024-03-08T14:09:10","modified_gmt":"2024-03-08T14:09:10","slug":"android-java-developer","status":"publish","type":"page","link":"https:\/\/applion.hu\/en\/jobs\/android-java-developer\/","title":{"rendered":"Android \/ Java Developer"},"content":{"rendered":"<div data-elementor-type=\"wp-page\" data-elementor-id=\"482\" class=\"elementor elementor-482\" data-elementor-settings=\"[]\">\n\t\t\t\t\t\t<div class=\"elementor-inner\">\n\t\t\t\t\t\t\t<div class=\"elementor-section-wrap\">\n\t\t\t\t\t\t\t<section class=\"elementor-section elementor-top-section elementor-element elementor-element-520f0ed4 elementor-section-boxed elementor-section-height-default elementor-section-height-default\" data-id=\"520f0ed4\" data-element_type=\"section\">\n\t\t\t\t\t\t<div class=\"elementor-container elementor-column-gap-default\">\n\t\t\t\t\t\t\t<div class=\"elementor-row\">\n\t\t\t\t\t<div class=\"aux-parallax-section elementor-column elementor-col-100 elementor-top-column elementor-element elementor-element-4df89f29\" data-id=\"4df89f29\" data-element_type=\"column\">\n\t\t\t<div class=\"elementor-column-wrap elementor-element-populated\">\n\t\t\t\t\t\t\t<div class=\"elementor-widget-wrap\">\n\t\t\t\t\t\t<section class=\"elementor-section elementor-inner-section elementor-element elementor-element-16b8b28d elementor-section-boxed elementor-section-height-default elementor-section-height-default\" data-id=\"16b8b28d\" data-element_type=\"section\">\n\t\t\t\t\t\t<div class=\"elementor-container elementor-column-gap-default\">\n\t\t\t\t\t\t\t<div class=\"elementor-row\">\n\t\t\t\t\t<div class=\"aux-parallax-section elementor-column elementor-col-100 elementor-inner-column elementor-element elementor-element-3e75fa53\" data-id=\"3e75fa53\" data-element_type=\"column\" data-settings=\"{&quot;background_background&quot;:&quot;classic&quot;}\">\n\t\t\t<div class=\"elementor-column-wrap elementor-element-populated\">\n\t\t\t\t\t\t\t<div class=\"elementor-widget-wrap\">\n\t\t\t\t\t\t<div class=\"elementor-element elementor-element-6d653c4 elementor-widget elementor-widget-aux_simple_svg\" data-id=\"6d653c4\" data-element_type=\"widget\" data-widget_type=\"aux_simple_svg.default\">\n\t\t\t\t<div class=\"elementor-widget-container\">\n\t\t\t    <div class=\"aux-widget-container aux-simple-svg-container\">\n        <div class=\"aux-widget-container-inner\">\n            <div class=\"aux-the-svg\"><svg width=\"90\" height=\"90\" viewbox=\"0 0 90 90\" fill=\"none\" xmlns=\"http:\/\/www.w3.org\/2000\/svg\">\n<path fill-rule=\"evenodd\" clip-rule=\"evenodd\" d=\"M68.1158 28.2876L68.1157 26.9375C68.1155 20.4487 64.0922 14.5713 57.6847 11.1277L57.6965 11.1101L58.5559 9.84684L60.4985 6.9896C61.1522 5.9992 60.8877 4.69201 59.9152 4.04364C58.9194 3.40321 57.6069 3.66264 56.9628 4.63958L54.8923 7.68615L54.0175 8.97753L53.7187 9.41618C50.9836 8.49844 48.0314 8.01962 45.0001 8.01962C41.9694 8.01962 39.0211 8.49802 36.2818 9.41647L35.981 8.97477L35.1167 7.69097L33.0323 4.62382C32.3776 3.66643 31.0767 3.40597 30.104 4.03134C29.1108 4.69815 28.8473 6.01035 29.5038 6.98484L31.4431 9.84512L32.3076 11.1159L32.3172 11.1301C25.9073 14.5732 21.8847 20.4489 21.8847 26.9376V28.2876H68.1158ZM45.0001 10.7196C48.0801 10.7196 51.061 11.2651 53.7633 12.3003L54.4751 12.573L55.1438 12.8789C60.973 15.5459 64.7862 20.2979 65.3446 25.5876H24.6557C25.2141 20.2968 29.0288 15.5455 34.8635 12.8792L35.5831 12.5504L36.2362 12.3006C38.9456 11.2643 41.9214 10.7196 45.0001 10.7196ZM35.6767 19.4783C36.2205 19.4783 36.6518 19.0525 36.6518 18.5365C36.6518 18.0174 36.2228 17.5947 35.6767 17.5947C35.1249 17.5947 34.694 18.0182 34.694 18.5365C34.694 19.052 35.1271 19.4783 35.6767 19.4783ZM31.994 18.5365C31.994 20.5529 33.6456 22.1783 35.6767 22.1783C37.7038 22.1783 39.3518 20.5517 39.3518 18.5365C39.3518 16.5174 37.7052 14.8947 35.6767 14.8947C33.6442 14.8947 31.994 16.5163 31.994 18.5365ZM54.3285 19.4783C54.8749 19.4783 55.3111 19.0497 55.311 18.5365C55.311 18.0203 54.8772 17.5947 54.3285 17.5947C53.7789 17.5947 53.3481 18.0183 53.3481 18.5365C53.3481 19.0518 53.7811 19.4783 54.3285 19.4783ZM50.6481 18.5365C50.6481 20.5524 52.2992 22.1783 54.3285 22.1783C56.3556 22.1783 58.0114 20.5514 58.011 18.5362C58.011 16.5175 56.3569 14.8947 54.3285 14.8947C52.2978 14.8947 50.6481 16.5169 50.6481 18.5365ZM24.5844 31.6996V63.9586C24.5844 65.8766 26.1836 67.4488 28.1619 67.4488H33.5066L33.0097 69.1728C32.9188 69.4878 32.8724 69.7852 32.8724 70.0679V79.7433C32.8724 81.5189 34.355 82.9716 36.193 82.9716C38.0281 82.9716 39.5085 81.5194 39.5085 79.7433V70.0679C39.5085 69.774 39.4635 69.4767 39.3762 69.1806L38.8656 67.4488H51.1243L50.6261 69.1735C50.5406 69.4693 50.4965 69.7693 50.4965 70.0679V79.7433C50.4965 81.5193 51.977 82.9716 53.812 82.9716C55.6447 82.9716 57.1249 81.519 57.1249 79.7433V70.0679C57.1249 69.7681 57.0806 69.4728 56.9949 69.1884L56.4705 67.4488H61.843C63.8167 67.4488 65.4154 65.876 65.4152 63.9586V31.6996H24.5844ZM21.8844 63.9586C21.8844 67.3782 24.7027 70.1488 28.1619 70.1488H30.1724V79.7434C30.1724 83.0225 32.8759 85.6716 36.193 85.6716C39.5078 85.6716 42.2085 83.0222 42.2085 79.7434V70.1488H47.7965V79.7434C47.7965 83.0222 50.4973 85.6716 53.812 85.6716C57.1246 85.6716 59.8249 83.0216 59.8249 79.7434V70.1488H61.843C65.2981 70.1488 68.1156 67.3771 68.1152 63.9585V37.2707V28.9996H21.8844V63.9586ZM15.1056 31.6996C13.2668 31.6996 11.7901 33.1505 11.7901 34.9327V54.5405C11.7901 56.3185 13.2674 57.7688 15.1056 57.7688C16.9383 57.7688 18.4185 56.3162 18.4185 54.5405V34.9329C18.4185 33.1528 16.9388 31.6996 15.1056 31.6996ZM21.1185 34.9329C21.1185 31.6506 18.4192 28.9996 15.1056 28.9996C11.7863 28.9996 9.09009 31.6485 9.09009 34.9327V54.5405C9.09009 57.8209 11.7872 60.4688 15.1056 60.4688C18.4182 60.4688 21.1185 57.8188 21.1185 54.5405V34.9329ZM74.8943 31.6996C73.0625 31.6996 71.5865 33.1514 71.5865 34.9327V54.5405C71.5865 56.3176 73.0631 57.7688 74.8943 57.7688C76.7328 57.7688 78.2101 56.3185 78.2101 54.5405V34.9329C78.2101 33.1505 76.7333 31.6996 74.8943 31.6996ZM80.9101 34.9329C80.9101 31.6485 78.2139 28.9996 74.8943 28.9996C71.5813 28.9996 68.8865 31.6501 68.8865 34.9327V54.5405C68.8865 57.8193 71.5823 60.4688 74.8943 60.4688C78.2129 60.4688 80.9101 57.8209 80.9101 54.5405V34.9329Z\" fill=\"url(#paint0_linear_1133_11721)\"\/>\n<defs>\n<lineargradient id=\"paint0_linear_1133_11721\" x1=\"-26.8199\" y1=\"44.6815\" x2=\"54.4479\" y2=\"115.877\" gradientunits=\"userSpaceOnUse\">\n<stop stop-color=\"#FF5858\"\/>\n<stop offset=\"1\" stop-color=\"#F09819\"\/>\n<\/lineargradient>\n<\/defs>\n<\/svg>\n<\/div>\n        <\/div>\n    <\/div>\n    \t\t<\/div>\n\t\t\t\t<\/div>\n\t\t\t\t<div class=\"elementor-element elementor-element-18adee22 elementor-widget elementor-widget-aux_modern_heading\" data-id=\"18adee22\" data-element_type=\"widget\" data-widget_type=\"aux_modern_heading.default\">\n\t\t\t\t<div class=\"elementor-widget-container\">\n\t\t\t<section class=\"aux-widget-modern-heading\">\n            <div class=\"aux-widget-inner\"><h1 class=\"aux-modern-heading-primary\">Android \/ Kotlin  fejleszt\u0151<\/h1><\/div>\n        <\/section>\t\t<\/div>\n\t\t\t\t<\/div>\n\t\t\t\t<div class=\"elementor-element elementor-element-2602ba1 elementor-widget elementor-widget-aux_modern_heading\" data-id=\"2602ba1\" data-element_type=\"widget\" data-widget_type=\"aux_modern_heading.default\">\n\t\t\t\t<div class=\"elementor-widget-container\">\n\t\t\t<section class=\"aux-widget-modern-heading\">\n            <div class=\"aux-widget-inner\"><h2 class=\"aux-modern-heading-primary\">Short description<\/h2><div class=\"aux-modern-heading-description\"><p>You will be part of a dynamic team working on international projects also. We will support you to bring brand-new products to life and make sure you constantly develop your skills in the meantime. <strong>Flutter<\/strong> fejleszt\u0151i tud\u00e1s el\u0151nyt jelent.<\/p><\/div><\/div>\n        <\/section>\t\t<\/div>\n\t\t\t\t<\/div>\n\t\t\t\t<div class=\"elementor-element elementor-element-5c8aedce elementor-widget elementor-widget-aux_modern_heading\" data-id=\"5c8aedce\" data-element_type=\"widget\" data-widget_type=\"aux_modern_heading.default\">\n\t\t\t\t<div class=\"elementor-widget-container\">\n\t\t\t<section class=\"aux-widget-modern-heading\">\n            <div class=\"aux-widget-inner\"><h2 class=\"aux-modern-heading-primary\">Mi\u00e9rt j\u00f3 n\u00e1lunk dolgozni?<\/h2><div class=\"aux-modern-heading-description\"><ul><li>Modern app desing-os, k\u00fcl\u00f6nleges Android alkalmaz\u00e1sok fejleszt\u00e9se Java \u00e9s Kotlin nyelven<\/li><li>R\u00e9szt vehetsz Magyarorsz\u00e1g legnagyobb felhaszn\u00e1l\u00f3sz\u00e1m\u00fa alkalmaz\u00e1sainak fejleszt\u00e9s\u00e9ben<\/li><li>Agilis, kis l\u00e9tsz\u00e1m\u00fa fejleszt\u0151 csapat, csal\u00e1dias l\u00e9gk\u00f6r<\/li><li>Rugalmas munkaid\u0151, ak\u00e1r full time home office<\/li><li>R\u00e9szmunkaid\u0151s lehet\u0151s\u00e9g (heti 20-40 \u00f3ra)<\/li><li>Tov\u00e1bbfejl\u0151d\u00e9si lehet\u0151s\u00e9g 10+ \u00e9ves tapasztalat\u00fa senior fejleszt\u0151k mellett<\/li><\/ul><\/div><\/div>\n        <\/section>\t\t<\/div>\n\t\t\t\t<\/div>\n\t\t\t\t<div class=\"elementor-element elementor-element-eccc676 elementor-widget elementor-widget-aux_modern_heading\" data-id=\"eccc676\" data-element_type=\"widget\" data-widget_type=\"aux_modern_heading.default\">\n\t\t\t\t<div class=\"elementor-widget-container\">\n\t\t\t<section class=\"aux-widget-modern-heading\">\n            <div class=\"aux-widget-inner\"><h2 class=\"aux-modern-heading-primary\">Your job<\/h2><div class=\"aux-modern-heading-description\"><ul><li>Develop awesome products using brand new technologies<\/li><li>Write code with high standards<\/li><li>Be a great team-player and love your job<\/li><li>Good architectural perspective when working with architects<\/li><\/ul><\/div><\/div>\n        <\/section>\t\t<\/div>\n\t\t\t\t<\/div>\n\t\t\t\t<div class=\"elementor-element elementor-element-1f7b26af elementor-widget elementor-widget-aux_modern_heading\" data-id=\"1f7b26af\" data-element_type=\"widget\" data-widget_type=\"aux_modern_heading.default\">\n\t\t\t\t<div class=\"elementor-widget-container\">\n\t\t\t<section class=\"aux-widget-modern-heading\">\n            <div class=\"aux-widget-inner\"><h2 class=\"aux-modern-heading-primary\">Expectations<\/h2><div class=\"aux-modern-heading-description\"><ul><li>Advanced Java and Android development skills<\/li><li>OOP mindset that embraces SOLID principles and clean code<\/li><li>Nat\u00edv vagy flutter alkalmaz\u00e1sok fejleszt\u00e9s\u00e9nek ismerete<\/li><li>2 years developer experience<\/li><li>Good English<\/li><li>Knowledge and usage of design patterns and clean code<\/li><li>REST API, JSON, Git words do not cause any confusion<\/li><li>Able to work with the scrum team and also solve issues alone<\/li><\/ul><\/div><\/div>\n        <\/section>\t\t<\/div>\n\t\t\t\t<\/div>\n\t\t\t\t<div class=\"elementor-element elementor-element-640e3818 elementor-widget elementor-widget-aux_modern_heading\" data-id=\"640e3818\" data-element_type=\"widget\" data-widget_type=\"aux_modern_heading.default\">\n\t\t\t\t<div class=\"elementor-widget-container\">\n\t\t\t<section class=\"aux-widget-modern-heading\">\n            <div class=\"aux-widget-inner\"><h2 class=\"aux-modern-heading-primary\">What we offer<\/h2><div class=\"aux-modern-heading-description\"><ul><li>Nyitott, t\u00e1mogat\u00f3 csapat, j\u00f3 l\u00e9gk\u00f6rrel<\/li><li>Interesting, challenging development projects<\/li><li>Opportunity to try new platforms<\/li><li>Gaining experience to become a full stack developer<\/li><li>Flexible working hours, home office<\/li><li>A talented young team who want to create awesome apps<\/li><li>Great office with garden, table tennis, darts, playstation<\/li><\/ul><\/div><\/div>\n        <\/section>\t\t<\/div>\n\t\t\t\t<\/div>\n\t\t\t\t<div class=\"elementor-element elementor-element-22bcd4ed elementor-widget__width-auto elementor-widget elementor-widget-aux_modern_button\" data-id=\"22bcd4ed\" data-element_type=\"widget\" data-widget_type=\"aux_modern_button.default\">\n\t\t\t\t<div class=\"elementor-widget-container\">\n\t\t\t    <div class=\"aux-modern-button-wrapper aux-modern-button-align-left\" >\n                    <a class=\"aux-modern-button aux-black aux-modern-button-md aux-modern-button-normal aux-modern-button-default aux-icon-\" href=\"mailto: hello@applion.hu\" target=\"_blank\">\n                <div class=\"aux-overlay\"><\/div>\n                                    <div class=\"aux-icon\">\n                                            <\/div>\n                                <div class=\"aux-text\">\n<span class=\"aux-text-before\">Apply<\/span>                <\/div>\n            <\/a>\n            \n    <\/div>\n\n    \t\t<\/div>\n\t\t\t\t<\/div>\n\t\t\t\t\t\t<\/div>\n\t\t\t\t\t<\/div>\n\t\t<\/div>\n\t\t\t\t\t\t\t\t<\/div>\n\t\t\t\t\t<\/div>\n\t\t<\/section>\n\t\t\t\t<div class=\"aux-scroll-anim elementor-element elementor-element-54018d8d elementor-widget__width-auto elementor-widget elementor-widget-aux_simple_svg\" data-move-in=\"fade\" data-move-out=\"moveVertical\" data-axis-x=\"200\" data-axis-y=\"100\" data-rotate=\"90\" data-scale=\"1\" data-vp-top=\"0.5\" data-vp-bot=\"0.5\" data-el-top=\"0.2\" data-scroll-animation-off=\"1024\" data-id=\"54018d8d\" data-element_type=\"widget\" data-widget_type=\"aux_simple_svg.default\">\n\t\t\t\t<div class=\"elementor-widget-container\">\n\t\t\t    <div class=\"aux-widget-container aux-simple-svg-container\">\n        <div class=\"aux-widget-container-inner\">\n            <div class=\"aux-the-svg\"><img decoding=\"async\" src=\"https:\/\/applion.hu\/wp-content\/uploads\/2021\/11\/paca.svg\" title=\"paca.svg\" alt=\"paca.svg\" \/><\/div>\n        <\/div>\n    <\/div>\n    \t\t<\/div>\n\t\t\t\t<\/div>\n\t\t\t\t<div class=\"aux-scroll-anim elementor-element elementor-element-3e6fa1f6 elementor-widget__width-auto elementor-widget elementor-widget-aux_simple_svg\" data-move-in=\"fade\" data-move-out=\"moveVertical\" data-axis-x=\"200\" data-axis-y=\"100\" data-rotate=\"90\" data-scale=\"1\" data-vp-top=\"0.5\" data-vp-bot=\"0.5\" data-el-top=\"0.2\" data-scroll-animation-off=\"1024\" data-id=\"3e6fa1f6\" data-element_type=\"widget\" data-widget_type=\"aux_simple_svg.default\">\n\t\t\t\t<div class=\"elementor-widget-container\">\n\t\t\t    <div class=\"aux-widget-container aux-simple-svg-container\">\n        <div class=\"aux-widget-container-inner\">\n            <div class=\"aux-the-svg\"><img decoding=\"async\" src=\"https:\/\/applion.hu\/wp-content\/uploads\/2021\/11\/paca.svg\" title=\"paca.svg\" alt=\"paca.svg\" \/><\/div>\n        <\/div>\n    <\/div>\n    \t\t<\/div>\n\t\t\t\t<\/div>\n\t\t\t\t\t\t<\/div>\n\t\t\t\t\t<\/div>\n\t\t<\/div>\n\t\t\t\t\t\t\t\t<\/div>\n\t\t\t\t\t<\/div>\n\t\t<\/section>\n\t\t\t\t\t\t<\/div>\n\t\t\t\t\t\t<\/div>\n\t\t\t\t\t<\/div>","protected":false},"excerpt":{"rendered":"<p>Android \/ Kotlin fejleszt\u0151 R\u00f6vid le\u00edr\u00e1s Egy dinamikus csapat tagja leszel, amely nemzetk\u00f6zi projekteken is dolgozik. T\u00e1mogatunk abban, hogy vadonat\u00faj alkalmaz\u00e1sokat keltsen \u00e9letre, \u00e9s \u00fcgyelj arra, hogy k\u00f6zben folyamatosan fejlesszed k\u00e9pess\u00e9geid. Flutter fejleszt\u0151i tud\u00e1s el\u0151nyt jelent. Mi\u00e9rt j\u00f3 n\u00e1lunk dolgozni? Modern app desing-os, k\u00fcl\u00f6nleges Android alkalmaz\u00e1sok fejleszt\u00e9se Java \u00e9s Kotlin nyelven R\u00e9szt vehetsz Magyarorsz\u00e1g legnagyobb [&hellip;]<\/p>","protected":false},"author":2,"featured_media":0,"parent":449,"menu_order":0,"comment_status":"closed","ping_status":"closed","template":"","meta":{"footnotes":""},"class_list":["post-482","page","type-page","status-publish","hentry"],"yoast_head":"<!-- This site is optimized with the Yoast SEO plugin v25.2 - https:\/\/yoast.com\/wordpress\/plugins\/seo\/ -->\n<title>Android \/ Java Developer - Applion<\/title>\n<meta name=\"description\" content=\"Java fejleszt\u0151ket keres\u00fcnk Android \u00e9s Java szerver k\u00f3dol\u00e1shoz.\" \/>\n<meta name=\"robots\" content=\"index, follow, max-snippet:-1, max-image-preview:large, max-video-preview:-1\" \/>\n<link rel=\"canonical\" href=\"https:\/\/applion.hu\/en\/jobs\/android-java-developer\/\" \/>\n<meta property=\"og:locale\" content=\"en_GB\" \/>\n<meta property=\"og:type\" content=\"article\" \/>\n<meta property=\"og:title\" content=\"Android \/ Java Fejleszt\u0151\" \/>\n<meta property=\"og:description\" content=\"Java fejleszt\u0151ket keres\u00fcnk Android \u00e9s Java szerver k\u00f3dol\u00e1shoz.\" \/>\n<meta property=\"og:url\" content=\"https:\/\/applion.hu\/en\/jobs\/android-java-developer\/\" \/>\n<meta property=\"og:site_name\" content=\"Applion\" \/>\n<meta property=\"article:publisher\" content=\"https:\/\/www.facebook.com\/TeamApplion\" \/>\n<meta property=\"article:modified_time\" content=\"2024-03-08T14:09:10+00:00\" \/>\n<meta property=\"og:image\" content=\"https:\/\/applion.hu\/wp-content\/uploads\/2021\/11\/paca.svg\" \/>\n<meta name=\"twitter:card\" content=\"summary_large_image\" \/>\n<meta name=\"twitter:title\" content=\"Android \/ Java Fejleszt\u0151\" \/>\n<meta name=\"twitter:description\" content=\"Java fejleszt\u0151ket keres\u00fcnk Android \u00e9s Java szerver k\u00f3dol\u00e1shoz.\" \/>\n<meta name=\"twitter:label1\" content=\"Estimated reading time\" \/>\n\t<meta name=\"twitter:data1\" content=\"2 minutes\" \/>\n<script type=\"application\/ld+json\" class=\"yoast-schema-graph\">{\"@context\":\"https:\/\/schema.org\",\"@graph\":[{\"@type\":\"WebPage\",\"@id\":\"https:\/\/applion.hu\/jobs\/android-java-developer\/\",\"url\":\"https:\/\/applion.hu\/jobs\/android-java-developer\/\",\"name\":\"Android \/ Java Developer - Applion\",\"isPartOf\":{\"@id\":\"https:\/\/applion.hu\/#website\"},\"primaryImageOfPage\":{\"@id\":\"https:\/\/applion.hu\/jobs\/android-java-developer\/#primaryimage\"},\"image\":{\"@id\":\"https:\/\/applion.hu\/jobs\/android-java-developer\/#primaryimage\"},\"thumbnailUrl\":\"https:\/\/applion.hu\/wp-content\/uploads\/2021\/11\/paca.svg\",\"datePublished\":\"2020-12-10T11:05:53+00:00\",\"dateModified\":\"2024-03-08T14:09:10+00:00\",\"description\":\"Java fejleszt\u0151ket keres\u00fcnk Android \u00e9s Java szerver k\u00f3dol\u00e1shoz.\",\"breadcrumb\":{\"@id\":\"https:\/\/applion.hu\/jobs\/android-java-developer\/#breadcrumb\"},\"inLanguage\":\"en-GB\",\"potentialAction\":[{\"@type\":\"ReadAction\",\"target\":[\"https:\/\/applion.hu\/jobs\/android-java-developer\/\"]}]},{\"@type\":\"ImageObject\",\"inLanguage\":\"en-GB\",\"@id\":\"https:\/\/applion.hu\/jobs\/android-java-developer\/#primaryimage\",\"url\":\"https:\/\/applion.hu\/wp-content\/uploads\/2021\/11\/paca.svg\",\"contentUrl\":\"https:\/\/applion.hu\/wp-content\/uploads\/2021\/11\/paca.svg\"},{\"@type\":\"BreadcrumbList\",\"@id\":\"https:\/\/applion.hu\/jobs\/android-java-developer\/#breadcrumb\",\"itemListElement\":[{\"@type\":\"ListItem\",\"position\":1,\"name\":\"Kezd\u0151lap\",\"item\":\"https:\/\/applion.hu\/\"},{\"@type\":\"ListItem\",\"position\":2,\"name\":\"Karrier\",\"item\":\"https:\/\/applion.hu\/jobs\/\"},{\"@type\":\"ListItem\",\"position\":3,\"name\":\"Android \/ Java Developer\"}]},{\"@type\":\"WebSite\",\"@id\":\"https:\/\/applion.hu\/#website\",\"url\":\"https:\/\/applion.hu\/\",\"name\":\"Applion\",\"description\":\"Mobil megold\u00e1sok  21. sz\u00e1zadi v\u00e1llalatok sz\u00e1m\u00e1ra\",\"publisher\":{\"@id\":\"https:\/\/applion.hu\/#organization\"},\"potentialAction\":[{\"@type\":\"SearchAction\",\"target\":{\"@type\":\"EntryPoint\",\"urlTemplate\":\"https:\/\/applion.hu\/?s={search_term_string}\"},\"query-input\":{\"@type\":\"PropertyValueSpecification\",\"valueRequired\":true,\"valueName\":\"search_term_string\"}}],\"inLanguage\":\"en-GB\"},{\"@type\":\"Organization\",\"@id\":\"https:\/\/applion.hu\/#organization\",\"name\":\"Applion\",\"url\":\"https:\/\/applion.hu\/\",\"logo\":{\"@type\":\"ImageObject\",\"inLanguage\":\"en-GB\",\"@id\":\"https:\/\/applion.hu\/#\/schema\/logo\/image\/\",\"url\":\"https:\/\/applion.hu\/wp-content\/uploads\/2021\/11\/applion_logoo.svg\",\"contentUrl\":\"https:\/\/applion.hu\/wp-content\/uploads\/2021\/11\/applion_logoo.svg\",\"caption\":\"Applion\"},\"image\":{\"@id\":\"https:\/\/applion.hu\/#\/schema\/logo\/image\/\"},\"sameAs\":[\"https:\/\/www.facebook.com\/TeamApplion\",\"https:\/\/www.youtube.com\/channel\/UC6NN4K2DeEb42L7hu1DoOWQ\/featured\",\"https:\/\/www.linkedin.com\/company\/27241120\"]}]}<\/script>\n<!-- \/ Yoast SEO plugin. -->","yoast_head_json":{"title":"Android \/ Java Developer - Applion","description":"Java fejleszt\u0151ket keres\u00fcnk Android \u00e9s Java szerver k\u00f3dol\u00e1shoz.","robots":{"index":"index","follow":"follow","max-snippet":"max-snippet:-1","max-image-preview":"max-image-preview:large","max-video-preview":"max-video-preview:-1"},"canonical":"https:\/\/applion.hu\/en\/jobs\/android-java-developer\/","og_locale":"en_GB","og_type":"article","og_title":"Android \/ Java Fejleszt\u0151","og_description":"Java fejleszt\u0151ket keres\u00fcnk Android \u00e9s Java szerver k\u00f3dol\u00e1shoz.","og_url":"https:\/\/applion.hu\/en\/jobs\/android-java-developer\/","og_site_name":"Applion","article_publisher":"https:\/\/www.facebook.com\/TeamApplion","article_modified_time":"2024-03-08T14:09:10+00:00","og_image":[{"url":"https:\/\/applion.hu\/wp-content\/uploads\/2021\/11\/paca.svg","type":"","width":"","height":""}],"twitter_card":"summary_large_image","twitter_title":"Android \/ Java Fejleszt\u0151","twitter_description":"Java fejleszt\u0151ket keres\u00fcnk Android \u00e9s Java szerver k\u00f3dol\u00e1shoz.","twitter_misc":{"Estimated reading time":"2 minutes"},"schema":{"@context":"https:\/\/schema.org","@graph":[{"@type":"WebPage","@id":"https:\/\/applion.hu\/jobs\/android-java-developer\/","url":"https:\/\/applion.hu\/jobs\/android-java-developer\/","name":"Android \/ Java Developer - Applion","isPartOf":{"@id":"https:\/\/applion.hu\/#website"},"primaryImageOfPage":{"@id":"https:\/\/applion.hu\/jobs\/android-java-developer\/#primaryimage"},"image":{"@id":"https:\/\/applion.hu\/jobs\/android-java-developer\/#primaryimage"},"thumbnailUrl":"https:\/\/applion.hu\/wp-content\/uploads\/2021\/11\/paca.svg","datePublished":"2020-12-10T11:05:53+00:00","dateModified":"2024-03-08T14:09:10+00:00","description":"Java fejleszt\u0151ket keres\u00fcnk Android \u00e9s Java szerver k\u00f3dol\u00e1shoz.","breadcrumb":{"@id":"https:\/\/applion.hu\/jobs\/android-java-developer\/#breadcrumb"},"inLanguage":"en-GB","potentialAction":[{"@type":"ReadAction","target":["https:\/\/applion.hu\/jobs\/android-java-developer\/"]}]},{"@type":"ImageObject","inLanguage":"en-GB","@id":"https:\/\/applion.hu\/jobs\/android-java-developer\/#primaryimage","url":"https:\/\/applion.hu\/wp-content\/uploads\/2021\/11\/paca.svg","contentUrl":"https:\/\/applion.hu\/wp-content\/uploads\/2021\/11\/paca.svg"},{"@type":"BreadcrumbList","@id":"https:\/\/applion.hu\/jobs\/android-java-developer\/#breadcrumb","itemListElement":[{"@type":"ListItem","position":1,"name":"Kezd\u0151lap","item":"https:\/\/applion.hu\/"},{"@type":"ListItem","position":2,"name":"Karrier","item":"https:\/\/applion.hu\/jobs\/"},{"@type":"ListItem","position":3,"name":"Android \/ Java Developer"}]},{"@type":"WebSite","@id":"https:\/\/applion.hu\/#website","url":"https:\/\/applion.hu\/","name":"Applion","description":"Mobil megold\u00e1sok  21. sz\u00e1zadi v\u00e1llalatok sz\u00e1m\u00e1ra","publisher":{"@id":"https:\/\/applion.hu\/#organization"},"potentialAction":[{"@type":"SearchAction","target":{"@type":"EntryPoint","urlTemplate":"https:\/\/applion.hu\/?s={search_term_string}"},"query-input":{"@type":"PropertyValueSpecification","valueRequired":true,"valueName":"search_term_string"}}],"inLanguage":"en-GB"},{"@type":"Organization","@id":"https:\/\/applion.hu\/#organization","name":"Applion","url":"https:\/\/applion.hu\/","logo":{"@type":"ImageObject","inLanguage":"en-GB","@id":"https:\/\/applion.hu\/#\/schema\/logo\/image\/","url":"https:\/\/applion.hu\/wp-content\/uploads\/2021\/11\/applion_logoo.svg","contentUrl":"https:\/\/applion.hu\/wp-content\/uploads\/2021\/11\/applion_logoo.svg","caption":"Applion"},"image":{"@id":"https:\/\/applion.hu\/#\/schema\/logo\/image\/"},"sameAs":["https:\/\/www.facebook.com\/TeamApplion","https:\/\/www.youtube.com\/channel\/UC6NN4K2DeEb42L7hu1DoOWQ\/featured","https:\/\/www.linkedin.com\/company\/27241120"]}]}},"_links":{"self":[{"href":"https:\/\/applion.hu\/en\/wp-json\/wp\/v2\/pages\/482","targetHints":{"allow":["GET"]}}],"collection":[{"href":"https:\/\/applion.hu\/en\/wp-json\/wp\/v2\/pages"}],"about":[{"href":"https:\/\/applion.hu\/en\/wp-json\/wp\/v2\/types\/page"}],"author":[{"embeddable":true,"href":"https:\/\/applion.hu\/en\/wp-json\/wp\/v2\/users\/2"}],"replies":[{"embeddable":true,"href":"https:\/\/applion.hu\/en\/wp-json\/wp\/v2\/comments?post=482"}],"version-history":[{"count":27,"href":"https:\/\/applion.hu\/en\/wp-json\/wp\/v2\/pages\/482\/revisions"}],"predecessor-version":[{"id":5606,"href":"https:\/\/applion.hu\/en\/wp-json\/wp\/v2\/pages\/482\/revisions\/5606"}],"up":[{"embeddable":true,"href":"https:\/\/applion.hu\/en\/wp-json\/wp\/v2\/pages\/449"}],"wp:attachment":[{"href":"https:\/\/applion.hu\/en\/wp-json\/wp\/v2\/media?parent=482"}],"curies":[{"name":"wp","href":"https:\/\/api.w.org\/{rel}","templated":true}]}}