{"id":5479,"date":"2023-11-24T09:06:21","date_gmt":"2023-11-24T09:06:21","guid":{"rendered":"https:\/\/applion.hu\/?page_id=5479"},"modified":"2023-11-24T09:08:34","modified_gmt":"2023-11-24T09:08:34","slug":"afr-test","status":"publish","type":"page","link":"https:\/\/applion.hu\/en\/afr-test\/","title":{"rendered":"AFR test"},"content":{"rendered":"<div data-elementor-type=\"wp-page\" data-elementor-id=\"5479\" class=\"elementor elementor-5479\" data-elementor-settings=\"[]\">\n\t\t\t\t\t\t<div class=\"elementor-inner\">\n\t\t\t\t\t\t\t<div class=\"elementor-section-wrap\">\n\t\t\t\t\t\t\t<section class=\"elementor-section elementor-top-section elementor-element elementor-element-dc25bd9 elementor-section-boxed elementor-section-height-default elementor-section-height-default\" data-id=\"dc25bd9\" data-element_type=\"section\">\n\t\t\t\t\t\t<div class=\"elementor-container elementor-column-gap-default\">\n\t\t\t\t\t\t\t<div class=\"elementor-row\">\n\t\t\t\t\t<div class=\"aux-parallax-section elementor-column elementor-col-100 elementor-top-column elementor-element elementor-element-e903ae3\" data-id=\"e903ae3\" data-element_type=\"column\">\n\t\t\t<div class=\"elementor-column-wrap elementor-element-populated\">\n\t\t\t\t\t\t\t<div class=\"elementor-widget-wrap\">\n\t\t\t\t\t\t<div class=\"elementor-element elementor-element-31ae640 elementor-widget elementor-widget-text-editor\" data-id=\"31ae640\" data-element_type=\"widget\" data-widget_type=\"text-editor.default\">\n\t\t\t\t<div class=\"elementor-widget-container\">\n\t\t\t\t\t<div class=\"elementor-text-editor elementor-clearfix\"><p><a href=\"https:\/\/applion.hu\/en\/afr-test\/\">Teszt url:<\/a><\/p><p><a href=\"https:\/\/teszt-azonnalifizetes.hu\/HCT\/2\/1\/bic\/creditor%20name\/trade%20name\/iban\/HUF2500\/20231124100619%2B1-0100000\/purpose%20code\/remittance%20info\/Shop%20number.sub%20aggregator%20id.2.payee%20id.aggregator%20id\/merch%20dev\/invoice%20id\/customer%20id\/c03837ba130f498ab73ca4a8c4035a30\/loyalty%20id\/nav%20check%20id\/rt_.1a01.ZyEtpzndSrvxRRM-ne90lO_4MQGfX7vLzhv_EOBFazdSxzZ--AreUuVjbvEbH8vWr5oL_n4wYlFfqJadaTrsJVdcFnl77IaiiHX4JlQLj5pS3b8WS5WMm8Re4l7puvM8?x-callback-url=payerapp%3A%2F%2Ffizetes%2Fvisszahivas\">https:\/\/teszt-azonnalifizetes.hu\/HCT\/2\/1\/bic\/creditor%20name\/trade%20name\/iban\/HUF2500\/20231124100619%2B1-0100000\/purpose%20code\/remittance%20info\/Shop%20number.sub%20aggregator%20id.2.payee%20id.aggregator%20id\/merch%20dev\/invoice%20id\/customer%20id\/c03837ba130f498ab73ca4a8c4035a30\/loyalty%20id\/nav%20check%20id\/rt_.1a01.ZyEtpzndSrvxRRM-ne90lO_4MQGfX7vLzhv_EOBFazdSxzZ&#8211;AreUuVjbvEbH8vWr5oL_n4wYlFfqJadaTrsJVdcFnl77IaiiHX4JlQLj5pS3b8WS5WMm8Re4l7puvM8?x-callback-url=payerapp%3A%2F%2Ffizetes%2Fvisszahivas<\/a><\/p><\/div>\n\t\t\t\t<\/div>\n\t\t\t\t<\/div>\n\t\t\t\t\t\t<\/div>\n\t\t\t\t\t<\/div>\n\t\t<\/div>\n\t\t\t\t\t\t\t\t<\/div>\n\t\t\t\t\t<\/div>\n\t\t<\/section>\n\t\t\t\t\t\t<\/div>\n\t\t\t\t\t\t<\/div>\n\t\t\t\t\t<\/div>","protected":false},"excerpt":{"rendered":"<p>Teszt url: https:\/\/teszt-azonnalifizetes.hu\/HCT\/2\/1\/bic\/creditor%20name\/trade%20name\/iban\/HUF2500\/20231124100619%2B1-0100000\/purpose%20code\/remittance%20info\/Shop%20number.sub%20aggregator%20id.2.payee%20id.aggregator%20id\/merch%20dev\/invoice%20id\/customer%20id\/c03837ba130f498ab73ca4a8c4035a30\/loyalty%20id\/nav%20check%20id\/rt_.1a01.ZyEtpzndSrvxRRM-ne90lO_4MQGfX7vLzhv_EOBFazdSxzZ&#8211;AreUuVjbvEbH8vWr5oL_n4wYlFfqJadaTrsJVdcFnl77IaiiHX4JlQLj5pS3b8WS5WMm8Re4l7puvM8?x-callback-url=payerapp%3A%2F%2Ffizetes%2Fvisszahivas<\/p>","protected":false},"author":1,"featured_media":0,"parent":0,"menu_order":0,"comment_status":"closed","ping_status":"closed","template":"","meta":{"footnotes":""},"class_list":["post-5479","page","type-page","status-publish","hentry"],"yoast_head":"<!-- This site is optimized with the Yoast SEO plugin v25.2 - https:\/\/yoast.com\/wordpress\/plugins\/seo\/ -->\n<title>AFR test - Applion<\/title>\n<meta name=\"robots\" content=\"index, follow, max-snippet:-1, max-image-preview:large, max-video-preview:-1\" \/>\n<link rel=\"canonical\" href=\"https:\/\/applion.hu\/en\/afr-test\/\" \/>\n<meta property=\"og:locale\" content=\"en_GB\" \/>\n<meta property=\"og:type\" content=\"article\" \/>\n<meta property=\"og:title\" content=\"AFR test - Applion\" \/>\n<meta property=\"og:description\" content=\"Teszt url: https:\/\/teszt-azonnalifizetes.hu\/HCT\/2\/1\/bic\/creditor%20name\/trade%20name\/iban\/HUF2500\/20231124100619%2B1-0100000\/purpose%20code\/remittance%20info\/Shop%20number.sub%20aggregator%20id.2.payee%20id.aggregator%20id\/merch%20dev\/invoice%20id\/customer%20id\/c03837ba130f498ab73ca4a8c4035a30\/loyalty%20id\/nav%20check%20id\/rt_.1a01.ZyEtpzndSrvxRRM-ne90lO_4MQGfX7vLzhv_EOBFazdSxzZ&#8211;AreUuVjbvEbH8vWr5oL_n4wYlFfqJadaTrsJVdcFnl77IaiiHX4JlQLj5pS3b8WS5WMm8Re4l7puvM8?x-callback-url=payerapp%3A%2F%2Ffizetes%2Fvisszahivas\" \/>\n<meta property=\"og:url\" content=\"https:\/\/applion.hu\/en\/afr-test\/\" \/>\n<meta property=\"og:site_name\" content=\"Applion\" \/>\n<meta property=\"article:publisher\" content=\"https:\/\/www.facebook.com\/TeamApplion\" \/>\n<meta property=\"article:modified_time\" content=\"2023-11-24T09:08:34+00:00\" \/>\n<meta name=\"twitter:card\" content=\"summary_large_image\" \/>\n<meta name=\"twitter:label1\" content=\"Estimated reading time\" \/>\n\t<meta name=\"twitter:data1\" content=\"1 minute\" \/>\n<script type=\"application\/ld+json\" class=\"yoast-schema-graph\">{\"@context\":\"https:\/\/schema.org\",\"@graph\":[{\"@type\":\"WebPage\",\"@id\":\"https:\/\/applion.hu\/afr-test\/\",\"url\":\"https:\/\/applion.hu\/afr-test\/\",\"name\":\"AFR test - Applion\",\"isPartOf\":{\"@id\":\"https:\/\/applion.hu\/#website\"},\"datePublished\":\"2023-11-24T09:06:21+00:00\",\"dateModified\":\"2023-11-24T09:08:34+00:00\",\"breadcrumb\":{\"@id\":\"https:\/\/applion.hu\/afr-test\/#breadcrumb\"},\"inLanguage\":\"en-GB\",\"potentialAction\":[{\"@type\":\"ReadAction\",\"target\":[\"https:\/\/applion.hu\/afr-test\/\"]}]},{\"@type\":\"BreadcrumbList\",\"@id\":\"https:\/\/applion.hu\/afr-test\/#breadcrumb\",\"itemListElement\":[{\"@type\":\"ListItem\",\"position\":1,\"name\":\"Kezd\u0151lap\",\"item\":\"https:\/\/applion.hu\/\"},{\"@type\":\"ListItem\",\"position\":2,\"name\":\"AFR test\"}]},{\"@type\":\"WebSite\",\"@id\":\"https:\/\/applion.hu\/#website\",\"url\":\"https:\/\/applion.hu\/\",\"name\":\"Applion\",\"description\":\"Mobil megold\u00e1sok  21. sz\u00e1zadi v\u00e1llalatok sz\u00e1m\u00e1ra\",\"publisher\":{\"@id\":\"https:\/\/applion.hu\/#organization\"},\"potentialAction\":[{\"@type\":\"SearchAction\",\"target\":{\"@type\":\"EntryPoint\",\"urlTemplate\":\"https:\/\/applion.hu\/?s={search_term_string}\"},\"query-input\":{\"@type\":\"PropertyValueSpecification\",\"valueRequired\":true,\"valueName\":\"search_term_string\"}}],\"inLanguage\":\"en-GB\"},{\"@type\":\"Organization\",\"@id\":\"https:\/\/applion.hu\/#organization\",\"name\":\"Applion\",\"url\":\"https:\/\/applion.hu\/\",\"logo\":{\"@type\":\"ImageObject\",\"inLanguage\":\"en-GB\",\"@id\":\"https:\/\/applion.hu\/#\/schema\/logo\/image\/\",\"url\":\"https:\/\/applion.hu\/wp-content\/uploads\/2021\/11\/applion_logoo.svg\",\"contentUrl\":\"https:\/\/applion.hu\/wp-content\/uploads\/2021\/11\/applion_logoo.svg\",\"caption\":\"Applion\"},\"image\":{\"@id\":\"https:\/\/applion.hu\/#\/schema\/logo\/image\/\"},\"sameAs\":[\"https:\/\/www.facebook.com\/TeamApplion\",\"https:\/\/www.youtube.com\/channel\/UC6NN4K2DeEb42L7hu1DoOWQ\/featured\",\"https:\/\/www.linkedin.com\/company\/27241120\"]}]}<\/script>\n<!-- \/ Yoast SEO plugin. -->","yoast_head_json":{"title":"AFR test - Applion","robots":{"index":"index","follow":"follow","max-snippet":"max-snippet:-1","max-image-preview":"max-image-preview:large","max-video-preview":"max-video-preview:-1"},"canonical":"https:\/\/applion.hu\/en\/afr-test\/","og_locale":"en_GB","og_type":"article","og_title":"AFR test - Applion","og_description":"Teszt url: https:\/\/teszt-azonnalifizetes.hu\/HCT\/2\/1\/bic\/creditor%20name\/trade%20name\/iban\/HUF2500\/20231124100619%2B1-0100000\/purpose%20code\/remittance%20info\/Shop%20number.sub%20aggregator%20id.2.payee%20id.aggregator%20id\/merch%20dev\/invoice%20id\/customer%20id\/c03837ba130f498ab73ca4a8c4035a30\/loyalty%20id\/nav%20check%20id\/rt_.1a01.ZyEtpzndSrvxRRM-ne90lO_4MQGfX7vLzhv_EOBFazdSxzZ&#8211;AreUuVjbvEbH8vWr5oL_n4wYlFfqJadaTrsJVdcFnl77IaiiHX4JlQLj5pS3b8WS5WMm8Re4l7puvM8?x-callback-url=payerapp%3A%2F%2Ffizetes%2Fvisszahivas","og_url":"https:\/\/applion.hu\/en\/afr-test\/","og_site_name":"Applion","article_publisher":"https:\/\/www.facebook.com\/TeamApplion","article_modified_time":"2023-11-24T09:08:34+00:00","twitter_card":"summary_large_image","twitter_misc":{"Estimated reading time":"1 minute"},"schema":{"@context":"https:\/\/schema.org","@graph":[{"@type":"WebPage","@id":"https:\/\/applion.hu\/afr-test\/","url":"https:\/\/applion.hu\/afr-test\/","name":"AFR test - Applion","isPartOf":{"@id":"https:\/\/applion.hu\/#website"},"datePublished":"2023-11-24T09:06:21+00:00","dateModified":"2023-11-24T09:08:34+00:00","breadcrumb":{"@id":"https:\/\/applion.hu\/afr-test\/#breadcrumb"},"inLanguage":"en-GB","potentialAction":[{"@type":"ReadAction","target":["https:\/\/applion.hu\/afr-test\/"]}]},{"@type":"BreadcrumbList","@id":"https:\/\/applion.hu\/afr-test\/#breadcrumb","itemListElement":[{"@type":"ListItem","position":1,"name":"Kezd\u0151lap","item":"https:\/\/applion.hu\/"},{"@type":"ListItem","position":2,"name":"AFR test"}]},{"@type":"WebSite","@id":"https:\/\/applion.hu\/#website","url":"https:\/\/applion.hu\/","name":"Applion","description":"Mobil megold\u00e1sok  21. sz\u00e1zadi v\u00e1llalatok sz\u00e1m\u00e1ra","publisher":{"@id":"https:\/\/applion.hu\/#organization"},"potentialAction":[{"@type":"SearchAction","target":{"@type":"EntryPoint","urlTemplate":"https:\/\/applion.hu\/?s={search_term_string}"},"query-input":{"@type":"PropertyValueSpecification","valueRequired":true,"valueName":"search_term_string"}}],"inLanguage":"en-GB"},{"@type":"Organization","@id":"https:\/\/applion.hu\/#organization","name":"Applion","url":"https:\/\/applion.hu\/","logo":{"@type":"ImageObject","inLanguage":"en-GB","@id":"https:\/\/applion.hu\/#\/schema\/logo\/image\/","url":"https:\/\/applion.hu\/wp-content\/uploads\/2021\/11\/applion_logoo.svg","contentUrl":"https:\/\/applion.hu\/wp-content\/uploads\/2021\/11\/applion_logoo.svg","caption":"Applion"},"image":{"@id":"https:\/\/applion.hu\/#\/schema\/logo\/image\/"},"sameAs":["https:\/\/www.facebook.com\/TeamApplion","https:\/\/www.youtube.com\/channel\/UC6NN4K2DeEb42L7hu1DoOWQ\/featured","https:\/\/www.linkedin.com\/company\/27241120"]}]}},"_links":{"self":[{"href":"https:\/\/applion.hu\/en\/wp-json\/wp\/v2\/pages\/5479","targetHints":{"allow":["GET"]}}],"collection":[{"href":"https:\/\/applion.hu\/en\/wp-json\/wp\/v2\/pages"}],"about":[{"href":"https:\/\/applion.hu\/en\/wp-json\/wp\/v2\/types\/page"}],"author":[{"embeddable":true,"href":"https:\/\/applion.hu\/en\/wp-json\/wp\/v2\/users\/1"}],"replies":[{"embeddable":true,"href":"https:\/\/applion.hu\/en\/wp-json\/wp\/v2\/comments?post=5479"}],"version-history":[{"count":7,"href":"https:\/\/applion.hu\/en\/wp-json\/wp\/v2\/pages\/5479\/revisions"}],"predecessor-version":[{"id":5493,"href":"https:\/\/applion.hu\/en\/wp-json\/wp\/v2\/pages\/5479\/revisions\/5493"}],"wp:attachment":[{"href":"https:\/\/applion.hu\/en\/wp-json\/wp\/v2\/media?parent=5479"}],"curies":[{"name":"wp","href":"https:\/\/api.w.org\/{rel}","templated":true}]}}