{"id":5701,"date":"2024-05-17T07:03:41","date_gmt":"2024-05-17T07:03:41","guid":{"rendered":"https:\/\/applion.hu\/?page_id=5701"},"modified":"2024-05-17T08:15:41","modified_gmt":"2024-05-17T08:15:41","slug":"flutter-mobile-developer","status":"publish","type":"page","link":"https:\/\/applion.hu\/en\/jobs\/flutter-mobile-developer\/","title":{"rendered":"Flutter Mobil Developer"},"content":{"rendered":"<div data-elementor-type=\"wp-page\" data-elementor-id=\"5701\" class=\"elementor elementor-5701\" data-elementor-settings=\"[]\">\n\t\t\t\t\t\t<div class=\"elementor-inner\">\n\t\t\t\t\t\t\t<div class=\"elementor-section-wrap\">\n\t\t\t\t\t\t\t<section class=\"elementor-section elementor-top-section elementor-element elementor-element-520f0ed4 elementor-section-boxed elementor-section-height-default elementor-section-height-default\" data-id=\"520f0ed4\" data-element_type=\"section\">\n\t\t\t\t\t\t<div class=\"elementor-container elementor-column-gap-default\">\n\t\t\t\t\t\t\t<div class=\"elementor-row\">\n\t\t\t\t\t<div class=\"aux-parallax-section elementor-column elementor-col-100 elementor-top-column elementor-element elementor-element-4df89f29\" data-id=\"4df89f29\" data-element_type=\"column\">\n\t\t\t<div class=\"elementor-column-wrap elementor-element-populated\">\n\t\t\t\t\t\t\t<div class=\"elementor-widget-wrap\">\n\t\t\t\t\t\t<section class=\"elementor-section elementor-inner-section elementor-element elementor-element-16b8b28d elementor-section-boxed elementor-section-height-default elementor-section-height-default\" data-id=\"16b8b28d\" data-element_type=\"section\">\n\t\t\t\t\t\t<div class=\"elementor-container elementor-column-gap-default\">\n\t\t\t\t\t\t\t<div class=\"elementor-row\">\n\t\t\t\t\t<div class=\"aux-parallax-section elementor-column elementor-col-100 elementor-inner-column elementor-element elementor-element-3e75fa53\" data-id=\"3e75fa53\" data-element_type=\"column\" data-settings=\"{&quot;background_background&quot;:&quot;classic&quot;}\">\n\t\t\t<div class=\"elementor-column-wrap elementor-element-populated\">\n\t\t\t\t\t\t\t<div class=\"elementor-widget-wrap\">\n\t\t\t\t\t\t<div class=\"elementor-element elementor-element-6d653c4 elementor-widget elementor-widget-aux_simple_svg\" data-id=\"6d653c4\" data-element_type=\"widget\" data-widget_type=\"aux_simple_svg.default\">\n\t\t\t\t<div class=\"elementor-widget-container\">\n\t\t\t    <div class=\"aux-widget-container aux-simple-svg-container\">\n        <div class=\"aux-widget-container-inner\">\n            <div class=\"aux-the-svg\"><img decoding=\"async\" src=\"https:\/\/applion.hu\/wp-content\/uploads\/2024\/05\/ic_flutter_90.svg\" title=\"ic_flutter_90\" alt=\"ic_flutter_90\" \/><\/div>\n        <\/div>\n    <\/div>\n    \t\t<\/div>\n\t\t\t\t<\/div>\n\t\t\t\t<div class=\"elementor-element elementor-element-18adee22 elementor-widget elementor-widget-aux_modern_heading\" data-id=\"18adee22\" data-element_type=\"widget\" data-widget_type=\"aux_modern_heading.default\">\n\t\t\t\t<div class=\"elementor-widget-container\">\n\t\t\t<section class=\"aux-widget-modern-heading\">\n            <div class=\"aux-widget-inner\"><h1 class=\"aux-modern-heading-primary\">Flutter Mobil fejleszt\u0151<\/h1><\/div>\n        <\/section>\t\t<\/div>\n\t\t\t\t<\/div>\n\t\t\t\t<div class=\"elementor-element elementor-element-2602ba1 elementor-widget elementor-widget-aux_modern_heading\" data-id=\"2602ba1\" data-element_type=\"widget\" data-widget_type=\"aux_modern_heading.default\">\n\t\t\t\t<div class=\"elementor-widget-container\">\n\t\t\t<section class=\"aux-widget-modern-heading\">\n            <div class=\"aux-widget-inner\"><h2 class=\"aux-modern-heading-primary\">Short description<\/h2><div class=\"aux-modern-heading-description\"><p>Nat\u00edv mobil tapasztalattal rendelkez\u0151 Flutter fejleszt\u0151t keres\u00fcnk agilis csapatunkba, ak\u00e1r full homeoffice, r\u00e9szmunkaid\u0151 lehet\u0151s\u00e9ggel t\u00f6bb milli\u00f3s felhaszn\u00e1l\u00f3 sz\u00e1m\u00fa appok fejleszt\u00e9s\u00e9hez.<\/p><\/div><\/div>\n        <\/section>\t\t<\/div>\n\t\t\t\t<\/div>\n\t\t\t\t<div class=\"elementor-element elementor-element-1f7b26af elementor-widget elementor-widget-aux_modern_heading\" data-id=\"1f7b26af\" data-element_type=\"widget\" data-widget_type=\"aux_modern_heading.default\">\n\t\t\t\t<div class=\"elementor-widget-container\">\n\t\t\t<section class=\"aux-widget-modern-heading\">\n            <div class=\"aux-widget-inner\"><h2 class=\"aux-modern-heading-primary\">Expectations<\/h2><div class=\"aux-modern-heading-description\"><ul><li>Legal\u00e1bb 3 \u00e9v mobil (Android Kotlin VAGY iOS Swift) fejleszt\u0151i tapasztalat<\/li><li>Legal\u00e1bb 1 \u00e9v Flutter fejleszt\u0151i tapasztalat<\/li><li>Flutter framework \u00e9s a Dart nyelv alapos ismerete<\/li><li>Ig\u00e9nyes, letisztult, min\u0151s\u00e9gi k\u00f3dol\u00e1s, clean coding, design patternek haszn\u00e1lata<\/li><li>OOP mindset, SOLID elvek haszn\u00e1lata a k\u00f3dol\u00e1s sor\u00e1n<\/li><li>Good English skills<\/li><li>Az \u00e1tl\u00e1that\u00f3, k\u00f6nnyen tov\u00e1bbfejleszt\u0151 k\u00f3d k\u00e9sz\u00edt\u00e9se melyhez b\u00fcszk\u00e9n adod a neved<\/li><li>Agilis kanban m\u00f3dszer szerinti csapatmunka<\/li><li>A homeoffice miatt kiemelten elv\u00e1r\u00e1s az \u00f6n\u00e1ll\u00f3 probl\u00e9mamegold\u00f3lk\u00e9szs\u00e9g<\/li><\/ul><\/div><\/div>\n        <\/section>\t\t<\/div>\n\t\t\t\t<\/div>\n\t\t\t\t<div class=\"elementor-element elementor-element-5c8aedce elementor-widget elementor-widget-aux_modern_heading\" data-id=\"5c8aedce\" data-element_type=\"widget\" data-widget_type=\"aux_modern_heading.default\">\n\t\t\t\t<div class=\"elementor-widget-container\">\n\t\t\t<section class=\"aux-widget-modern-heading\">\n            <div class=\"aux-widget-inner\"><h2 class=\"aux-modern-heading-primary\">Mi\u00e9rt j\u00f3 n\u00e1lunk dolgozni?<\/h2><div class=\"aux-modern-heading-description\"><ul><li>Modern app desing-nal rendelkez\u0151 (Material 3), k\u00fcl\u00f6nleges cross platform Flutter alkalmaz\u00e1sok fejleszt\u00e9se Dart nyelven<\/li><li>R\u00e9szt vehetsz Magyarorsz\u00e1g legnagyobb felhaszn\u00e1l\u00f3sz\u00e1m\u00fa alkalmaz\u00e1sainak fejleszt\u00e9s\u00e9ben<\/li><li>Agilis, kis l\u00e9tsz\u00e1m\u00fa fejleszt\u0151 csapat, csal\u00e1dias l\u00e9gk\u00f6r<\/li><li>Rugalmas munkaid\u0151, ak\u00e1r full time home office<\/li><li>R\u00e9szmunkaid\u0151s lehet\u0151s\u00e9g (heti 20-40 \u00f3ra)<\/li><li>Tov\u00e1bbfejl\u0151d\u00e9si lehet\u0151s\u00e9g 10+ \u00e9ves tapasztalat\u00fa senior fejleszt\u0151k mellett<\/li><li>R\u00e9szt vehet az Applion saj\u00e1t term\u00e9k\u00e9nek fejleszt\u00e9s\u00e9ben (https:\/\/appworks.applion.hu)<\/li><li>Tov\u00e1bbi inform\u00e1ci\u00f3: https:\/\/applion.hu<\/li><li>Neked csak a min\u0151s\u00e9gi munk\u00e1val kell foglalkozni a build \/ deploy folyamatot CI\/CD rendszer\u00fcnk v\u00e9gzi: JIRA, Bitbucket, Bitrise, Slack<\/li><\/ul><\/div><\/div>\n        <\/section>\t\t<\/div>\n\t\t\t\t<\/div>\n\t\t\t\t<div class=\"elementor-element elementor-element-640e3818 elementor-widget elementor-widget-aux_modern_heading\" data-id=\"640e3818\" data-element_type=\"widget\" data-widget_type=\"aux_modern_heading.default\">\n\t\t\t\t<div class=\"elementor-widget-container\">\n\t\t\t<section class=\"aux-widget-modern-heading\">\n            <div class=\"aux-widget-inner\"><h2 class=\"aux-modern-heading-primary\">We can offer<\/h2><div class=\"aux-modern-heading-description\"><ul><li>Open-minded, supportive team with a good atmosphere<\/li><li>Interesting, challenging development projects<\/li><li>Opportunity to try out new platforms (Java Spring boot, Angular, React, Python)<\/li><li>Gain experience to be a full stack developer<\/li><li>Talented young team who wants to create awesome apps<\/li><\/ul><\/div><\/div>\n        <\/section>\t\t<\/div>\n\t\t\t\t<\/div>\n\t\t\t\t<div class=\"elementor-element elementor-element-eccc676 elementor-widget elementor-widget-aux_modern_heading\" data-id=\"eccc676\" data-element_type=\"widget\" data-widget_type=\"aux_modern_heading.default\">\n\t\t\t\t<div class=\"elementor-widget-container\">\n\t\t\t<section class=\"aux-widget-modern-heading\">\n            <div class=\"aux-widget-inner\"><h2 class=\"aux-modern-heading-primary\">Jelentkez\u00e9s<\/h2><div class=\"aux-modern-heading-description\"><ul><li>F\u00e9nyk\u00e9pes \u00f6n\u00e9letrajzzal a jobs@applion.hu c\u00edmen<\/li><\/ul><\/div><\/div>\n        <\/section>\t\t<\/div>\n\t\t\t\t<\/div>\n\t\t\t\t<div class=\"elementor-element elementor-element-22bcd4ed elementor-widget__width-auto elementor-widget elementor-widget-aux_modern_button\" data-id=\"22bcd4ed\" data-element_type=\"widget\" data-widget_type=\"aux_modern_button.default\">\n\t\t\t\t<div class=\"elementor-widget-container\">\n\t\t\t    <div class=\"aux-modern-button-wrapper aux-modern-button-align-left\" >\n                    <a class=\"aux-modern-button aux-black aux-modern-button-md aux-modern-button-normal aux-modern-button-default aux-icon-\" href=\"mailto: jobs@applion.hu\" target=\"_blank\">\n                <div class=\"aux-overlay\"><\/div>\n                                    <div class=\"aux-icon\">\n                                            <\/div>\n                                <div class=\"aux-text\">\n<span class=\"aux-text-before\">Apply<\/span>                <\/div>\n            <\/a>\n            \n    <\/div>\n\n    \t\t<\/div>\n\t\t\t\t<\/div>\n\t\t\t\t\t\t<\/div>\n\t\t\t\t\t<\/div>\n\t\t<\/div>\n\t\t\t\t\t\t\t\t<\/div>\n\t\t\t\t\t<\/div>\n\t\t<\/section>\n\t\t\t\t<div class=\"aux-scroll-anim elementor-element elementor-element-54018d8d elementor-widget__width-auto elementor-widget elementor-widget-aux_simple_svg\" data-move-in=\"fade\" data-move-out=\"moveVertical\" data-axis-x=\"200\" data-axis-y=\"100\" data-rotate=\"90\" data-scale=\"1\" data-vp-top=\"0.5\" data-vp-bot=\"0.5\" data-el-top=\"0.2\" data-scroll-animation-off=\"1024\" data-id=\"54018d8d\" data-element_type=\"widget\" data-widget_type=\"aux_simple_svg.default\">\n\t\t\t\t<div class=\"elementor-widget-container\">\n\t\t\t    <div class=\"aux-widget-container aux-simple-svg-container\">\n        <div class=\"aux-widget-container-inner\">\n            <div class=\"aux-the-svg\"><img decoding=\"async\" src=\"https:\/\/applion.hu\/wp-content\/uploads\/2021\/11\/paca.svg\" title=\"paca.svg\" alt=\"paca.svg\" \/><\/div>\n        <\/div>\n    <\/div>\n    \t\t<\/div>\n\t\t\t\t<\/div>\n\t\t\t\t<div class=\"aux-scroll-anim elementor-element elementor-element-3e6fa1f6 elementor-widget__width-auto elementor-widget elementor-widget-aux_simple_svg\" data-move-in=\"fade\" data-move-out=\"moveVertical\" data-axis-x=\"200\" data-axis-y=\"100\" data-rotate=\"90\" data-scale=\"1\" data-vp-top=\"0.5\" data-vp-bot=\"0.5\" data-el-top=\"0.2\" data-scroll-animation-off=\"1024\" data-id=\"3e6fa1f6\" data-element_type=\"widget\" data-widget_type=\"aux_simple_svg.default\">\n\t\t\t\t<div class=\"elementor-widget-container\">\n\t\t\t    <div class=\"aux-widget-container aux-simple-svg-container\">\n        <div class=\"aux-widget-container-inner\">\n            <div class=\"aux-the-svg\"><img decoding=\"async\" src=\"https:\/\/applion.hu\/wp-content\/uploads\/2021\/11\/paca.svg\" title=\"paca.svg\" alt=\"paca.svg\" \/><\/div>\n        <\/div>\n    <\/div>\n    \t\t<\/div>\n\t\t\t\t<\/div>\n\t\t\t\t\t\t<\/div>\n\t\t\t\t\t<\/div>\n\t\t<\/div>\n\t\t\t\t\t\t\t\t<\/div>\n\t\t\t\t\t<\/div>\n\t\t<\/section>\n\t\t\t\t\t\t<\/div>\n\t\t\t\t\t\t<\/div>\n\t\t\t\t\t<\/div>","protected":false},"excerpt":{"rendered":"<p>Flutter Mobil fejleszt\u0151 R\u00f6vid le\u00edr\u00e1s Nat\u00edv mobil tapasztalattal rendelkez\u0151 Flutter fejleszt\u0151t keres\u00fcnk agilis csapatunkba, ak\u00e1r full homeoffice, r\u00e9szmunkaid\u0151 lehet\u0151s\u00e9ggel t\u00f6bb milli\u00f3s felhaszn\u00e1l\u00f3 sz\u00e1m\u00fa appok fejleszt\u00e9s\u00e9hez. Elv\u00e1r\u00e1sok Legal\u00e1bb 3 \u00e9v mobil (Android Kotlin VAGY iOS Swift) fejleszt\u0151i tapasztalat Legal\u00e1bb 1 \u00e9v Flutter fejleszt\u0151i tapasztalat Flutter framework \u00e9s a Dart nyelv alapos ismerete Ig\u00e9nyes, letisztult, min\u0151s\u00e9gi k\u00f3dol\u00e1s, [&hellip;]<\/p>","protected":false},"author":1,"featured_media":0,"parent":449,"menu_order":0,"comment_status":"closed","ping_status":"closed","template":"","meta":{"footnotes":""},"class_list":["post-5701","page","type-page","status-publish","hentry"],"yoast_head":"<!-- This site is optimized with the Yoast SEO plugin v25.2 - https:\/\/yoast.com\/wordpress\/plugins\/seo\/ -->\n<title>Flutter Mobil Developer - Applion<\/title>\n<meta name=\"description\" content=\"Nat\u00edv mobil tapasztalattal rendelkez\u0151 Flutter fejleszt\u0151t keres\u00fcnk agilis csapatunkba, ak\u00e1r t\u00f6bb milli\u00f3s felhaszn\u00e1l\u00f3 sz\u00e1m\u00fa appok fejleszt\u00e9s\u00e9hez.\" \/>\n<meta name=\"robots\" content=\"index, follow, max-snippet:-1, max-image-preview:large, max-video-preview:-1\" \/>\n<link rel=\"canonical\" href=\"https:\/\/applion.hu\/en\/jobs\/flutter-mobile-developer\/\" \/>\n<meta property=\"og:locale\" content=\"en_GB\" \/>\n<meta property=\"og:type\" content=\"article\" \/>\n<meta property=\"og:title\" content=\"Android \/ Java Fejleszt\u0151\" \/>\n<meta property=\"og:description\" content=\"Java fejleszt\u0151ket keres\u00fcnk Android \u00e9s Java szerver k\u00f3dol\u00e1shoz.\" \/>\n<meta property=\"og:url\" content=\"https:\/\/applion.hu\/en\/jobs\/flutter-mobile-developer\/\" \/>\n<meta property=\"og:site_name\" content=\"Applion\" \/>\n<meta property=\"article:publisher\" content=\"https:\/\/www.facebook.com\/TeamApplion\" \/>\n<meta property=\"article:modified_time\" content=\"2024-05-17T08:15:41+00:00\" \/>\n<meta property=\"og:image\" content=\"https:\/\/applion.hu\/wp-content\/uploads\/2024\/05\/ic_flutter_90.svg\" \/>\n<meta name=\"twitter:card\" content=\"summary_large_image\" \/>\n<meta name=\"twitter:title\" content=\"Android \/ Java Fejleszt\u0151\" \/>\n<meta name=\"twitter:description\" content=\"Java fejleszt\u0151ket keres\u00fcnk Android \u00e9s Java szerver k\u00f3dol\u00e1shoz.\" \/>\n<meta name=\"twitter:label1\" content=\"Estimated reading time\" \/>\n\t<meta name=\"twitter:data1\" content=\"2 minutes\" \/>\n<script type=\"application\/ld+json\" class=\"yoast-schema-graph\">{\"@context\":\"https:\/\/schema.org\",\"@graph\":[{\"@type\":\"WebPage\",\"@id\":\"https:\/\/applion.hu\/jobs\/flutter-mobile-developer\/\",\"url\":\"https:\/\/applion.hu\/jobs\/flutter-mobile-developer\/\",\"name\":\"Flutter Mobil Developer - Applion\",\"isPartOf\":{\"@id\":\"https:\/\/applion.hu\/#website\"},\"primaryImageOfPage\":{\"@id\":\"https:\/\/applion.hu\/jobs\/flutter-mobile-developer\/#primaryimage\"},\"image\":{\"@id\":\"https:\/\/applion.hu\/jobs\/flutter-mobile-developer\/#primaryimage\"},\"thumbnailUrl\":\"https:\/\/applion.hu\/wp-content\/uploads\/2024\/05\/ic_flutter_90.svg\",\"datePublished\":\"2024-05-17T07:03:41+00:00\",\"dateModified\":\"2024-05-17T08:15:41+00:00\",\"description\":\"Nat\u00edv mobil tapasztalattal rendelkez\u0151 Flutter fejleszt\u0151t keres\u00fcnk agilis csapatunkba, ak\u00e1r t\u00f6bb milli\u00f3s felhaszn\u00e1l\u00f3 sz\u00e1m\u00fa appok fejleszt\u00e9s\u00e9hez.\",\"breadcrumb\":{\"@id\":\"https:\/\/applion.hu\/jobs\/flutter-mobile-developer\/#breadcrumb\"},\"inLanguage\":\"en-GB\",\"potentialAction\":[{\"@type\":\"ReadAction\",\"target\":[\"https:\/\/applion.hu\/jobs\/flutter-mobile-developer\/\"]}]},{\"@type\":\"ImageObject\",\"inLanguage\":\"en-GB\",\"@id\":\"https:\/\/applion.hu\/jobs\/flutter-mobile-developer\/#primaryimage\",\"url\":\"https:\/\/applion.hu\/wp-content\/uploads\/2024\/05\/ic_flutter_90.svg\",\"contentUrl\":\"https:\/\/applion.hu\/wp-content\/uploads\/2024\/05\/ic_flutter_90.svg\"},{\"@type\":\"BreadcrumbList\",\"@id\":\"https:\/\/applion.hu\/jobs\/flutter-mobile-developer\/#breadcrumb\",\"itemListElement\":[{\"@type\":\"ListItem\",\"position\":1,\"name\":\"Kezd\u0151lap\",\"item\":\"https:\/\/applion.hu\/\"},{\"@type\":\"ListItem\",\"position\":2,\"name\":\"Karrier\",\"item\":\"https:\/\/applion.hu\/jobs\/\"},{\"@type\":\"ListItem\",\"position\":3,\"name\":\"Flutter Mobil Developer\"}]},{\"@type\":\"WebSite\",\"@id\":\"https:\/\/applion.hu\/#website\",\"url\":\"https:\/\/applion.hu\/\",\"name\":\"Applion\",\"description\":\"Mobil megold\u00e1sok  21. sz\u00e1zadi v\u00e1llalatok sz\u00e1m\u00e1ra\",\"publisher\":{\"@id\":\"https:\/\/applion.hu\/#organization\"},\"potentialAction\":[{\"@type\":\"SearchAction\",\"target\":{\"@type\":\"EntryPoint\",\"urlTemplate\":\"https:\/\/applion.hu\/?s={search_term_string}\"},\"query-input\":{\"@type\":\"PropertyValueSpecification\",\"valueRequired\":true,\"valueName\":\"search_term_string\"}}],\"inLanguage\":\"en-GB\"},{\"@type\":\"Organization\",\"@id\":\"https:\/\/applion.hu\/#organization\",\"name\":\"Applion\",\"url\":\"https:\/\/applion.hu\/\",\"logo\":{\"@type\":\"ImageObject\",\"inLanguage\":\"en-GB\",\"@id\":\"https:\/\/applion.hu\/#\/schema\/logo\/image\/\",\"url\":\"https:\/\/applion.hu\/wp-content\/uploads\/2021\/11\/applion_logoo.svg\",\"contentUrl\":\"https:\/\/applion.hu\/wp-content\/uploads\/2021\/11\/applion_logoo.svg\",\"caption\":\"Applion\"},\"image\":{\"@id\":\"https:\/\/applion.hu\/#\/schema\/logo\/image\/\"},\"sameAs\":[\"https:\/\/www.facebook.com\/TeamApplion\",\"https:\/\/www.youtube.com\/channel\/UC6NN4K2DeEb42L7hu1DoOWQ\/featured\",\"https:\/\/www.linkedin.com\/company\/27241120\"]}]}<\/script>\n<!-- \/ Yoast SEO plugin. -->","yoast_head_json":{"title":"Flutter Mobil Developer - Applion","description":"Nat\u00edv mobil tapasztalattal rendelkez\u0151 Flutter fejleszt\u0151t keres\u00fcnk agilis csapatunkba, ak\u00e1r t\u00f6bb milli\u00f3s felhaszn\u00e1l\u00f3 sz\u00e1m\u00fa appok fejleszt\u00e9s\u00e9hez.","robots":{"index":"index","follow":"follow","max-snippet":"max-snippet:-1","max-image-preview":"max-image-preview:large","max-video-preview":"max-video-preview:-1"},"canonical":"https:\/\/applion.hu\/en\/jobs\/flutter-mobile-developer\/","og_locale":"en_GB","og_type":"article","og_title":"Android \/ Java Fejleszt\u0151","og_description":"Java fejleszt\u0151ket keres\u00fcnk Android \u00e9s Java szerver k\u00f3dol\u00e1shoz.","og_url":"https:\/\/applion.hu\/en\/jobs\/flutter-mobile-developer\/","og_site_name":"Applion","article_publisher":"https:\/\/www.facebook.com\/TeamApplion","article_modified_time":"2024-05-17T08:15:41+00:00","og_image":[{"url":"https:\/\/applion.hu\/wp-content\/uploads\/2024\/05\/ic_flutter_90.svg","type":"","width":"","height":""}],"twitter_card":"summary_large_image","twitter_title":"Android \/ Java Fejleszt\u0151","twitter_description":"Java fejleszt\u0151ket keres\u00fcnk Android \u00e9s Java szerver k\u00f3dol\u00e1shoz.","twitter_misc":{"Estimated reading time":"2 minutes"},"schema":{"@context":"https:\/\/schema.org","@graph":[{"@type":"WebPage","@id":"https:\/\/applion.hu\/jobs\/flutter-mobile-developer\/","url":"https:\/\/applion.hu\/jobs\/flutter-mobile-developer\/","name":"Flutter Mobil Developer - Applion","isPartOf":{"@id":"https:\/\/applion.hu\/#website"},"primaryImageOfPage":{"@id":"https:\/\/applion.hu\/jobs\/flutter-mobile-developer\/#primaryimage"},"image":{"@id":"https:\/\/applion.hu\/jobs\/flutter-mobile-developer\/#primaryimage"},"thumbnailUrl":"https:\/\/applion.hu\/wp-content\/uploads\/2024\/05\/ic_flutter_90.svg","datePublished":"2024-05-17T07:03:41+00:00","dateModified":"2024-05-17T08:15:41+00:00","description":"Nat\u00edv mobil tapasztalattal rendelkez\u0151 Flutter fejleszt\u0151t keres\u00fcnk agilis csapatunkba, ak\u00e1r t\u00f6bb milli\u00f3s felhaszn\u00e1l\u00f3 sz\u00e1m\u00fa appok fejleszt\u00e9s\u00e9hez.","breadcrumb":{"@id":"https:\/\/applion.hu\/jobs\/flutter-mobile-developer\/#breadcrumb"},"inLanguage":"en-GB","potentialAction":[{"@type":"ReadAction","target":["https:\/\/applion.hu\/jobs\/flutter-mobile-developer\/"]}]},{"@type":"ImageObject","inLanguage":"en-GB","@id":"https:\/\/applion.hu\/jobs\/flutter-mobile-developer\/#primaryimage","url":"https:\/\/applion.hu\/wp-content\/uploads\/2024\/05\/ic_flutter_90.svg","contentUrl":"https:\/\/applion.hu\/wp-content\/uploads\/2024\/05\/ic_flutter_90.svg"},{"@type":"BreadcrumbList","@id":"https:\/\/applion.hu\/jobs\/flutter-mobile-developer\/#breadcrumb","itemListElement":[{"@type":"ListItem","position":1,"name":"Kezd\u0151lap","item":"https:\/\/applion.hu\/"},{"@type":"ListItem","position":2,"name":"Karrier","item":"https:\/\/applion.hu\/jobs\/"},{"@type":"ListItem","position":3,"name":"Flutter Mobil Developer"}]},{"@type":"WebSite","@id":"https:\/\/applion.hu\/#website","url":"https:\/\/applion.hu\/","name":"Applion","description":"Mobil megold\u00e1sok  21. sz\u00e1zadi v\u00e1llalatok sz\u00e1m\u00e1ra","publisher":{"@id":"https:\/\/applion.hu\/#organization"},"potentialAction":[{"@type":"SearchAction","target":{"@type":"EntryPoint","urlTemplate":"https:\/\/applion.hu\/?s={search_term_string}"},"query-input":{"@type":"PropertyValueSpecification","valueRequired":true,"valueName":"search_term_string"}}],"inLanguage":"en-GB"},{"@type":"Organization","@id":"https:\/\/applion.hu\/#organization","name":"Applion","url":"https:\/\/applion.hu\/","logo":{"@type":"ImageObject","inLanguage":"en-GB","@id":"https:\/\/applion.hu\/#\/schema\/logo\/image\/","url":"https:\/\/applion.hu\/wp-content\/uploads\/2021\/11\/applion_logoo.svg","contentUrl":"https:\/\/applion.hu\/wp-content\/uploads\/2021\/11\/applion_logoo.svg","caption":"Applion"},"image":{"@id":"https:\/\/applion.hu\/#\/schema\/logo\/image\/"},"sameAs":["https:\/\/www.facebook.com\/TeamApplion","https:\/\/www.youtube.com\/channel\/UC6NN4K2DeEb42L7hu1DoOWQ\/featured","https:\/\/www.linkedin.com\/company\/27241120"]}]}},"_links":{"self":[{"href":"https:\/\/applion.hu\/en\/wp-json\/wp\/v2\/pages\/5701","targetHints":{"allow":["GET"]}}],"collection":[{"href":"https:\/\/applion.hu\/en\/wp-json\/wp\/v2\/pages"}],"about":[{"href":"https:\/\/applion.hu\/en\/wp-json\/wp\/v2\/types\/page"}],"author":[{"embeddable":true,"href":"https:\/\/applion.hu\/en\/wp-json\/wp\/v2\/users\/1"}],"replies":[{"embeddable":true,"href":"https:\/\/applion.hu\/en\/wp-json\/wp\/v2\/comments?post=5701"}],"version-history":[{"count":13,"href":"https:\/\/applion.hu\/en\/wp-json\/wp\/v2\/pages\/5701\/revisions"}],"predecessor-version":[{"id":5753,"href":"https:\/\/applion.hu\/en\/wp-json\/wp\/v2\/pages\/5701\/revisions\/5753"}],"up":[{"embeddable":true,"href":"https:\/\/applion.hu\/en\/wp-json\/wp\/v2\/pages\/449"}],"wp:attachment":[{"href":"https:\/\/applion.hu\/en\/wp-json\/wp\/v2\/media?parent=5701"}],"curies":[{"name":"wp","href":"https:\/\/api.w.org\/{rel}","templated":true}]}}