{"id":6341,"date":"2025-05-19T18:00:41","date_gmt":"2025-05-19T18:00:41","guid":{"rendered":"https:\/\/applion.hu\/?page_id=6341"},"modified":"2025-05-19T18:39:33","modified_gmt":"2025-05-19T18:39:33","slug":"it-business-analyst","status":"publish","type":"page","link":"https:\/\/applion.hu\/en\/jobs\/it-business-analyst\/","title":{"rendered":"IT Business Analyst"},"content":{"rendered":"<div data-elementor-type=\"wp-page\" data-elementor-id=\"6341\" class=\"elementor elementor-6341\" data-elementor-settings=\"[]\">\n\t\t\t\t\t\t<div class=\"elementor-inner\">\n\t\t\t\t\t\t\t<div class=\"elementor-section-wrap\">\n\t\t\t\t\t\t\t<section class=\"elementor-section elementor-top-section elementor-element elementor-element-520f0ed4 elementor-section-boxed elementor-section-height-default elementor-section-height-default\" data-id=\"520f0ed4\" data-element_type=\"section\">\n\t\t\t\t\t\t<div class=\"elementor-container elementor-column-gap-default\">\n\t\t\t\t\t\t\t<div class=\"elementor-row\">\n\t\t\t\t\t<div class=\"aux-parallax-section elementor-column elementor-col-100 elementor-top-column elementor-element elementor-element-4df89f29\" data-id=\"4df89f29\" data-element_type=\"column\">\n\t\t\t<div class=\"elementor-column-wrap elementor-element-populated\">\n\t\t\t\t\t\t\t<div class=\"elementor-widget-wrap\">\n\t\t\t\t\t\t<section class=\"elementor-section elementor-inner-section elementor-element elementor-element-16b8b28d elementor-section-boxed elementor-section-height-default elementor-section-height-default\" data-id=\"16b8b28d\" data-element_type=\"section\">\n\t\t\t\t\t\t<div class=\"elementor-container elementor-column-gap-default\">\n\t\t\t\t\t\t\t<div class=\"elementor-row\">\n\t\t\t\t\t<div class=\"aux-parallax-section elementor-column elementor-col-100 elementor-inner-column elementor-element elementor-element-3e75fa53\" data-id=\"3e75fa53\" data-element_type=\"column\" data-settings=\"{&quot;background_background&quot;:&quot;classic&quot;}\">\n\t\t\t<div class=\"elementor-column-wrap elementor-element-populated\">\n\t\t\t\t\t\t\t<div class=\"elementor-widget-wrap\">\n\t\t\t\t\t\t<div class=\"elementor-element elementor-element-6d653c4 elementor-widget elementor-widget-aux_simple_svg\" data-id=\"6d653c4\" data-element_type=\"widget\" data-widget_type=\"aux_simple_svg.default\">\n\t\t\t\t<div class=\"elementor-widget-container\">\n\t\t\t    <div class=\"aux-widget-container aux-simple-svg-container\">\n        <div class=\"aux-widget-container-inner\">\n            <div class=\"aux-the-svg\"><img decoding=\"async\" src=\"https:\/\/applion.hu\/wp-content\/uploads\/2021\/11\/Helyszini-munkavegzes-1.svg\" title=\"Helyszini-munkavegzes-1.svg\" alt=\"Helyszini-munkavegzes-1.svg\" \/><\/div>\n        <\/div>\n    <\/div>\n    \t\t<\/div>\n\t\t\t\t<\/div>\n\t\t\t\t<div class=\"elementor-element elementor-element-18adee22 elementor-widget elementor-widget-aux_modern_heading\" data-id=\"18adee22\" data-element_type=\"widget\" data-widget_type=\"aux_modern_heading.default\">\n\t\t\t\t<div class=\"elementor-widget-container\">\n\t\t\t<section class=\"aux-widget-modern-heading\">\n            <div class=\"aux-widget-inner\"><h1 class=\"aux-modern-heading-primary\">IT Business Analyst<\/h1><\/div>\n        <\/section>\t\t<\/div>\n\t\t\t\t<\/div>\n\t\t\t\t<div class=\"elementor-element elementor-element-2602ba1 elementor-widget elementor-widget-aux_modern_heading\" data-id=\"2602ba1\" data-element_type=\"widget\" data-widget_type=\"aux_modern_heading.default\">\n\t\t\t\t<div class=\"elementor-widget-container\">\n\t\t\t<section class=\"aux-widget-modern-heading\">\n            <div class=\"aux-widget-inner\"><h2 class=\"aux-modern-heading-primary\"><\/h2><div class=\"aux-modern-heading-description\"><p><span style=\"font-weight: 400;\">Szenved\u00e9lyed a digit\u00e1lis term\u00e9kek vil\u00e1ga, \u00e9s szeretn\u00e9l val\u00f3di hat\u00e1ssal lenni mobilalkalmaz\u00e1sok fejleszt\u00e9s\u00e9re? Magyar \u00e9s nemzetk\u00f6zi projektekhez keres\u00fcnk <strong>IT<\/strong> <\/span><b>Business Analyst<\/b><span style=\"font-weight: 400;\"> koll\u00e9g\u00e1t, aki seg\u00edt \u00fczleti ig\u00e9nyeket \u00e9rtelmezni, \u00e9s azokb\u00f3l vil\u00e1gos, fejleszt\u00e9sre k\u00e9sz specifik\u00e1ci\u00f3kat alkotni.<\/span><\/p><\/div><\/div>\n        <\/section>\t\t<\/div>\n\t\t\t\t<\/div>\n\t\t\t\t<div class=\"elementor-element elementor-element-5c8aedce elementor-widget elementor-widget-aux_modern_heading\" data-id=\"5c8aedce\" data-element_type=\"widget\" data-widget_type=\"aux_modern_heading.default\">\n\t\t\t\t<div class=\"elementor-widget-container\">\n\t\t\t<section class=\"aux-widget-modern-heading\">\n            <div class=\"aux-widget-inner\"><h2 class=\"aux-modern-heading-primary\">Mi\u00e9rt j\u00f3 n\u00e1lunk dolgozni?<\/h2><div class=\"aux-modern-heading-description\"><ul><li>Modern app desing-nal rendelkez\u0151 (Material 3), k\u00fcl\u00f6nleges cross platform Flutter \u00e9s nat\u00edv mobil alkalmaz\u00e1sokat tervezhetsz<\/li><li>R\u00e9szt vehetsz Magyarorsz\u00e1g legnagyobb felhaszn\u00e1l\u00f3sz\u00e1m\u00fa alkalmaz\u00e1sainak fejleszt\u00e9s\u00e9ben<\/li><li>Agilis, kis l\u00e9tsz\u00e1m\u00fa fejleszt\u0151 csapat, csal\u00e1dias l\u00e9gk\u00f6r<\/li><li>Rugalmas munkaid\u0151, ak\u00e1r full time home office<\/li><li>R\u00e9szmunkaid\u0151s lehet\u0151s\u00e9g (heti 20-40 \u00f3ra)<\/li><li>Tov\u00e1bbfejl\u0151d\u00e9si lehet\u0151s\u00e9g 10+ \u00e9ves tapasztalat\u00fa senior szakemberek mellett<\/li><li>R\u00e9szt vehet az Applion saj\u00e1t term\u00e9k\u00e9nek fejleszt\u00e9s\u00e9ben (https:\/\/appworks.applion.hu)<\/li><li>Tech stack: JIRA, Bitbucket, Bitrise, Slack<\/li><\/ul><\/div><\/div>\n        <\/section>\t\t<\/div>\n\t\t\t\t<\/div>\n\t\t\t\t<div class=\"elementor-element elementor-element-1f7b26af elementor-widget elementor-widget-aux_modern_heading\" data-id=\"1f7b26af\" data-element_type=\"widget\" data-widget_type=\"aux_modern_heading.default\">\n\t\t\t\t<div class=\"elementor-widget-container\">\n\t\t\t<section class=\"aux-widget-modern-heading\">\n            <div class=\"aux-widget-inner\"><h2 class=\"aux-modern-heading-primary\">Feladataid lesznek<\/h2><div class=\"aux-modern-heading-description\"><ul><li style=\"font-weight: 400;\" aria-level=\"1\"><span style=\"font-weight: 400;\">\u00dcgyf\u00e9lig\u00e9nyek felt\u00e9rk\u00e9pez\u00e9se, \u00fczleti probl\u00e9m\u00e1k elemz\u00e9se<\/span><\/li><li style=\"font-weight: 400;\" aria-level=\"1\"><span style=\"font-weight: 400;\">Funkcion\u00e1lis specifik\u00e1ci\u00f3k, felhaszn\u00e1l\u00f3i t\u00f6rt\u00e9netek, folyamatle\u00edr\u00e1sok \u00e9s mockupok k\u00e9sz\u00edt\u00e9se<\/span><\/li><li style=\"font-weight: 400;\" aria-level=\"1\"><span style=\"font-weight: 400;\">Egy\u00fcttm\u0171k\u00f6d\u00e9s UX\/UI designerekkel, hogy a felhaszn\u00e1l\u00f3i \u00e9lm\u00e9ny megfeleljen az \u00fczleti c\u00e9loknak<\/span><\/li><li style=\"font-weight: 400;\" aria-level=\"1\"><span style=\"font-weight: 400;\">Fejleszt\u0151csapat t\u00e1mogat\u00e1sa vil\u00e1gos, fejleszt\u00e9sre k\u00e9sz k\u00f6vetelm\u00e9nyekkel<\/span><\/li><li style=\"font-weight: 400;\" aria-level=\"1\"><span style=\"font-weight: 400;\">R\u00e9szv\u00e9tel backlog kezel\u00e9s\u00e9ben, prioriz\u00e1l\u00e1sban, sprint tervez\u00e9sben<\/span><\/li><li style=\"font-weight: 400;\" aria-level=\"1\"><span style=\"font-weight: 400;\">\u00dczleti \u00e9rt\u00e9k valid\u00e1l\u00e1sa: sz\u00e1ll\u00edtott megold\u00e1sok tesztel\u00e9se az elv\u00e1r\u00e1sokkal szemben<\/span><\/li><li style=\"font-weight: 400;\" aria-level=\"1\"><span style=\"font-weight: 400;\">Piaci trendek, felhaszn\u00e1l\u00f3i viselked\u00e9s \u00e9s visszajelz\u00e9sek elemz\u00e9se<\/span><\/li><\/ul><\/div><\/div>\n        <\/section>\t\t<\/div>\n\t\t\t\t<\/div>\n\t\t\t\t<div class=\"elementor-element elementor-element-eccc676 elementor-widget elementor-widget-aux_modern_heading\" data-id=\"eccc676\" data-element_type=\"widget\" data-widget_type=\"aux_modern_heading.default\">\n\t\t\t\t<div class=\"elementor-widget-container\">\n\t\t\t<section class=\"aux-widget-modern-heading\">\n            <div class=\"aux-widget-inner\"><h2 class=\"aux-modern-heading-primary\">Jelentkez\u00e9s<\/h2><div class=\"aux-modern-heading-description\"><ul><li>F\u00e9nyk\u00e9pes \u00f6n\u00e9letrajzzal a jobs@applion.hu c\u00edmen<\/li><\/ul><\/div><\/div>\n        <\/section>\t\t<\/div>\n\t\t\t\t<\/div>\n\t\t\t\t<div class=\"elementor-element elementor-element-22bcd4ed elementor-widget__width-auto elementor-widget elementor-widget-aux_modern_button\" data-id=\"22bcd4ed\" data-element_type=\"widget\" data-widget_type=\"aux_modern_button.default\">\n\t\t\t\t<div class=\"elementor-widget-container\">\n\t\t\t    <div class=\"aux-modern-button-wrapper aux-modern-button-align-left\" >\n                    <a class=\"aux-modern-button aux-black aux-modern-button-md aux-modern-button-normal aux-modern-button-default aux-icon-\" href=\"mailto: jobs@applion.hu\" target=\"_blank\">\n                <div class=\"aux-overlay\"><\/div>\n                                    <div class=\"aux-icon\">\n                                            <\/div>\n                                <div class=\"aux-text\">\n<span class=\"aux-text-before\">Apply<\/span>                <\/div>\n            <\/a>\n            \n    <\/div>\n\n    \t\t<\/div>\n\t\t\t\t<\/div>\n\t\t\t\t\t\t<\/div>\n\t\t\t\t\t<\/div>\n\t\t<\/div>\n\t\t\t\t\t\t\t\t<\/div>\n\t\t\t\t\t<\/div>\n\t\t<\/section>\n\t\t\t\t<div class=\"aux-scroll-anim elementor-element elementor-element-54018d8d elementor-widget__width-auto elementor-widget elementor-widget-aux_simple_svg\" data-move-in=\"fade\" data-move-out=\"moveVertical\" data-axis-x=\"200\" data-axis-y=\"100\" data-rotate=\"90\" data-scale=\"1\" data-vp-top=\"0.5\" data-vp-bot=\"0.5\" data-el-top=\"0.2\" data-scroll-animation-off=\"1024\" data-id=\"54018d8d\" data-element_type=\"widget\" data-widget_type=\"aux_simple_svg.default\">\n\t\t\t\t<div class=\"elementor-widget-container\">\n\t\t\t    <div class=\"aux-widget-container aux-simple-svg-container\">\n        <div class=\"aux-widget-container-inner\">\n            <div class=\"aux-the-svg\"><img decoding=\"async\" src=\"https:\/\/applion.hu\/wp-content\/uploads\/2021\/11\/paca.svg\" title=\"paca.svg\" alt=\"paca.svg\" \/><\/div>\n        <\/div>\n    <\/div>\n    \t\t<\/div>\n\t\t\t\t<\/div>\n\t\t\t\t<div class=\"aux-scroll-anim elementor-element elementor-element-3e6fa1f6 elementor-widget__width-auto elementor-widget elementor-widget-aux_simple_svg\" data-move-in=\"fade\" data-move-out=\"moveVertical\" data-axis-x=\"200\" data-axis-y=\"100\" data-rotate=\"90\" data-scale=\"1\" data-vp-top=\"0.5\" data-vp-bot=\"0.5\" data-el-top=\"0.2\" data-scroll-animation-off=\"1024\" data-id=\"3e6fa1f6\" data-element_type=\"widget\" data-widget_type=\"aux_simple_svg.default\">\n\t\t\t\t<div class=\"elementor-widget-container\">\n\t\t\t    <div class=\"aux-widget-container aux-simple-svg-container\">\n        <div class=\"aux-widget-container-inner\">\n            <div class=\"aux-the-svg\"><img decoding=\"async\" src=\"https:\/\/applion.hu\/wp-content\/uploads\/2021\/11\/paca.svg\" title=\"paca.svg\" alt=\"paca.svg\" \/><\/div>\n        <\/div>\n    <\/div>\n    \t\t<\/div>\n\t\t\t\t<\/div>\n\t\t\t\t\t\t<\/div>\n\t\t\t\t\t<\/div>\n\t\t<\/div>\n\t\t\t\t\t\t\t\t<\/div>\n\t\t\t\t\t<\/div>\n\t\t<\/section>\n\t\t\t\t\t\t<\/div>\n\t\t\t\t\t\t<\/div>\n\t\t\t\t\t<\/div>","protected":false},"excerpt":{"rendered":"<p>IT Business Analyst Szenved\u00e9lyed a digit\u00e1lis term\u00e9kek vil\u00e1ga, \u00e9s szeretn\u00e9l val\u00f3di hat\u00e1ssal lenni mobilalkalmaz\u00e1sok fejleszt\u00e9s\u00e9re? Magyar \u00e9s nemzetk\u00f6zi projektekhez keres\u00fcnk IT Business Analyst koll\u00e9g\u00e1t, aki seg\u00edt \u00fczleti ig\u00e9nyeket \u00e9rtelmezni, \u00e9s azokb\u00f3l vil\u00e1gos, fejleszt\u00e9sre k\u00e9sz specifik\u00e1ci\u00f3kat alkotni. Mi\u00e9rt j\u00f3 n\u00e1lunk dolgozni? Modern app desing-nal rendelkez\u0151 (Material 3), k\u00fcl\u00f6nleges cross platform Flutter \u00e9s nat\u00edv mobil alkalmaz\u00e1sokat tervezhetsz [&hellip;]<\/p>","protected":false},"author":1,"featured_media":0,"parent":449,"menu_order":0,"comment_status":"closed","ping_status":"closed","template":"","meta":{"footnotes":""},"class_list":["post-6341","page","type-page","status-publish","hentry"],"yoast_head":"<!-- This site is optimized with the Yoast SEO plugin v25.2 - https:\/\/yoast.com\/wordpress\/plugins\/seo\/ -->\n<title>IT Business Analyst - Applion<\/title>\n<meta name=\"description\" content=\"Nat\u00edv mobil tapasztalattal rendelkez\u0151 Flutter fejleszt\u0151t keres\u00fcnk agilis csapatunkba, ak\u00e1r t\u00f6bb milli\u00f3s felhaszn\u00e1l\u00f3 sz\u00e1m\u00fa appok fejleszt\u00e9s\u00e9hez.\" \/>\n<meta name=\"robots\" content=\"index, follow, max-snippet:-1, max-image-preview:large, max-video-preview:-1\" \/>\n<link rel=\"canonical\" href=\"https:\/\/applion.hu\/en\/jobs\/it-business-analyst\/\" \/>\n<meta property=\"og:locale\" content=\"en_GB\" \/>\n<meta property=\"og:type\" content=\"article\" \/>\n<meta property=\"og:title\" content=\"Android \/ Java Fejleszt\u0151\" \/>\n<meta property=\"og:description\" content=\"Java fejleszt\u0151ket keres\u00fcnk Android \u00e9s Java szerver k\u00f3dol\u00e1shoz.\" \/>\n<meta property=\"og:url\" content=\"https:\/\/applion.hu\/en\/jobs\/it-business-analyst\/\" \/>\n<meta property=\"og:site_name\" content=\"Applion\" \/>\n<meta property=\"article:publisher\" content=\"https:\/\/www.facebook.com\/TeamApplion\" \/>\n<meta property=\"article:modified_time\" content=\"2025-05-19T18:39:33+00:00\" \/>\n<meta property=\"og:image\" content=\"https:\/\/applion.hu\/wp-content\/uploads\/2021\/11\/Helyszini-munkavegzes-1.svg\" \/>\n<meta name=\"twitter:card\" content=\"summary_large_image\" \/>\n<meta name=\"twitter:title\" content=\"Android \/ Java Fejleszt\u0151\" \/>\n<meta name=\"twitter:description\" content=\"Java fejleszt\u0151ket keres\u00fcnk Android \u00e9s Java szerver k\u00f3dol\u00e1shoz.\" \/>\n<meta name=\"twitter:label1\" content=\"Estimated reading time\" \/>\n\t<meta name=\"twitter:data1\" content=\"2 minutes\" \/>\n<script type=\"application\/ld+json\" class=\"yoast-schema-graph\">{\"@context\":\"https:\/\/schema.org\",\"@graph\":[{\"@type\":\"WebPage\",\"@id\":\"https:\/\/applion.hu\/jobs\/it-business-analyst\/\",\"url\":\"https:\/\/applion.hu\/jobs\/it-business-analyst\/\",\"name\":\"IT Business Analyst - Applion\",\"isPartOf\":{\"@id\":\"https:\/\/applion.hu\/#website\"},\"primaryImageOfPage\":{\"@id\":\"https:\/\/applion.hu\/jobs\/it-business-analyst\/#primaryimage\"},\"image\":{\"@id\":\"https:\/\/applion.hu\/jobs\/it-business-analyst\/#primaryimage\"},\"thumbnailUrl\":\"https:\/\/applion.hu\/wp-content\/uploads\/2021\/11\/Helyszini-munkavegzes-1.svg\",\"datePublished\":\"2025-05-19T18:00:41+00:00\",\"dateModified\":\"2025-05-19T18:39:33+00:00\",\"description\":\"Nat\u00edv mobil tapasztalattal rendelkez\u0151 Flutter fejleszt\u0151t keres\u00fcnk agilis csapatunkba, ak\u00e1r t\u00f6bb milli\u00f3s felhaszn\u00e1l\u00f3 sz\u00e1m\u00fa appok fejleszt\u00e9s\u00e9hez.\",\"breadcrumb\":{\"@id\":\"https:\/\/applion.hu\/jobs\/it-business-analyst\/#breadcrumb\"},\"inLanguage\":\"en-GB\",\"potentialAction\":[{\"@type\":\"ReadAction\",\"target\":[\"https:\/\/applion.hu\/jobs\/it-business-analyst\/\"]}]},{\"@type\":\"ImageObject\",\"inLanguage\":\"en-GB\",\"@id\":\"https:\/\/applion.hu\/jobs\/it-business-analyst\/#primaryimage\",\"url\":\"https:\/\/applion.hu\/wp-content\/uploads\/2021\/11\/Helyszini-munkavegzes-1.svg\",\"contentUrl\":\"https:\/\/applion.hu\/wp-content\/uploads\/2021\/11\/Helyszini-munkavegzes-1.svg\"},{\"@type\":\"BreadcrumbList\",\"@id\":\"https:\/\/applion.hu\/jobs\/it-business-analyst\/#breadcrumb\",\"itemListElement\":[{\"@type\":\"ListItem\",\"position\":1,\"name\":\"Kezd\u0151lap\",\"item\":\"https:\/\/applion.hu\/\"},{\"@type\":\"ListItem\",\"position\":2,\"name\":\"Karrier\",\"item\":\"https:\/\/applion.hu\/jobs\/\"},{\"@type\":\"ListItem\",\"position\":3,\"name\":\"IT Business Analyst\"}]},{\"@type\":\"WebSite\",\"@id\":\"https:\/\/applion.hu\/#website\",\"url\":\"https:\/\/applion.hu\/\",\"name\":\"Applion\",\"description\":\"Mobil megold\u00e1sok  21. sz\u00e1zadi v\u00e1llalatok sz\u00e1m\u00e1ra\",\"publisher\":{\"@id\":\"https:\/\/applion.hu\/#organization\"},\"potentialAction\":[{\"@type\":\"SearchAction\",\"target\":{\"@type\":\"EntryPoint\",\"urlTemplate\":\"https:\/\/applion.hu\/?s={search_term_string}\"},\"query-input\":{\"@type\":\"PropertyValueSpecification\",\"valueRequired\":true,\"valueName\":\"search_term_string\"}}],\"inLanguage\":\"en-GB\"},{\"@type\":\"Organization\",\"@id\":\"https:\/\/applion.hu\/#organization\",\"name\":\"Applion\",\"url\":\"https:\/\/applion.hu\/\",\"logo\":{\"@type\":\"ImageObject\",\"inLanguage\":\"en-GB\",\"@id\":\"https:\/\/applion.hu\/#\/schema\/logo\/image\/\",\"url\":\"https:\/\/applion.hu\/wp-content\/uploads\/2021\/11\/applion_logoo.svg\",\"contentUrl\":\"https:\/\/applion.hu\/wp-content\/uploads\/2021\/11\/applion_logoo.svg\",\"caption\":\"Applion\"},\"image\":{\"@id\":\"https:\/\/applion.hu\/#\/schema\/logo\/image\/\"},\"sameAs\":[\"https:\/\/www.facebook.com\/TeamApplion\",\"https:\/\/www.youtube.com\/channel\/UC6NN4K2DeEb42L7hu1DoOWQ\/featured\",\"https:\/\/www.linkedin.com\/company\/27241120\"]}]}<\/script>\n<!-- \/ Yoast SEO plugin. -->","yoast_head_json":{"title":"IT Business Analyst - Applion","description":"Nat\u00edv mobil tapasztalattal rendelkez\u0151 Flutter fejleszt\u0151t keres\u00fcnk agilis csapatunkba, ak\u00e1r t\u00f6bb milli\u00f3s felhaszn\u00e1l\u00f3 sz\u00e1m\u00fa appok fejleszt\u00e9s\u00e9hez.","robots":{"index":"index","follow":"follow","max-snippet":"max-snippet:-1","max-image-preview":"max-image-preview:large","max-video-preview":"max-video-preview:-1"},"canonical":"https:\/\/applion.hu\/en\/jobs\/it-business-analyst\/","og_locale":"en_GB","og_type":"article","og_title":"Android \/ Java Fejleszt\u0151","og_description":"Java fejleszt\u0151ket keres\u00fcnk Android \u00e9s Java szerver k\u00f3dol\u00e1shoz.","og_url":"https:\/\/applion.hu\/en\/jobs\/it-business-analyst\/","og_site_name":"Applion","article_publisher":"https:\/\/www.facebook.com\/TeamApplion","article_modified_time":"2025-05-19T18:39:33+00:00","og_image":[{"url":"https:\/\/applion.hu\/wp-content\/uploads\/2021\/11\/Helyszini-munkavegzes-1.svg","type":"","width":"","height":""}],"twitter_card":"summary_large_image","twitter_title":"Android \/ Java Fejleszt\u0151","twitter_description":"Java fejleszt\u0151ket keres\u00fcnk Android \u00e9s Java szerver k\u00f3dol\u00e1shoz.","twitter_misc":{"Estimated reading time":"2 minutes"},"schema":{"@context":"https:\/\/schema.org","@graph":[{"@type":"WebPage","@id":"https:\/\/applion.hu\/jobs\/it-business-analyst\/","url":"https:\/\/applion.hu\/jobs\/it-business-analyst\/","name":"IT Business Analyst - Applion","isPartOf":{"@id":"https:\/\/applion.hu\/#website"},"primaryImageOfPage":{"@id":"https:\/\/applion.hu\/jobs\/it-business-analyst\/#primaryimage"},"image":{"@id":"https:\/\/applion.hu\/jobs\/it-business-analyst\/#primaryimage"},"thumbnailUrl":"https:\/\/applion.hu\/wp-content\/uploads\/2021\/11\/Helyszini-munkavegzes-1.svg","datePublished":"2025-05-19T18:00:41+00:00","dateModified":"2025-05-19T18:39:33+00:00","description":"Nat\u00edv mobil tapasztalattal rendelkez\u0151 Flutter fejleszt\u0151t keres\u00fcnk agilis csapatunkba, ak\u00e1r t\u00f6bb milli\u00f3s felhaszn\u00e1l\u00f3 sz\u00e1m\u00fa appok fejleszt\u00e9s\u00e9hez.","breadcrumb":{"@id":"https:\/\/applion.hu\/jobs\/it-business-analyst\/#breadcrumb"},"inLanguage":"en-GB","potentialAction":[{"@type":"ReadAction","target":["https:\/\/applion.hu\/jobs\/it-business-analyst\/"]}]},{"@type":"ImageObject","inLanguage":"en-GB","@id":"https:\/\/applion.hu\/jobs\/it-business-analyst\/#primaryimage","url":"https:\/\/applion.hu\/wp-content\/uploads\/2021\/11\/Helyszini-munkavegzes-1.svg","contentUrl":"https:\/\/applion.hu\/wp-content\/uploads\/2021\/11\/Helyszini-munkavegzes-1.svg"},{"@type":"BreadcrumbList","@id":"https:\/\/applion.hu\/jobs\/it-business-analyst\/#breadcrumb","itemListElement":[{"@type":"ListItem","position":1,"name":"Kezd\u0151lap","item":"https:\/\/applion.hu\/"},{"@type":"ListItem","position":2,"name":"Karrier","item":"https:\/\/applion.hu\/jobs\/"},{"@type":"ListItem","position":3,"name":"IT Business Analyst"}]},{"@type":"WebSite","@id":"https:\/\/applion.hu\/#website","url":"https:\/\/applion.hu\/","name":"Applion","description":"Mobil megold\u00e1sok  21. sz\u00e1zadi v\u00e1llalatok sz\u00e1m\u00e1ra","publisher":{"@id":"https:\/\/applion.hu\/#organization"},"potentialAction":[{"@type":"SearchAction","target":{"@type":"EntryPoint","urlTemplate":"https:\/\/applion.hu\/?s={search_term_string}"},"query-input":{"@type":"PropertyValueSpecification","valueRequired":true,"valueName":"search_term_string"}}],"inLanguage":"en-GB"},{"@type":"Organization","@id":"https:\/\/applion.hu\/#organization","name":"Applion","url":"https:\/\/applion.hu\/","logo":{"@type":"ImageObject","inLanguage":"en-GB","@id":"https:\/\/applion.hu\/#\/schema\/logo\/image\/","url":"https:\/\/applion.hu\/wp-content\/uploads\/2021\/11\/applion_logoo.svg","contentUrl":"https:\/\/applion.hu\/wp-content\/uploads\/2021\/11\/applion_logoo.svg","caption":"Applion"},"image":{"@id":"https:\/\/applion.hu\/#\/schema\/logo\/image\/"},"sameAs":["https:\/\/www.facebook.com\/TeamApplion","https:\/\/www.youtube.com\/channel\/UC6NN4K2DeEb42L7hu1DoOWQ\/featured","https:\/\/www.linkedin.com\/company\/27241120"]}]}},"_links":{"self":[{"href":"https:\/\/applion.hu\/en\/wp-json\/wp\/v2\/pages\/6341","targetHints":{"allow":["GET"]}}],"collection":[{"href":"https:\/\/applion.hu\/en\/wp-json\/wp\/v2\/pages"}],"about":[{"href":"https:\/\/applion.hu\/en\/wp-json\/wp\/v2\/types\/page"}],"author":[{"embeddable":true,"href":"https:\/\/applion.hu\/en\/wp-json\/wp\/v2\/users\/1"}],"replies":[{"embeddable":true,"href":"https:\/\/applion.hu\/en\/wp-json\/wp\/v2\/comments?post=6341"}],"version-history":[{"count":10,"href":"https:\/\/applion.hu\/en\/wp-json\/wp\/v2\/pages\/6341\/revisions"}],"predecessor-version":[{"id":6365,"href":"https:\/\/applion.hu\/en\/wp-json\/wp\/v2\/pages\/6341\/revisions\/6365"}],"up":[{"embeddable":true,"href":"https:\/\/applion.hu\/en\/wp-json\/wp\/v2\/pages\/449"}],"wp:attachment":[{"href":"https:\/\/applion.hu\/en\/wp-json\/wp\/v2\/media?parent=6341"}],"curies":[{"name":"wp","href":"https:\/\/api.w.org\/{rel}","templated":true}]}}